{"id":28718,"date":"2021-06-23T13:25:24","date_gmt":"2021-06-23T11:25:24","guid":{"rendered":"https:\/\/thesilentroute.com\/about-us\/"},"modified":"2022-03-21T17:14:45","modified_gmt":"2022-03-21T15:14:45","slug":"about-us","status":"publish","type":"page","link":"https:\/\/thesilentroute.com\/en\/about-us\/","title":{"rendered":"About us"},"content":{"rendered":"<section class=\"l-section wpb_row height_large\"><div class=\"l-section-h i-cf\"><div class=\"g-cols vc_row via_flex valign_top type_default stacking_default\"><div class=\"vc_col-sm-12 wpb_column vc_column_container\"><div class=\"vc_column-inner\"><div class=\"wpb_wrapper\"><div class=\"w-separator size_medium with_line width_default thick_1 style_solid color_border align_center with_text with_content\"><div class=\"w-separator-h\"><h3 class=\"w-separator-text\"><span>About us<\/span><\/h3><\/div><\/div><div class=\"wpb_text_column\"><div class=\"wpb_wrapper\"><p>The <em>Comarca<\/em> (or district) of Andorra, Sierra de Arcos and Comarca of the Maestrazgo share the route of the A-1702 road, a road which, in itself, is already a tourist attraction. In 63 kilometres, its route goes through some of the most beautiful and rugged landscapes of Teruel province; it leads into an incredible heritage of natural spaces; it runs through villages with age-old history and it is necessary relish it calmly.<\/p>\n<p>Being aware of this, we have placed great value on it and we want to make it known. \u00a0And so, THE SILENT ROUTE was born, a panoramic road where the important thing is to enjoy, drive slowly to feel the greatness of the landscapes that you are going to encounter, stop in each village, and get excited with this natural, spectacular view. In short, practice \u201cslowdriving\u201d and let yourself be captivated by all the sensations that this road offers. \u00a0No matter what vehicle you drive, the low-volume traffic and the silence will allow you to enjoy it in any of them.<\/p>\n<p>Don\u2019t hesitate, if you want a complete experience, take THE SILENT ROUTE.<\/p>\n<\/div><\/div><div class=\"w-separator size_medium with_line width_default thick_1 style_solid color_border align_center with_text with_content\"><div class=\"w-separator-h\"><h3 class=\"w-separator-text\"><span>Credits<\/span><\/h3><\/div><\/div><div class=\"wpb_text_column\"><div class=\"wpb_wrapper\"><p><span style=\"font-weight: 400;\">Photography: Antonio Delgado, \u00a0Archivo comarcas Andorra-Sierra de Arcos y Maestrazgo, Jos\u00e9 Luis Lagares. <\/span><\/p>\n<p><span style=\"font-weight: 400;\">Videos: V\u00edctor Mart\u00ednez Mart\u00ed<\/span><\/p>\n<p><span style=\"font-weight: 400;\">Texts: T\u00e9cnicas de Cultura y Turismo de las comarcas de Andorra-Sierra de Arcos y Maestrazgo.<\/span><\/p>\n<p><span style=\"font-weight: 400;\">Website development: PRAMES<\/span><\/p>\n<p>This website has been made possible thanks to the contribution of the Comarcas of the Maestrazgo and Andorra Sierra de Arcos, of <em>Fondo de Inversiones de Teruel<\/em> (FITE) and of the Government of Aragon.<\/p>\n<\/div><\/div><div class=\"w-separator size_medium with_line width_default thick_1 style_solid color_border align_center with_text with_content\"><div class=\"w-separator-h\"><h3 class=\"w-separator-text\"><span>Contact data<\/span><\/h3><\/div><\/div><div class=\"wpb_text_column\"><div class=\"wpb_wrapper\"><p><span style=\"font-weight: 400;\">COMARCA DEL MAESTRAZGO<br \/>\n<\/span><span style=\"font-weight: 400;\">C\/ Las tres Bail\u00edas, 7, 44140 Cantavieja (Teruel)<br \/>\n<\/span><span style=\"font-weight: 400;\">(T) 964 185 242<br \/>\n<\/span><span style=\"font-weight: 400;\">E-mail: <\/span><span style=\"font-weight: 400;\"><a href=\"mailto:turismo@comarcamaestrazgo.org\">turismo@comarcamaestrazgo.org<br \/>\n<\/a><\/span><a href=\"http:\/\/www.turismomaestrazgo.org\" target=\"_blank\" rel=\"noopener\">www.turismomaestrazgo.org<\/a><\/p>\n<p><span style=\"font-weight: 400;\">COMARCA DE ANDORRA-SIERRA DE ARCOS<br \/>\n<\/span><span style=\"font-weight: 400;\">Calle Candela, 2, 44500 Andorra (Teruel)<br \/>\n<\/span><span style=\"font-weight: 400;\">(T) 978 844 336<br \/>\n<\/span><span style=\"font-weight: 400;\">E-mail: turismoycultura@andorrasierradearcos.com<br \/>\n<\/span><a href=\"http:\/\/www.turismoandorrasierradearcos.com\" target=\"_blank\" rel=\"noopener\"><span style=\"font-weight: 400;\">www.turismoandorrasierradearcos.com<\/span><\/a><\/p>\n<\/div><\/div><\/div><\/div><\/div><\/div><\/div><\/section>\n","protected":false},"excerpt":{"rendered":"About usThe Comarca (or district) of Andorra, Sierra de Arcos and Comarca of the Maestrazgo share the route of the A-1702 road, a road which, in itself, is already a tourist attraction. In 63 kilometres, its route goes through some of the most beautiful and rugged landscapes of Teruel province; it leads into an incredible...","protected":false},"author":1,"featured_media":29798,"parent":0,"menu_order":0,"comment_status":"closed","ping_status":"closed","template":"","meta":{"_monsterinsights_skip_tracking":false,"_monsterinsights_sitenote_active":false,"_monsterinsights_sitenote_note":"","_monsterinsights_sitenote_category":0,"footnotes":""},"class_list":["post-28718","page","type-page","status-publish","has-post-thumbnail","hentry"],"yoast_head":"<!-- This site is optimized with the Yoast SEO plugin v27.2 - https:\/\/yoast.com\/product\/yoast-seo-wordpress\/ -->\n<title>About us - Silent Route<\/title>\n<meta name=\"robots\" content=\"index, follow, max-snippet:-1, max-image-preview:large, max-video-preview:-1\" \/>\n<link rel=\"canonical\" href=\"https:\/\/thesilentroute.com\/en\/about-us\/\" \/>\n<meta property=\"og:locale\" content=\"en_US\" \/>\n<meta property=\"og:type\" content=\"article\" \/>\n<meta property=\"og:title\" content=\"About us - Silent Route\" \/>\n<meta property=\"og:url\" content=\"https:\/\/thesilentroute.com\/en\/about-us\/\" \/>\n<meta property=\"og:site_name\" content=\"Silent Route\" \/>\n<meta property=\"article:publisher\" content=\"https:\/\/www.facebook.com\/TheSilentRouteMaestrazgo\/\" \/>\n<meta property=\"article:modified_time\" content=\"2022-03-21T15:14:45+00:00\" \/>\n<meta property=\"og:image\" content=\"https:\/\/thesilentroute.com\/wp-content\/uploads\/2018\/01\/Ciclismo-2Header.jpg\" \/>\n\t<meta property=\"og:image:width\" content=\"1980\" \/>\n\t<meta property=\"og:image:height\" content=\"659\" \/>\n\t<meta property=\"og:image:type\" content=\"image\/jpeg\" \/>\n<meta name=\"twitter:card\" content=\"summary_large_image\" \/>\n<meta name=\"twitter:label1\" content=\"Est. reading time\" \/>\n\t<meta name=\"twitter:data1\" content=\"2 minutes\" \/>\n<script type=\"application\/ld+json\" class=\"yoast-schema-graph\">{\"@context\":\"https:\/\/schema.org\",\"@graph\":[{\"@type\":\"WebPage\",\"@id\":\"https:\/\/thesilentroute.com\/en\/about-us\/\",\"url\":\"https:\/\/thesilentroute.com\/en\/about-us\/\",\"name\":\"About us - Silent Route\",\"isPartOf\":{\"@id\":\"https:\/\/thesilentroute.com\/en\/#website\"},\"primaryImageOfPage\":{\"@id\":\"https:\/\/thesilentroute.com\/en\/about-us\/#primaryimage\"},\"image\":{\"@id\":\"https:\/\/thesilentroute.com\/en\/about-us\/#primaryimage\"},\"thumbnailUrl\":\"https:\/\/thesilentroute.com\/wp-content\/uploads\/2018\/01\/Ciclismo-2Header.jpg\",\"datePublished\":\"2021-06-23T11:25:24+00:00\",\"dateModified\":\"2022-03-21T15:14:45+00:00\",\"breadcrumb\":{\"@id\":\"https:\/\/thesilentroute.com\/en\/about-us\/#breadcrumb\"},\"inLanguage\":\"en-US\",\"potentialAction\":[{\"@type\":\"ReadAction\",\"target\":[\"https:\/\/thesilentroute.com\/en\/about-us\/\"]}]},{\"@type\":\"ImageObject\",\"inLanguage\":\"en-US\",\"@id\":\"https:\/\/thesilentroute.com\/en\/about-us\/#primaryimage\",\"url\":\"https:\/\/thesilentroute.com\/wp-content\/uploads\/2018\/01\/Ciclismo-2Header.jpg\",\"contentUrl\":\"https:\/\/thesilentroute.com\/wp-content\/uploads\/2018\/01\/Ciclismo-2Header.jpg\",\"width\":1980,\"height\":659,\"caption\":\"Carretera The Silent Route\"},{\"@type\":\"BreadcrumbList\",\"@id\":\"https:\/\/thesilentroute.com\/en\/about-us\/#breadcrumb\",\"itemListElement\":[{\"@type\":\"ListItem\",\"position\":1,\"name\":\"Portada\",\"item\":\"https:\/\/thesilentroute.com\/en\/\"},{\"@type\":\"ListItem\",\"position\":2,\"name\":\"About us\"}]},{\"@type\":\"WebSite\",\"@id\":\"https:\/\/thesilentroute.com\/en\/#website\",\"url\":\"https:\/\/thesilentroute.com\/en\/\",\"name\":\"Silent Route\",\"description\":\"Un viaje que te descubrir\u00e1  espacios inexplorados, experiencias&lt;br&gt;\u00fanicas, excepcionales, aut\u00e9nticas. Sensaciones inolvidables.\",\"publisher\":{\"@id\":\"https:\/\/thesilentroute.com\/en\/#organization\"},\"potentialAction\":[{\"@type\":\"SearchAction\",\"target\":{\"@type\":\"EntryPoint\",\"urlTemplate\":\"https:\/\/thesilentroute.com\/en\/?s={search_term_string}\"},\"query-input\":{\"@type\":\"PropertyValueSpecification\",\"valueRequired\":true,\"valueName\":\"search_term_string\"}}],\"inLanguage\":\"en-US\"},{\"@type\":\"Organization\",\"@id\":\"https:\/\/thesilentroute.com\/en\/#organization\",\"name\":\"The Silent Route\",\"url\":\"https:\/\/thesilentroute.com\/en\/\",\"logo\":{\"@type\":\"ImageObject\",\"inLanguage\":\"en-US\",\"@id\":\"https:\/\/thesilentroute.com\/en\/#\/schema\/logo\/image\/\",\"url\":\"https:\/\/thesilentroute.com\/wp-content\/uploads\/2018\/02\/silent-route.png\",\"contentUrl\":\"https:\/\/thesilentroute.com\/wp-content\/uploads\/2018\/02\/silent-route.png\",\"width\":800,\"height\":600,\"caption\":\"The Silent Route\"},\"image\":{\"@id\":\"https:\/\/thesilentroute.com\/en\/#\/schema\/logo\/image\/\"},\"sameAs\":[\"https:\/\/www.facebook.com\/TheSilentRouteMaestrazgo\/\",\"https:\/\/www.instagram.com\/thesilentroute\/\",\"https:\/\/www.youtube.com\/channel\/UCk_dF_cRDIv1sSqbrCpFFAw\"]}]}<\/script>\n<!-- \/ Yoast SEO plugin. -->","yoast_head_json":{"title":"About us - Silent Route","robots":{"index":"index","follow":"follow","max-snippet":"max-snippet:-1","max-image-preview":"max-image-preview:large","max-video-preview":"max-video-preview:-1"},"canonical":"https:\/\/thesilentroute.com\/en\/about-us\/","og_locale":"en_US","og_type":"article","og_title":"About us - Silent Route","og_url":"https:\/\/thesilentroute.com\/en\/about-us\/","og_site_name":"Silent Route","article_publisher":"https:\/\/www.facebook.com\/TheSilentRouteMaestrazgo\/","article_modified_time":"2022-03-21T15:14:45+00:00","og_image":[{"width":1980,"height":659,"url":"https:\/\/thesilentroute.com\/wp-content\/uploads\/2018\/01\/Ciclismo-2Header.jpg","type":"image\/jpeg"}],"twitter_card":"summary_large_image","twitter_misc":{"Est. reading time":"2 minutes"},"schema":{"@context":"https:\/\/schema.org","@graph":[{"@type":"WebPage","@id":"https:\/\/thesilentroute.com\/en\/about-us\/","url":"https:\/\/thesilentroute.com\/en\/about-us\/","name":"About us - Silent Route","isPartOf":{"@id":"https:\/\/thesilentroute.com\/en\/#website"},"primaryImageOfPage":{"@id":"https:\/\/thesilentroute.com\/en\/about-us\/#primaryimage"},"image":{"@id":"https:\/\/thesilentroute.com\/en\/about-us\/#primaryimage"},"thumbnailUrl":"https:\/\/thesilentroute.com\/wp-content\/uploads\/2018\/01\/Ciclismo-2Header.jpg","datePublished":"2021-06-23T11:25:24+00:00","dateModified":"2022-03-21T15:14:45+00:00","breadcrumb":{"@id":"https:\/\/thesilentroute.com\/en\/about-us\/#breadcrumb"},"inLanguage":"en-US","potentialAction":[{"@type":"ReadAction","target":["https:\/\/thesilentroute.com\/en\/about-us\/"]}]},{"@type":"ImageObject","inLanguage":"en-US","@id":"https:\/\/thesilentroute.com\/en\/about-us\/#primaryimage","url":"https:\/\/thesilentroute.com\/wp-content\/uploads\/2018\/01\/Ciclismo-2Header.jpg","contentUrl":"https:\/\/thesilentroute.com\/wp-content\/uploads\/2018\/01\/Ciclismo-2Header.jpg","width":1980,"height":659,"caption":"Carretera The Silent Route"},{"@type":"BreadcrumbList","@id":"https:\/\/thesilentroute.com\/en\/about-us\/#breadcrumb","itemListElement":[{"@type":"ListItem","position":1,"name":"Portada","item":"https:\/\/thesilentroute.com\/en\/"},{"@type":"ListItem","position":2,"name":"About us"}]},{"@type":"WebSite","@id":"https:\/\/thesilentroute.com\/en\/#website","url":"https:\/\/thesilentroute.com\/en\/","name":"Silent Route","description":"Un viaje que te descubrir\u00e1  espacios inexplorados, experiencias&lt;br&gt;\u00fanicas, excepcionales, aut\u00e9nticas. Sensaciones inolvidables.","publisher":{"@id":"https:\/\/thesilentroute.com\/en\/#organization"},"potentialAction":[{"@type":"SearchAction","target":{"@type":"EntryPoint","urlTemplate":"https:\/\/thesilentroute.com\/en\/?s={search_term_string}"},"query-input":{"@type":"PropertyValueSpecification","valueRequired":true,"valueName":"search_term_string"}}],"inLanguage":"en-US"},{"@type":"Organization","@id":"https:\/\/thesilentroute.com\/en\/#organization","name":"The Silent Route","url":"https:\/\/thesilentroute.com\/en\/","logo":{"@type":"ImageObject","inLanguage":"en-US","@id":"https:\/\/thesilentroute.com\/en\/#\/schema\/logo\/image\/","url":"https:\/\/thesilentroute.com\/wp-content\/uploads\/2018\/02\/silent-route.png","contentUrl":"https:\/\/thesilentroute.com\/wp-content\/uploads\/2018\/02\/silent-route.png","width":800,"height":600,"caption":"The Silent Route"},"image":{"@id":"https:\/\/thesilentroute.com\/en\/#\/schema\/logo\/image\/"},"sameAs":["https:\/\/www.facebook.com\/TheSilentRouteMaestrazgo\/","https:\/\/www.instagram.com\/thesilentroute\/","https:\/\/www.youtube.com\/channel\/UCk_dF_cRDIv1sSqbrCpFFAw"]}]}},"_links":{"self":[{"href":"https:\/\/thesilentroute.com\/en\/wp-json\/wp\/v2\/pages\/28718","targetHints":{"allow":["GET"]}}],"collection":[{"href":"https:\/\/thesilentroute.com\/en\/wp-json\/wp\/v2\/pages"}],"about":[{"href":"https:\/\/thesilentroute.com\/en\/wp-json\/wp\/v2\/types\/page"}],"author":[{"embeddable":true,"href":"https:\/\/thesilentroute.com\/en\/wp-json\/wp\/v2\/users\/1"}],"replies":[{"embeddable":true,"href":"https:\/\/thesilentroute.com\/en\/wp-json\/wp\/v2\/comments?post=28718"}],"version-history":[{"count":6,"href":"https:\/\/thesilentroute.com\/en\/wp-json\/wp\/v2\/pages\/28718\/revisions"}],"predecessor-version":[{"id":32721,"href":"https:\/\/thesilentroute.com\/en\/wp-json\/wp\/v2\/pages\/28718\/revisions\/32721"}],"wp:featuredmedia":[{"embeddable":true,"href":"https:\/\/thesilentroute.com\/en\/wp-json\/wp\/v2\/media\/29798"}],"wp:attachment":[{"href":"https:\/\/thesilentroute.com\/en\/wp-json\/wp\/v2\/media?parent=28718"}],"curies":[{"name":"wp","href":"https:\/\/api.w.org\/{rel}","templated":true}]}}