{"id":28728,"date":"2021-06-23T13:37:39","date_gmt":"2021-06-23T11:37:39","guid":{"rendered":"https:\/\/thesilentroute.com\/how-to-get-there\/"},"modified":"2022-06-07T18:24:55","modified_gmt":"2022-06-07T16:24:55","slug":"how-to-get-there","status":"publish","type":"page","link":"https:\/\/thesilentroute.com\/en\/how-to-get-there\/","title":{"rendered":"How to get there"},"content":{"rendered":"<section class=\"l-section wpb_row height_large\"><div class=\"l-section-h i-cf\"><div class=\"g-cols vc_row via_flex valign_top type_default stacking_default\"><div class=\"vc_col-sm-12 wpb_column vc_column_container\"><div class=\"vc_column-inner\"><div class=\"wpb_wrapper\"><div class=\"wpb_text_column\"><div class=\"wpb_wrapper\"><h1>How to get to The Silent Route.<\/h1>\n<p>THE SILENT ROUTE extends for 63 km between the municipalities of Gargallo, to the North, and of Cantavieja, to the South, both in Teruel province, southeast of the triangle formed by the cities of Madrid, Barcelona and Valencia.<\/p>\n<p>The kilometric distances to the nearest cities are:<\/p>\n<p>From El Cuarto Pelado (The Silent Route South):<br \/>\nValencia 183 km.<br \/>\nCastell\u00f3n de la Plana 114Km.<br \/>\nMorella 50 km.<br \/>\nTeruel 81 km.<br \/>\nCantavieja \u00a09km.<\/p>\n<p>From La Venta de la Pintada (The Silent Route North)<br \/>\nZaragoza \u00a0134 km<br \/>\nTeruel 102km.<br \/>\nAlca\u00f1iz 50 km.<br \/>\nBarcelona 282 Km<\/p>\n<\/div><\/div><div class=\"w-separator size_medium with_line width_default thick_1 style_solid color_border align_center with_text with_content\"><div class=\"w-separator-h\"><h6 class=\"w-separator-text\"><span>TOURIST OFFICES<\/span><\/h6><\/div><\/div><div class=\"wpb_text_column\"><div class=\"wpb_wrapper\"><p><b>Oficina comarcal de turismo <\/b><b>Comarca Andorra Sierra de Arcos<br \/>\n<\/b><span style=\"font-weight: 400;\">Paseo de las minas s\/n<br \/>\n<\/span><span style=\"font-weight: 400;\">44500 Andorra-Teruel<br \/>\n<\/span><span style=\"font-weight: 400;\">978 880 927<br \/>\n<\/span><span style=\"font-weight: 400;\">turismo@andorrasierradearcos.com<\/span><\/p>\n<p><b>Oficina de Turismo de Cantavieja<br \/>\n<\/b><span style=\"font-weight: 400;\">C\/ Mayor 14<br \/>\n<\/span><span style=\"font-weight: 400;\">44140 Cantavieja &#8211; Teruel<br \/>\n<\/span><span style=\"font-weight: 400;\">964185414<br \/>\n<\/span><span style=\"font-weight: 400;\">turismocantavieja@gmail.com<\/span><\/p>\n<\/div><\/div><div class=\"w-separator size_medium with_line width_default thick_1 style_solid color_border align_center with_text with_content\"><div class=\"w-separator-h\"><h6 class=\"w-separator-text\"><span>TRAINS<\/span><\/h6><\/div><\/div><div class=\"wpb_text_column\"><div class=\"wpb_wrapper\"><p>The nearest rail stations to The Silent Route are:<br \/>\nLa Puebla de H\u00edjar (s\u00f3lo regionales). Tfno.: 978 826 315<br \/>\nCastell\u00f3n (Grandes l\u00edneas y AVE).<br \/>\nZaragoza \u00a0(Grandes L\u00edneas y AVE).<br \/>\nRenfe Tfno.: 902 240 202 \u00a0\u00a0<a href=\"http:\/\/www.renfe.es\">www.renfe.es<\/a><\/p>\n<\/div><\/div><div class=\"w-separator size_medium with_line width_default thick_1 style_solid color_border align_center with_text with_content\"><div class=\"w-separator-h\"><h6 class=\"w-separator-text\"><span>AIRPORTS<\/span><\/h6><\/div><\/div><div class=\"wpb_text_column\"><div class=\"wpb_wrapper\"><p>The nearest airports are those of<br \/>\nCastell\u00f3n: \u00a0<a href=\"http:\/\/www.aeropuerto-castellon.com\">http:\/\/www.aeropuerto-castellon.com<\/a> \u00a0Tfno.: 964 578 600<br \/>\nZaragoza: <a href=\"http:\/\/www.aena.es\/es\/aeropuerto-zaragoza\/index.html\">http:\/\/www.aena.es\/es\/aeropuerto-zaragoza\/index.html<\/a> \u00a0Tfno.: 902 404 704<br \/>\nValencia: \u00a0<a href=\"http:\/\/www.aeropuerto-valencia.com\/\">http:\/\/www.aeropuerto-valencia.com\/<\/a> \u00a0\u00a0Tfno.: 91 321 10 00<\/p>\n<\/div><\/div><div class=\"w-separator size_medium with_line width_default thick_1 style_solid color_border align_center with_text with_content\"><div class=\"w-separator-h\"><h6 class=\"w-separator-text\"><span>BUSES<\/span><\/h6><\/div><\/div><div class=\"wpb_text_column\"><div class=\"wpb_wrapper\"><p>The bus companies operating in the zone are:<br \/>\nHife: 902 119 814 \u00a0<a href=\"http:\/\/www.hife.es\">www.hife.es<\/a><br \/>\nAltaba: 964 441 042 <a href=\"http:\/\/www.autobusesaltaba.com\">www.autobusesaltaba.com<\/a><\/p>\n<\/div><\/div><div class=\"w-separator size_medium with_line width_default thick_1 style_solid color_border align_center with_text with_content\"><div class=\"w-separator-h\"><h6 class=\"w-separator-text\"><span>TAXIS<\/span><\/h6><\/div><\/div><div class=\"wpb_text_column\"><div class=\"wpb_wrapper\"><p>Taxi Eliseo (Andorra) tfno.: 656 363 017<br \/>\nTaxi Becerra (Andorra) tfno.: 689480825<\/p>\n<\/div><\/div><\/div><\/div><\/div><\/div><\/div><\/section>\n","protected":false},"excerpt":{"rendered":"How to get to The Silent Route. THE SILENT ROUTE extends for 63 km between the municipalities of Gargallo, to the North, and of Cantavieja, to the South, both in Teruel province, southeast of the triangle formed by the cities of Madrid, Barcelona and Valencia. The kilometric distances to the nearest cities are: From El...","protected":false},"author":1,"featured_media":28732,"parent":0,"menu_order":0,"comment_status":"closed","ping_status":"closed","template":"","meta":{"_monsterinsights_skip_tracking":false,"_monsterinsights_sitenote_active":false,"_monsterinsights_sitenote_note":"","_monsterinsights_sitenote_category":0,"footnotes":""},"class_list":["post-28728","page","type-page","status-publish","has-post-thumbnail","hentry"],"yoast_head":"<!-- This site is optimized with the Yoast SEO plugin v27.2 - https:\/\/yoast.com\/product\/yoast-seo-wordpress\/ -->\n<title>How to get there - Silent Route<\/title>\n<meta name=\"description\" content=\"How to get to the Ruta del Silencio from Valencia, Zaragoza, Teruel, Morella ...\" \/>\n<meta name=\"robots\" content=\"index, follow, max-snippet:-1, max-image-preview:large, max-video-preview:-1\" \/>\n<link rel=\"canonical\" href=\"https:\/\/thesilentroute.com\/en\/how-to-get-there\/\" \/>\n<meta property=\"og:locale\" content=\"en_US\" \/>\n<meta property=\"og:type\" content=\"article\" \/>\n<meta property=\"og:title\" content=\"How to get there - Silent Route\" \/>\n<meta property=\"og:description\" content=\"How to get to the Ruta del Silencio from Valencia, Zaragoza, Teruel, Morella ...\" \/>\n<meta property=\"og:url\" content=\"https:\/\/thesilentroute.com\/en\/how-to-get-there\/\" \/>\n<meta property=\"og:site_name\" content=\"Silent Route\" \/>\n<meta property=\"article:publisher\" content=\"https:\/\/www.facebook.com\/TheSilentRouteMaestrazgo\/\" \/>\n<meta property=\"article:modified_time\" content=\"2022-06-07T16:24:55+00:00\" \/>\n<meta property=\"og:image\" content=\"https:\/\/thesilentroute.com\/wp-content\/uploads\/2018\/02\/ComollegarHeader.jpg\" \/>\n\t<meta property=\"og:image:width\" content=\"1980\" \/>\n\t<meta property=\"og:image:height\" content=\"660\" \/>\n\t<meta property=\"og:image:type\" content=\"image\/jpeg\" \/>\n<meta name=\"twitter:card\" content=\"summary_large_image\" \/>\n<meta name=\"twitter:label1\" content=\"Est. reading time\" \/>\n\t<meta name=\"twitter:data1\" content=\"1 minute\" \/>\n<script type=\"application\/ld+json\" class=\"yoast-schema-graph\">{\"@context\":\"https:\/\/schema.org\",\"@graph\":[{\"@type\":\"WebPage\",\"@id\":\"https:\/\/thesilentroute.com\/en\/how-to-get-there\/\",\"url\":\"https:\/\/thesilentroute.com\/en\/how-to-get-there\/\",\"name\":\"How to get there - Silent Route\",\"isPartOf\":{\"@id\":\"https:\/\/thesilentroute.com\/en\/#website\"},\"primaryImageOfPage\":{\"@id\":\"https:\/\/thesilentroute.com\/en\/how-to-get-there\/#primaryimage\"},\"image\":{\"@id\":\"https:\/\/thesilentroute.com\/en\/how-to-get-there\/#primaryimage\"},\"thumbnailUrl\":\"https:\/\/thesilentroute.com\/wp-content\/uploads\/2018\/02\/ComollegarHeader.jpg\",\"datePublished\":\"2021-06-23T11:37:39+00:00\",\"dateModified\":\"2022-06-07T16:24:55+00:00\",\"description\":\"How to get to the Ruta del Silencio from Valencia, Zaragoza, Teruel, Morella ...\",\"breadcrumb\":{\"@id\":\"https:\/\/thesilentroute.com\/en\/how-to-get-there\/#breadcrumb\"},\"inLanguage\":\"en-US\",\"potentialAction\":[{\"@type\":\"ReadAction\",\"target\":[\"https:\/\/thesilentroute.com\/en\/how-to-get-there\/\"]}]},{\"@type\":\"ImageObject\",\"inLanguage\":\"en-US\",\"@id\":\"https:\/\/thesilentroute.com\/en\/how-to-get-there\/#primaryimage\",\"url\":\"https:\/\/thesilentroute.com\/wp-content\/uploads\/2018\/02\/ComollegarHeader.jpg\",\"contentUrl\":\"https:\/\/thesilentroute.com\/wp-content\/uploads\/2018\/02\/ComollegarHeader.jpg\",\"width\":1980,\"height\":660},{\"@type\":\"BreadcrumbList\",\"@id\":\"https:\/\/thesilentroute.com\/en\/how-to-get-there\/#breadcrumb\",\"itemListElement\":[{\"@type\":\"ListItem\",\"position\":1,\"name\":\"Portada\",\"item\":\"https:\/\/thesilentroute.com\/en\/\"},{\"@type\":\"ListItem\",\"position\":2,\"name\":\"How to get there\"}]},{\"@type\":\"WebSite\",\"@id\":\"https:\/\/thesilentroute.com\/en\/#website\",\"url\":\"https:\/\/thesilentroute.com\/en\/\",\"name\":\"Silent Route\",\"description\":\"Un viaje que te descubrir\u00e1  espacios inexplorados, experiencias&lt;br&gt;\u00fanicas, excepcionales, aut\u00e9nticas. Sensaciones inolvidables.\",\"publisher\":{\"@id\":\"https:\/\/thesilentroute.com\/en\/#organization\"},\"potentialAction\":[{\"@type\":\"SearchAction\",\"target\":{\"@type\":\"EntryPoint\",\"urlTemplate\":\"https:\/\/thesilentroute.com\/en\/?s={search_term_string}\"},\"query-input\":{\"@type\":\"PropertyValueSpecification\",\"valueRequired\":true,\"valueName\":\"search_term_string\"}}],\"inLanguage\":\"en-US\"},{\"@type\":\"Organization\",\"@id\":\"https:\/\/thesilentroute.com\/en\/#organization\",\"name\":\"The Silent Route\",\"url\":\"https:\/\/thesilentroute.com\/en\/\",\"logo\":{\"@type\":\"ImageObject\",\"inLanguage\":\"en-US\",\"@id\":\"https:\/\/thesilentroute.com\/en\/#\/schema\/logo\/image\/\",\"url\":\"https:\/\/thesilentroute.com\/wp-content\/uploads\/2018\/02\/silent-route.png\",\"contentUrl\":\"https:\/\/thesilentroute.com\/wp-content\/uploads\/2018\/02\/silent-route.png\",\"width\":800,\"height\":600,\"caption\":\"The Silent Route\"},\"image\":{\"@id\":\"https:\/\/thesilentroute.com\/en\/#\/schema\/logo\/image\/\"},\"sameAs\":[\"https:\/\/www.facebook.com\/TheSilentRouteMaestrazgo\/\",\"https:\/\/www.instagram.com\/thesilentroute\/\",\"https:\/\/www.youtube.com\/channel\/UCk_dF_cRDIv1sSqbrCpFFAw\"]}]}<\/script>\n<!-- \/ Yoast SEO plugin. -->","yoast_head_json":{"title":"How to get there - Silent Route","description":"How to get to the Ruta del Silencio from Valencia, Zaragoza, Teruel, Morella ...","robots":{"index":"index","follow":"follow","max-snippet":"max-snippet:-1","max-image-preview":"max-image-preview:large","max-video-preview":"max-video-preview:-1"},"canonical":"https:\/\/thesilentroute.com\/en\/how-to-get-there\/","og_locale":"en_US","og_type":"article","og_title":"How to get there - Silent Route","og_description":"How to get to the Ruta del Silencio from Valencia, Zaragoza, Teruel, Morella ...","og_url":"https:\/\/thesilentroute.com\/en\/how-to-get-there\/","og_site_name":"Silent Route","article_publisher":"https:\/\/www.facebook.com\/TheSilentRouteMaestrazgo\/","article_modified_time":"2022-06-07T16:24:55+00:00","og_image":[{"width":1980,"height":660,"url":"https:\/\/thesilentroute.com\/wp-content\/uploads\/2018\/02\/ComollegarHeader.jpg","type":"image\/jpeg"}],"twitter_card":"summary_large_image","twitter_misc":{"Est. reading time":"1 minute"},"schema":{"@context":"https:\/\/schema.org","@graph":[{"@type":"WebPage","@id":"https:\/\/thesilentroute.com\/en\/how-to-get-there\/","url":"https:\/\/thesilentroute.com\/en\/how-to-get-there\/","name":"How to get there - Silent Route","isPartOf":{"@id":"https:\/\/thesilentroute.com\/en\/#website"},"primaryImageOfPage":{"@id":"https:\/\/thesilentroute.com\/en\/how-to-get-there\/#primaryimage"},"image":{"@id":"https:\/\/thesilentroute.com\/en\/how-to-get-there\/#primaryimage"},"thumbnailUrl":"https:\/\/thesilentroute.com\/wp-content\/uploads\/2018\/02\/ComollegarHeader.jpg","datePublished":"2021-06-23T11:37:39+00:00","dateModified":"2022-06-07T16:24:55+00:00","description":"How to get to the Ruta del Silencio from Valencia, Zaragoza, Teruel, Morella ...","breadcrumb":{"@id":"https:\/\/thesilentroute.com\/en\/how-to-get-there\/#breadcrumb"},"inLanguage":"en-US","potentialAction":[{"@type":"ReadAction","target":["https:\/\/thesilentroute.com\/en\/how-to-get-there\/"]}]},{"@type":"ImageObject","inLanguage":"en-US","@id":"https:\/\/thesilentroute.com\/en\/how-to-get-there\/#primaryimage","url":"https:\/\/thesilentroute.com\/wp-content\/uploads\/2018\/02\/ComollegarHeader.jpg","contentUrl":"https:\/\/thesilentroute.com\/wp-content\/uploads\/2018\/02\/ComollegarHeader.jpg","width":1980,"height":660},{"@type":"BreadcrumbList","@id":"https:\/\/thesilentroute.com\/en\/how-to-get-there\/#breadcrumb","itemListElement":[{"@type":"ListItem","position":1,"name":"Portada","item":"https:\/\/thesilentroute.com\/en\/"},{"@type":"ListItem","position":2,"name":"How to get there"}]},{"@type":"WebSite","@id":"https:\/\/thesilentroute.com\/en\/#website","url":"https:\/\/thesilentroute.com\/en\/","name":"Silent Route","description":"Un viaje que te descubrir\u00e1  espacios inexplorados, experiencias&lt;br&gt;\u00fanicas, excepcionales, aut\u00e9nticas. Sensaciones inolvidables.","publisher":{"@id":"https:\/\/thesilentroute.com\/en\/#organization"},"potentialAction":[{"@type":"SearchAction","target":{"@type":"EntryPoint","urlTemplate":"https:\/\/thesilentroute.com\/en\/?s={search_term_string}"},"query-input":{"@type":"PropertyValueSpecification","valueRequired":true,"valueName":"search_term_string"}}],"inLanguage":"en-US"},{"@type":"Organization","@id":"https:\/\/thesilentroute.com\/en\/#organization","name":"The Silent Route","url":"https:\/\/thesilentroute.com\/en\/","logo":{"@type":"ImageObject","inLanguage":"en-US","@id":"https:\/\/thesilentroute.com\/en\/#\/schema\/logo\/image\/","url":"https:\/\/thesilentroute.com\/wp-content\/uploads\/2018\/02\/silent-route.png","contentUrl":"https:\/\/thesilentroute.com\/wp-content\/uploads\/2018\/02\/silent-route.png","width":800,"height":600,"caption":"The Silent Route"},"image":{"@id":"https:\/\/thesilentroute.com\/en\/#\/schema\/logo\/image\/"},"sameAs":["https:\/\/www.facebook.com\/TheSilentRouteMaestrazgo\/","https:\/\/www.instagram.com\/thesilentroute\/","https:\/\/www.youtube.com\/channel\/UCk_dF_cRDIv1sSqbrCpFFAw"]}]}},"_links":{"self":[{"href":"https:\/\/thesilentroute.com\/en\/wp-json\/wp\/v2\/pages\/28728","targetHints":{"allow":["GET"]}}],"collection":[{"href":"https:\/\/thesilentroute.com\/en\/wp-json\/wp\/v2\/pages"}],"about":[{"href":"https:\/\/thesilentroute.com\/en\/wp-json\/wp\/v2\/types\/page"}],"author":[{"embeddable":true,"href":"https:\/\/thesilentroute.com\/en\/wp-json\/wp\/v2\/users\/1"}],"replies":[{"embeddable":true,"href":"https:\/\/thesilentroute.com\/en\/wp-json\/wp\/v2\/comments?post=28728"}],"version-history":[{"count":8,"href":"https:\/\/thesilentroute.com\/en\/wp-json\/wp\/v2\/pages\/28728\/revisions"}],"predecessor-version":[{"id":32901,"href":"https:\/\/thesilentroute.com\/en\/wp-json\/wp\/v2\/pages\/28728\/revisions\/32901"}],"wp:featuredmedia":[{"embeddable":true,"href":"https:\/\/thesilentroute.com\/en\/wp-json\/wp\/v2\/media\/28732"}],"wp:attachment":[{"href":"https:\/\/thesilentroute.com\/en\/wp-json\/wp\/v2\/media?parent=28728"}],"curies":[{"name":"wp","href":"https:\/\/api.w.org\/{rel}","templated":true}]}}