{"id":28734,"date":"2021-06-23T13:55:26","date_gmt":"2021-06-23T11:55:26","guid":{"rendered":"https:\/\/thesilentroute.com\/keep-in-mind\/"},"modified":"2024-03-19T21:14:01","modified_gmt":"2024-03-19T19:14:01","slug":"keep-in-mind","status":"publish","type":"page","link":"https:\/\/thesilentroute.com\/en\/keep-in-mind\/","title":{"rendered":"Keep in mind"},"content":{"rendered":"<section class=\"l-section wpb_row height_large\"><div class=\"l-section-h i-cf\"><div class=\"g-cols vc_row via_flex valign_top type_default stacking_default\"><div class=\"vc_col-sm-12 wpb_column vc_column_container\"><div class=\"vc_column-inner\"><div class=\"wpb_wrapper\"><div class=\"wpb_text_column\"><div class=\"wpb_wrapper\"><p>Travelling THE SILENT ROUTE is an adventure. The villages it goes through are small and do not have many of the usual services such as ATMs; in addition, few establishments accept payment with cards, so it is best to carry cash.<\/p>\n<p>There are no petrol stations on the route, either, so the tank must be filled previously.<\/p>\n<p><a href=\"https:\/\/thesilentroute.com\/wp-content\/uploads\/2024\/03\/consejos-para-disfrutar-the-silent-route.pdf\" target=\"_blank\" rel=\"noopener\"><img loading=\"lazy\" decoding=\"async\" class=\"aligncenter wp-image-33962 size-full\" src=\"https:\/\/thesilentroute.com\/wp-content\/uploads\/2024\/03\/banner-consejos-para-disfrutar-the-silent-route.jpg\" alt=\"\" width=\"800\" height=\"317\" srcset=\"https:\/\/thesilentroute.com\/wp-content\/uploads\/2024\/03\/banner-consejos-para-disfrutar-the-silent-route.jpg 800w, https:\/\/thesilentroute.com\/wp-content\/uploads\/2024\/03\/banner-consejos-para-disfrutar-the-silent-route-300x119.jpg 300w, https:\/\/thesilentroute.com\/wp-content\/uploads\/2024\/03\/banner-consejos-para-disfrutar-the-silent-route-600x238.jpg 600w, https:\/\/thesilentroute.com\/wp-content\/uploads\/2024\/03\/banner-consejos-para-disfrutar-the-silent-route-768x304.jpg 768w\" sizes=\"auto, (max-width: 800px) 100vw, 800px\" \/><\/a><\/p>\n<\/div><\/div><\/div><\/div><\/div><\/div><\/div><\/section><section class=\"l-section wpb_row height_auto\"><div class=\"l-section-h i-cf\"><div class=\"g-cols vc_row via_flex valign_top type_default stacking_default\"><div class=\"vc_col-sm-12 wpb_column vc_column_container\"><div class=\"vc_column-inner\"><div class=\"wpb_wrapper\"><div class=\"w-separator size_medium with_line width_default thick_1 style_solid color_border align_center with_text with_content\"><div class=\"w-separator-h\"><h4 class=\"w-separator-text\"><span>Petrol stations<\/span><\/h4><\/div><\/div><\/div><\/div><\/div><\/div><\/div><\/section><section class=\"l-section wpb_row height_auto\"><div class=\"l-section-h i-cf\"><div class=\"g-cols vc_row via_flex valign_top type_default stacking_default\"><div class=\"vc_col-sm-3 wpb_column vc_column_container\"><div class=\"vc_column-inner\"><div class=\"wpb_wrapper\"><div class=\"wpb_text_column us_custom_8cc39b8d\"><div class=\"wpb_wrapper\"><h4 style=\"text-align: center;\">Gasolinera Petronor<\/h4>\n<p style=\"text-align: center;\">Cantavieja (Avda Maestrazgo, s\/n)<br \/>\n+34964185055<br \/>\nHorario:<br \/>\nL-S: 8-14 \/15-20 h.<br \/>\nDomingo y festivos cerrado.<\/p>\n<\/div><\/div><\/div><\/div><\/div><div class=\"vc_col-sm-3 wpb_column vc_column_container\"><div class=\"vc_column-inner\"><div class=\"wpb_wrapper\"><div class=\"wpb_text_column us_custom_8cc39b8d\"><div class=\"wpb_wrapper\"><h4 style=\"text-align: center;\">Gasolinera Repsol<\/h4>\n<p style=\"text-align: center;\">Aliaga (Carretera TE-820 70,8 km.)<br \/>\nHorario:<br \/>\nL-V: 8-14 \/17-20 h<br \/>\nS-D: 8-14 h. Atendido y 24 h.<\/p>\n<\/div><\/div><\/div><\/div><\/div><div class=\"vc_col-sm-3 wpb_column vc_column_container\"><div class=\"vc_column-inner\"><div class=\"wpb_wrapper\"><div class=\"wpb_text_column us_custom_8cc39b8d\"><div class=\"wpb_wrapper\"><h4 style=\"text-align: center;\">Gasolinera Galp<\/h4>\n<p style=\"text-align: center;\">Andorra (Pol\u00edgono Industrial La Umbr\u00eda, 33)<br \/>\n+34978880142<br \/>\nHorario:<br \/>\nAbierto de lunes a domingo de 6:00 a 22:00<\/p>\n<\/div><\/div><\/div><\/div><\/div><div class=\"vc_col-sm-3 wpb_column vc_column_container\"><div class=\"vc_column-inner\"><div class=\"wpb_wrapper\"><div class=\"wpb_text_column us_custom_8cc39b8d\"><div class=\"wpb_wrapper\"><h4 style=\"text-align: center;\">E.S. Andorra, S.L.<\/h4>\n<p style=\"text-align: center;\">Andorra (Av. Albalate, 5)<br \/>\n+34978842014<br \/>\nHorario:<br \/>\nAbierto de lunes a domingo de 6:00 a 23:00<\/p>\n<\/div><\/div><\/div><\/div><\/div><\/div><\/div><\/section><section class=\"l-section wpb_row height_auto\"><div class=\"l-section-h i-cf\"><div class=\"g-cols vc_row via_flex valign_top type_default stacking_default\"><div class=\"vc_col-sm-12 wpb_column vc_column_container\"><div class=\"vc_column-inner\"><div class=\"wpb_wrapper\"><div class=\"w-separator size_medium with_line width_default thick_1 style_solid color_border align_center with_text with_content\"><div class=\"w-separator-h\"><h4 class=\"w-separator-text\"><span>Automatic Teller Machines<\/span><\/h4><\/div><\/div><\/div><\/div><\/div><\/div><\/div><\/section><section class=\"l-section wpb_row height_auto\"><div class=\"l-section-h i-cf\"><div class=\"g-cols vc_row via_flex valign_top type_default stacking_default\"><div class=\"vc_col-sm-3 wpb_column vc_column_container\"><div class=\"vc_column-inner us_custom_6a24884b\"><div class=\"wpb_wrapper\"><\/div><\/div><\/div><div class=\"vc_col-sm-3 wpb_column vc_column_container\"><div class=\"vc_column-inner\"><div class=\"wpb_wrapper\"><div class=\"wpb_text_column us_custom_8cc39b8d\"><div class=\"wpb_wrapper\"><h4 style=\"text-align: center;\">Cantavieja<\/h4>\n<p style=\"text-align: center;\">En Cantavieja hay cajeros autom\u00e1ticos abiertos las 24h de las siguientes entidades bancarias: Santander, Ibercaja y Caja Rural.<\/p>\n<\/div><\/div><\/div><\/div><\/div><div class=\"vc_col-sm-3 wpb_column vc_column_container\"><div class=\"vc_column-inner us_custom_6a24884b\"><div class=\"wpb_wrapper\"><div class=\"wpb_text_column us_custom_8cc39b8d\"><div class=\"wpb_wrapper\"><h4 style=\"text-align: center;\">Andorra<\/h4>\n<p style=\"text-align: center;\">En Andorra hay cajeros autom\u00e1ticos abiertos las 24h de las siguientes entidades bancarias: BBVA, Santander, Ibercaja, Caja Rural y La Caixa.<\/p>\n<\/div><\/div><\/div><\/div><\/div><div class=\"vc_col-sm-3 wpb_column vc_column_container\"><div class=\"vc_column-inner us_custom_6a24884b\"><div class=\"wpb_wrapper\"><\/div><\/div><\/div><\/div><\/div><\/section><section class=\"l-section wpb_row height_auto\"><div class=\"l-section-h i-cf\"><div class=\"g-cols vc_row via_flex valign_top type_default stacking_default\"><div class=\"vc_col-sm-12 wpb_column vc_column_container\"><div class=\"vc_column-inner\"><div class=\"wpb_wrapper\"><div class=\"w-separator size_medium with_line width_default thick_1 style_solid color_border align_center with_text with_content\"><div class=\"w-separator-h\"><h4 class=\"w-separator-text\"><span>Vehicle repair shops<\/span><\/h4><\/div><\/div><\/div><\/div><\/div><\/div><\/div><\/section><section class=\"l-section wpb_row height_auto\"><div class=\"l-section-h i-cf\"><div class=\"g-cols vc_row via_flex valign_top type_default stacking_default\"><div class=\"vc_col-sm-3 wpb_column vc_column_container\"><div class=\"vc_column-inner\"><div class=\"wpb_wrapper\"><div class=\"wpb_text_column us_custom_8cc39b8d\"><div class=\"wpb_wrapper\"><h4 style=\"text-align: center;\">Talleres Palomo<\/h4>\n<p style=\"text-align: center;\">Cantavieja (Urbanizaci\u00f3n El Tambor, 37)<br \/>\n+34964185505<\/p>\n<\/div><\/div><\/div><\/div><\/div><div class=\"vc_col-sm-3 wpb_column vc_column_container\"><div class=\"vc_column-inner\"><div class=\"wpb_wrapper\"><div class=\"wpb_text_column us_custom_8cc39b8d\"><div class=\"wpb_wrapper\"><h4 style=\"text-align: center;\">Talleres Altaba<\/h4>\n<p style=\"text-align: center;\">Cantavieja (Carretera Iglesuela, s\/n.)<br \/>\n+34964185057<\/p>\n<\/div><\/div><\/div><\/div><\/div><div class=\"vc_col-sm-3 wpb_column vc_column_container\"><div class=\"vc_column-inner\"><div class=\"wpb_wrapper\"><div class=\"wpb_text_column us_custom_8cc39b8d\"><div class=\"wpb_wrapper\"><h4 style=\"text-align: center;\">Talleres Qu\u00edlez<\/h4>\n<p style=\"text-align: center;\">Andorra (Avenida Alcorisa, s\/n,)<br \/>\n+34978880579<\/p>\n<\/div><\/div><\/div><\/div><\/div><div class=\"vc_col-sm-3 wpb_column vc_column_container\"><div class=\"vc_column-inner\"><div class=\"wpb_wrapper\"><div class=\"wpb_text_column us_custom_8cc39b8d\"><div class=\"wpb_wrapper\"><h4 style=\"text-align: center;\">Talleres Latapia<\/h4>\n<p style=\"text-align: center;\">Andorra (Estaci\u00f3n Delicias, 3, Pol\u00edgono La Estaci\u00f3n)<br \/>\n+34978880660<br \/>\nHorario: Abierto de L a V \u00b7 9:00\u201313:00, 15:00\u201319:00<\/p>\n<\/div><\/div><\/div><\/div><\/div><\/div><\/div><\/section><section class=\"l-section wpb_row height_auto\"><div class=\"l-section-h i-cf\"><div class=\"g-cols vc_row via_flex valign_top type_default stacking_default\"><div class=\"vc_col-sm-3 wpb_column vc_column_container\"><div class=\"vc_column-inner\"><div class=\"wpb_wrapper\"><div class=\"wpb_text_column us_custom_8cc39b8d\"><div class=\"wpb_wrapper\"><h4 style=\"text-align: center;\">Talleres Matra, S. L.<\/h4>\n<p style=\"text-align: center;\">Andorra (Pol\u00edgono Industrial La Umbr\u00eda, 35)<br \/>\n+34978842260<\/p>\n<\/div><\/div><\/div><\/div><\/div><div class=\"vc_col-sm-3 wpb_column vc_column_container\"><div class=\"vc_column-inner\"><div class=\"wpb_wrapper\"><div class=\"wpb_text_column us_custom_8cc39b8d\"><div class=\"wpb_wrapper\"><h4 style=\"text-align: center;\">Autom\u00f3viles Andorra, S.L. (Chapa y pintura)<\/h4>\n<p style=\"text-align: center;\">Andorra (Pol\u00edgono Industrial la Estaci\u00f3n, s\/n)<br \/>\n+34978880371<\/p>\n<\/div><\/div><\/div><\/div><\/div><div class=\"vc_col-sm-3 wpb_column vc_column_container\"><div class=\"vc_column-inner\"><div class=\"wpb_wrapper\"><div class=\"wpb_text_column us_custom_8cc39b8d\"><div class=\"wpb_wrapper\"><h4 style=\"text-align: center;\">Talleres Moreno Blasco (Chapa y pintura)<\/h4>\n<p style=\"text-align: center;\">Andorra (Av. Alcorisa, 63)<br \/>\n+34978880635<\/p>\n<\/div><\/div><\/div><\/div><\/div><div class=\"vc_col-sm-3 wpb_column vc_column_container\"><div class=\"vc_column-inner\"><div class=\"wpb_wrapper\"><div class=\"wpb_text_column us_custom_8cc39b8d\"><div class=\"wpb_wrapper\"><h4 style=\"text-align: center;\">Motos Loscos, S.L. (Concesionario oficial YAMAHA para Teruel)<\/h4>\n<p style=\"text-align: center;\">Andorra (Av. Dos de Mayo, 63, 44500)<br \/>\nTaller de reparaci\u00f3n de motocicletas<\/p>\n<\/div><\/div><\/div><\/div><\/div><\/div><\/div><\/section><section class=\"l-section wpb_row height_auto\"><div class=\"l-section-h i-cf\"><div class=\"g-cols vc_row via_flex valign_top type_default stacking_default\"><div class=\"vc_col-sm-12 wpb_column vc_column_container\"><div class=\"vc_column-inner\"><div class=\"wpb_wrapper\"><div class=\"w-separator size_medium with_line width_default thick_1 style_solid color_border align_center with_text with_content\"><div class=\"w-separator-h\"><h4 class=\"w-separator-text\"><span>Servicios para bicicletas<\/span><\/h4><\/div><\/div><\/div><\/div><\/div><\/div><\/div><\/section><section class=\"l-section wpb_row height_auto\"><div class=\"l-section-h i-cf\"><div class=\"g-cols vc_row via_flex valign_top type_default stacking_default\"><div class=\"vc_col-sm-4 wpb_column vc_column_container\"><div class=\"vc_column-inner\"><div class=\"wpb_wrapper\"><\/div><\/div><\/div><div class=\"vc_col-sm-4 wpb_column vc_column_container\"><div class=\"vc_column-inner\"><div class=\"wpb_wrapper\"><div class=\"wpb_text_column us_custom_8cc39b8d\"><div class=\"wpb_wrapper\"><h4 style=\"text-align: center;\">Bici sport Aznar<\/h4>\n<p style=\"text-align: center;\">Andorra (C\/ La Uni\u00f3n 36)<br \/>\n+34978843545<\/p>\n<\/div><\/div><\/div><\/div><\/div><div class=\"vc_col-sm-4 wpb_column vc_column_container\"><div class=\"vc_column-inner\"><div class=\"wpb_wrapper\"><\/div><\/div><\/div><\/div><\/div><\/section><section class=\"l-section wpb_row height_auto\"><div class=\"l-section-h i-cf\"><div class=\"g-cols vc_row via_flex valign_top type_default stacking_default\"><div class=\"vc_col-sm-12 wpb_column vc_column_container\"><div class=\"vc_column-inner\"><div class=\"wpb_wrapper\"><div class=\"w-separator size_medium with_line width_default thick_1 style_solid color_border align_center with_text with_content\"><div class=\"w-separator-h\"><h4 class=\"w-separator-text\"><span>The weather<\/span><\/h4><\/div><\/div><div class=\"wpb_text_column\"><div class=\"wpb_wrapper\"><p>Most of the journey on THE SILENT ROUTE runs through land at high elevations, with cold weather from November to April. It is advisable to check the weather forecast:<\/p>\n<ul>\n<li style=\"list-style-type: none;\">\n<ul>\n<li><a href=\"http:\/\/www.aemet.es\/es\/eltiempo\/prediccion\/municipios\/villarluengo-id44260\" target=\"_blank\" rel=\"noopener noreferrer\">Villarluengo<\/a><\/li>\n<li><a href=\"http:\/\/www.aemet.es\/es\/eltiempo\/prediccion\/municipios\/ejulve-id44096\" target=\"_blank\" rel=\"noopener noreferrer\">Ejulve<\/a><\/li>\n<li><a href=\"http:\/\/www.aemet.es\/es\/eltiempo\/prediccion\/municipios\/gargallo-id44116\" target=\"_blank\" rel=\"noopener noreferrer\">Gargallo<\/a><\/li>\n<li><a href=\"http:\/\/www.aemet.es\/es\/eltiempo\/prediccion\/municipios\/cantavieja-id44059\" target=\"_blank\" rel=\"noopener noreferrer\">Cantavieja<\/a><\/li>\n<\/ul>\n<\/li>\n<\/ul>\n<\/div><\/div><\/div><\/div><\/div><\/div><\/div><\/section>\n","protected":false},"excerpt":{"rendered":"Travelling THE SILENT ROUTE is an adventure. The villages it goes through are small and do not have many of the usual services such as ATMs; in addition, few establishments accept payment with cards, so it is best to carry cash. There are no petrol stations on the route, either, so the tank must be...","protected":false},"author":1,"featured_media":28735,"parent":0,"menu_order":0,"comment_status":"closed","ping_status":"closed","template":"","meta":{"_monsterinsights_skip_tracking":false,"_monsterinsights_sitenote_active":false,"_monsterinsights_sitenote_note":"","_monsterinsights_sitenote_category":0,"footnotes":""},"class_list":["post-28734","page","type-page","status-publish","has-post-thumbnail","hentry"],"yoast_head":"<!-- This site is optimized with the Yoast SEO plugin v27.2 - https:\/\/yoast.com\/product\/yoast-seo-wordpress\/ -->\n<title>Keep in mind - Silent Route<\/title>\n<meta name=\"robots\" content=\"index, follow, max-snippet:-1, max-image-preview:large, max-video-preview:-1\" \/>\n<link rel=\"canonical\" href=\"https:\/\/thesilentroute.com\/en\/keep-in-mind\/\" \/>\n<meta property=\"og:locale\" content=\"en_US\" \/>\n<meta property=\"og:type\" content=\"article\" \/>\n<meta property=\"og:title\" content=\"Keep in mind - Silent Route\" \/>\n<meta property=\"og:url\" content=\"https:\/\/thesilentroute.com\/en\/keep-in-mind\/\" \/>\n<meta property=\"og:site_name\" content=\"Silent Route\" \/>\n<meta property=\"article:publisher\" content=\"https:\/\/www.facebook.com\/TheSilentRouteMaestrazgo\/\" \/>\n<meta property=\"article:modified_time\" content=\"2024-03-19T19:14:01+00:00\" \/>\n<meta property=\"og:image\" content=\"https:\/\/thesilentroute.com\/wp-content\/uploads\/2018\/02\/tenencuentaHeader.jpg\" \/>\n\t<meta property=\"og:image:width\" content=\"1980\" \/>\n\t<meta property=\"og:image:height\" content=\"660\" \/>\n\t<meta property=\"og:image:type\" content=\"image\/jpeg\" \/>\n<meta name=\"twitter:card\" content=\"summary_large_image\" \/>\n<meta name=\"twitter:label1\" content=\"Est. reading time\" \/>\n\t<meta name=\"twitter:data1\" content=\"6 minutes\" \/>\n<script type=\"application\/ld+json\" class=\"yoast-schema-graph\">{\"@context\":\"https:\/\/schema.org\",\"@graph\":[{\"@type\":\"WebPage\",\"@id\":\"https:\/\/thesilentroute.com\/en\/keep-in-mind\/\",\"url\":\"https:\/\/thesilentroute.com\/en\/keep-in-mind\/\",\"name\":\"Keep in mind - Silent Route\",\"isPartOf\":{\"@id\":\"https:\/\/thesilentroute.com\/en\/#website\"},\"primaryImageOfPage\":{\"@id\":\"https:\/\/thesilentroute.com\/en\/keep-in-mind\/#primaryimage\"},\"image\":{\"@id\":\"https:\/\/thesilentroute.com\/en\/keep-in-mind\/#primaryimage\"},\"thumbnailUrl\":\"https:\/\/thesilentroute.com\/wp-content\/uploads\/2018\/02\/tenencuentaHeader.jpg\",\"datePublished\":\"2021-06-23T11:55:26+00:00\",\"dateModified\":\"2024-03-19T19:14:01+00:00\",\"breadcrumb\":{\"@id\":\"https:\/\/thesilentroute.com\/en\/keep-in-mind\/#breadcrumb\"},\"inLanguage\":\"en-US\",\"potentialAction\":[{\"@type\":\"ReadAction\",\"target\":[\"https:\/\/thesilentroute.com\/en\/keep-in-mind\/\"]}]},{\"@type\":\"ImageObject\",\"inLanguage\":\"en-US\",\"@id\":\"https:\/\/thesilentroute.com\/en\/keep-in-mind\/#primaryimage\",\"url\":\"https:\/\/thesilentroute.com\/wp-content\/uploads\/2018\/02\/tenencuentaHeader.jpg\",\"contentUrl\":\"https:\/\/thesilentroute.com\/wp-content\/uploads\/2018\/02\/tenencuentaHeader.jpg\",\"width\":1980,\"height\":660},{\"@type\":\"BreadcrumbList\",\"@id\":\"https:\/\/thesilentroute.com\/en\/keep-in-mind\/#breadcrumb\",\"itemListElement\":[{\"@type\":\"ListItem\",\"position\":1,\"name\":\"Portada\",\"item\":\"https:\/\/thesilentroute.com\/en\/\"},{\"@type\":\"ListItem\",\"position\":2,\"name\":\"Keep in mind\"}]},{\"@type\":\"WebSite\",\"@id\":\"https:\/\/thesilentroute.com\/en\/#website\",\"url\":\"https:\/\/thesilentroute.com\/en\/\",\"name\":\"Silent Route\",\"description\":\"Un viaje que te descubrir\u00e1  espacios inexplorados, experiencias&lt;br&gt;\u00fanicas, excepcionales, aut\u00e9nticas. Sensaciones inolvidables.\",\"publisher\":{\"@id\":\"https:\/\/thesilentroute.com\/en\/#organization\"},\"potentialAction\":[{\"@type\":\"SearchAction\",\"target\":{\"@type\":\"EntryPoint\",\"urlTemplate\":\"https:\/\/thesilentroute.com\/en\/?s={search_term_string}\"},\"query-input\":{\"@type\":\"PropertyValueSpecification\",\"valueRequired\":true,\"valueName\":\"search_term_string\"}}],\"inLanguage\":\"en-US\"},{\"@type\":\"Organization\",\"@id\":\"https:\/\/thesilentroute.com\/en\/#organization\",\"name\":\"The Silent Route\",\"url\":\"https:\/\/thesilentroute.com\/en\/\",\"logo\":{\"@type\":\"ImageObject\",\"inLanguage\":\"en-US\",\"@id\":\"https:\/\/thesilentroute.com\/en\/#\/schema\/logo\/image\/\",\"url\":\"https:\/\/thesilentroute.com\/wp-content\/uploads\/2018\/02\/silent-route.png\",\"contentUrl\":\"https:\/\/thesilentroute.com\/wp-content\/uploads\/2018\/02\/silent-route.png\",\"width\":800,\"height\":600,\"caption\":\"The Silent Route\"},\"image\":{\"@id\":\"https:\/\/thesilentroute.com\/en\/#\/schema\/logo\/image\/\"},\"sameAs\":[\"https:\/\/www.facebook.com\/TheSilentRouteMaestrazgo\/\",\"https:\/\/www.instagram.com\/thesilentroute\/\",\"https:\/\/www.youtube.com\/channel\/UCk_dF_cRDIv1sSqbrCpFFAw\"]}]}<\/script>\n<!-- \/ Yoast SEO plugin. -->","yoast_head_json":{"title":"Keep in mind - Silent Route","robots":{"index":"index","follow":"follow","max-snippet":"max-snippet:-1","max-image-preview":"max-image-preview:large","max-video-preview":"max-video-preview:-1"},"canonical":"https:\/\/thesilentroute.com\/en\/keep-in-mind\/","og_locale":"en_US","og_type":"article","og_title":"Keep in mind - Silent Route","og_url":"https:\/\/thesilentroute.com\/en\/keep-in-mind\/","og_site_name":"Silent Route","article_publisher":"https:\/\/www.facebook.com\/TheSilentRouteMaestrazgo\/","article_modified_time":"2024-03-19T19:14:01+00:00","og_image":[{"width":1980,"height":660,"url":"https:\/\/thesilentroute.com\/wp-content\/uploads\/2018\/02\/tenencuentaHeader.jpg","type":"image\/jpeg"}],"twitter_card":"summary_large_image","twitter_misc":{"Est. reading time":"6 minutes"},"schema":{"@context":"https:\/\/schema.org","@graph":[{"@type":"WebPage","@id":"https:\/\/thesilentroute.com\/en\/keep-in-mind\/","url":"https:\/\/thesilentroute.com\/en\/keep-in-mind\/","name":"Keep in mind - Silent Route","isPartOf":{"@id":"https:\/\/thesilentroute.com\/en\/#website"},"primaryImageOfPage":{"@id":"https:\/\/thesilentroute.com\/en\/keep-in-mind\/#primaryimage"},"image":{"@id":"https:\/\/thesilentroute.com\/en\/keep-in-mind\/#primaryimage"},"thumbnailUrl":"https:\/\/thesilentroute.com\/wp-content\/uploads\/2018\/02\/tenencuentaHeader.jpg","datePublished":"2021-06-23T11:55:26+00:00","dateModified":"2024-03-19T19:14:01+00:00","breadcrumb":{"@id":"https:\/\/thesilentroute.com\/en\/keep-in-mind\/#breadcrumb"},"inLanguage":"en-US","potentialAction":[{"@type":"ReadAction","target":["https:\/\/thesilentroute.com\/en\/keep-in-mind\/"]}]},{"@type":"ImageObject","inLanguage":"en-US","@id":"https:\/\/thesilentroute.com\/en\/keep-in-mind\/#primaryimage","url":"https:\/\/thesilentroute.com\/wp-content\/uploads\/2018\/02\/tenencuentaHeader.jpg","contentUrl":"https:\/\/thesilentroute.com\/wp-content\/uploads\/2018\/02\/tenencuentaHeader.jpg","width":1980,"height":660},{"@type":"BreadcrumbList","@id":"https:\/\/thesilentroute.com\/en\/keep-in-mind\/#breadcrumb","itemListElement":[{"@type":"ListItem","position":1,"name":"Portada","item":"https:\/\/thesilentroute.com\/en\/"},{"@type":"ListItem","position":2,"name":"Keep in mind"}]},{"@type":"WebSite","@id":"https:\/\/thesilentroute.com\/en\/#website","url":"https:\/\/thesilentroute.com\/en\/","name":"Silent Route","description":"Un viaje que te descubrir\u00e1  espacios inexplorados, experiencias&lt;br&gt;\u00fanicas, excepcionales, aut\u00e9nticas. Sensaciones inolvidables.","publisher":{"@id":"https:\/\/thesilentroute.com\/en\/#organization"},"potentialAction":[{"@type":"SearchAction","target":{"@type":"EntryPoint","urlTemplate":"https:\/\/thesilentroute.com\/en\/?s={search_term_string}"},"query-input":{"@type":"PropertyValueSpecification","valueRequired":true,"valueName":"search_term_string"}}],"inLanguage":"en-US"},{"@type":"Organization","@id":"https:\/\/thesilentroute.com\/en\/#organization","name":"The Silent Route","url":"https:\/\/thesilentroute.com\/en\/","logo":{"@type":"ImageObject","inLanguage":"en-US","@id":"https:\/\/thesilentroute.com\/en\/#\/schema\/logo\/image\/","url":"https:\/\/thesilentroute.com\/wp-content\/uploads\/2018\/02\/silent-route.png","contentUrl":"https:\/\/thesilentroute.com\/wp-content\/uploads\/2018\/02\/silent-route.png","width":800,"height":600,"caption":"The Silent Route"},"image":{"@id":"https:\/\/thesilentroute.com\/en\/#\/schema\/logo\/image\/"},"sameAs":["https:\/\/www.facebook.com\/TheSilentRouteMaestrazgo\/","https:\/\/www.instagram.com\/thesilentroute\/","https:\/\/www.youtube.com\/channel\/UCk_dF_cRDIv1sSqbrCpFFAw"]}]}},"_links":{"self":[{"href":"https:\/\/thesilentroute.com\/en\/wp-json\/wp\/v2\/pages\/28734","targetHints":{"allow":["GET"]}}],"collection":[{"href":"https:\/\/thesilentroute.com\/en\/wp-json\/wp\/v2\/pages"}],"about":[{"href":"https:\/\/thesilentroute.com\/en\/wp-json\/wp\/v2\/types\/page"}],"author":[{"embeddable":true,"href":"https:\/\/thesilentroute.com\/en\/wp-json\/wp\/v2\/users\/1"}],"replies":[{"embeddable":true,"href":"https:\/\/thesilentroute.com\/en\/wp-json\/wp\/v2\/comments?post=28734"}],"version-history":[{"count":24,"href":"https:\/\/thesilentroute.com\/en\/wp-json\/wp\/v2\/pages\/28734\/revisions"}],"predecessor-version":[{"id":33970,"href":"https:\/\/thesilentroute.com\/en\/wp-json\/wp\/v2\/pages\/28734\/revisions\/33970"}],"wp:featuredmedia":[{"embeddable":true,"href":"https:\/\/thesilentroute.com\/en\/wp-json\/wp\/v2\/media\/28735"}],"wp:attachment":[{"href":"https:\/\/thesilentroute.com\/en\/wp-json\/wp\/v2\/media?parent=28734"}],"curies":[{"name":"wp","href":"https:\/\/api.w.org\/{rel}","templated":true}]}}