{"id":28771,"date":"2021-06-23T16:30:21","date_gmt":"2021-06-23T14:30:21","guid":{"rendered":"https:\/\/thesilentroute.com\/route-services\/active-turism\/"},"modified":"2022-07-07T19:43:13","modified_gmt":"2022-07-07T17:43:13","slug":"active-turism__trashed","status":"publish","type":"page","link":"https:\/\/thesilentroute.com\/en\/route-services\/active-turism__trashed\/","title":{"rendered":"Active turism"},"content":{"rendered":"<section class=\"l-section wpb_row height_auto\"><div class=\"l-section-h i-cf\"><div class=\"g-cols vc_row via_flex valign_top type_default stacking_default\"><div class=\"vc_col-sm-12 wpb_column vc_column_container\"><div class=\"vc_column-inner\"><div class=\"wpb_wrapper\"><div class=\"w-separator size_medium\"><\/div><\/div><\/div><\/div><\/div><\/div><\/section><section class=\"l-section wpb_row height_auto\"><div class=\"l-section-h i-cf\"><div class=\"g-cols vc_row via_flex valign_top type_default stacking_default\"><div class=\"vc_col-sm-3 wpb_column vc_column_container\"><div class=\"vc_column-inner\"><div class=\"wpb_wrapper\"><div class=\"w-person layout_cards with_desc\" itemscope itemtype=\"https:\/\/schema.org\/Person\"><div class=\"w-person-image\"><a target=\" _blank\" rel=\"nofollow\" href=\"http:\/\/www.turismoactivoteruel.com\" class=\"w-person-link\" aria-label=\"Geoventur\"><img loading=\"lazy\" decoding=\"async\" width=\"900\" height=\"675\" src=\"https:\/\/thesilentroute.com\/wp-content\/uploads\/2018\/05\/Geoventur-1024x768.jpg\" class=\"attachment-large size-large\" alt=\"\" itemprop=\"image\" srcset=\"https:\/\/thesilentroute.com\/wp-content\/uploads\/2018\/05\/Geoventur.jpg 1024w, https:\/\/thesilentroute.com\/wp-content\/uploads\/2018\/05\/Geoventur-300x225.jpg 300w, https:\/\/thesilentroute.com\/wp-content\/uploads\/2018\/05\/Geoventur-768x576.jpg 768w, https:\/\/thesilentroute.com\/wp-content\/uploads\/2018\/05\/Geoventur-600x450.jpg 600w\" sizes=\"auto, (max-width: 900px) 100vw, 900px\" \/><\/a><\/div><div class=\"w-person-content\"><h4 itemprop=\"name\" class=\"w-person-name\"><a target=\" _blank\" rel=\"nofollow\" href=\"http:\/\/www.turismoactivoteruel.com\" class=\"w-person-link\" aria-label=\"Geoventur\"><span>Geoventur<\/span><\/a><\/h4><div class=\"w-person-description\" itemprop=\"description\"><p> +34685608954<br \/>\n+34681247451<br \/>\n<a href=\"mailto:info@geoventur.es\">E-mail<\/a><br \/>\n<a href=\"http:\/\/www.turismoactivoteruel.com\" target=\"blank\" rel=\"noopener\">Web<\/a><\/p>\n<\/div><\/div><\/div><\/div><\/div><\/div><div class=\"vc_col-sm-3 wpb_column vc_column_container\"><div class=\"vc_column-inner\"><div class=\"wpb_wrapper\"><div class=\"w-person layout_cards with_desc\" itemscope itemtype=\"https:\/\/schema.org\/Person\"><div class=\"w-person-image\"><a target=\" _blank\" rel=\"nofollow\" href=\"http:\/\/karalom.com\" class=\"w-person-link\" aria-label=\"Karalom\"><img loading=\"lazy\" decoding=\"async\" width=\"900\" height=\"473\" src=\"https:\/\/thesilentroute.com\/wp-content\/uploads\/2018\/05\/Karalom.-Senderismo-en-Familia-1024x538.jpg\" class=\"attachment-large size-large\" alt=\"\" itemprop=\"image\" srcset=\"https:\/\/thesilentroute.com\/wp-content\/uploads\/2018\/05\/Karalom.-Senderismo-en-Familia-1024x538.jpg 1024w, https:\/\/thesilentroute.com\/wp-content\/uploads\/2018\/05\/Karalom.-Senderismo-en-Familia-300x158.jpg 300w, https:\/\/thesilentroute.com\/wp-content\/uploads\/2018\/05\/Karalom.-Senderismo-en-Familia-768x403.jpg 768w, https:\/\/thesilentroute.com\/wp-content\/uploads\/2018\/05\/Karalom.-Senderismo-en-Familia-600x315.jpg 600w, https:\/\/thesilentroute.com\/wp-content\/uploads\/2018\/05\/Karalom.-Senderismo-en-Familia.jpg 1200w\" sizes=\"auto, (max-width: 900px) 100vw, 900px\" \/><\/a><\/div><div class=\"w-person-content\"><h4 itemprop=\"name\" class=\"w-person-name\"><a target=\" _blank\" rel=\"nofollow\" href=\"http:\/\/karalom.com\" class=\"w-person-link\" aria-label=\"Karalom\"><span>Karalom<\/span><\/a><\/h4><div class=\"w-person-description\" itemprop=\"description\"><p> +34681281687<br \/>\n<a href=\"mailto:Info@karalom.com\">E-mail<\/a><br \/>\n<a href=\"http:\/\/karalom.com\" target=\"blank\" rel=\"noopener\">Web<\/a><\/p>\n<\/div><\/div><\/div><\/div><\/div><\/div><div class=\"vc_col-sm-3 wpb_column vc_column_container\"><div class=\"vc_column-inner\"><div class=\"wpb_wrapper\"><div class=\"w-person layout_cards with_desc\" itemscope itemtype=\"https:\/\/schema.org\/Person\"><div class=\"w-person-image\"><a target=\"_blank\" rel=\"nofollow\" href=\"https:\/\/www.theeyeisdelighted.com\" class=\"w-person-link\" aria-label=\"The eye is delighted\"><img loading=\"lazy\" decoding=\"async\" width=\"900\" height=\"315\" src=\"https:\/\/thesilentroute.com\/wp-content\/uploads\/2018\/05\/Maestrex-1024x358.jpg\" class=\"attachment-large size-large\" alt=\"\" itemprop=\"image\" srcset=\"https:\/\/thesilentroute.com\/wp-content\/uploads\/2018\/05\/Maestrex-1024x358.jpg 1024w, https:\/\/thesilentroute.com\/wp-content\/uploads\/2018\/05\/Maestrex-300x105.jpg 300w, https:\/\/thesilentroute.com\/wp-content\/uploads\/2018\/05\/Maestrex-768x269.jpg 768w, https:\/\/thesilentroute.com\/wp-content\/uploads\/2018\/05\/Maestrex-600x210.jpg 600w, https:\/\/thesilentroute.com\/wp-content\/uploads\/2018\/05\/Maestrex.jpg 1280w\" sizes=\"auto, (max-width: 900px) 100vw, 900px\" \/><\/a><\/div><div class=\"w-person-content\"><h4 itemprop=\"name\" class=\"w-person-name\"><a target=\"_blank\" rel=\"nofollow\" href=\"https:\/\/www.theeyeisdelighted.com\" class=\"w-person-link\" aria-label=\"The eye is delighted\"><span>The eye is delighted<\/span><\/a><\/h4><div class=\"w-person-description\" itemprop=\"description\"><p> +34978883214<br \/>\n<a href=\"mailto:ignacio@theeyeisdelighted.com\">E-mail<\/a><br \/>\n<a href=\"https:\/\/www.theeyeisdelighted.com\" target=\"blank\" rel=\"noopener\">Web<\/a><\/p>\n<\/div><\/div><\/div><\/div><\/div><\/div><div class=\"vc_col-sm-3 wpb_column vc_column_container\"><div class=\"vc_column-inner\"><div class=\"wpb_wrapper\"><div class=\"w-person layout_cards with_desc\" itemscope itemtype=\"https:\/\/schema.org\/Person\"><div class=\"w-person-image\"><a target=\"_blank\" rel=\"nofollow\" href=\"https:\/\/www.tguio.es\/\" class=\"w-person-link\" aria-label=\"T-gu\u00edo\"><img loading=\"lazy\" decoding=\"async\" width=\"409\" height=\"409\" src=\"https:\/\/thesilentroute.com\/wp-content\/uploads\/2021\/08\/logo-t-guio-1.jpg\" class=\"attachment-large size-large\" alt=\"\" itemprop=\"image\" srcset=\"https:\/\/thesilentroute.com\/wp-content\/uploads\/2021\/08\/logo-t-guio-1.jpg 409w, https:\/\/thesilentroute.com\/wp-content\/uploads\/2021\/08\/logo-t-guio-1-300x300.jpg 300w, https:\/\/thesilentroute.com\/wp-content\/uploads\/2021\/08\/logo-t-guio-1-150x150.jpg 150w, https:\/\/thesilentroute.com\/wp-content\/uploads\/2021\/08\/logo-t-guio-1-350x350.jpg 350w\" sizes=\"auto, (max-width: 409px) 100vw, 409px\" \/><\/a><\/div><div class=\"w-person-content\"><h4 itemprop=\"name\" class=\"w-person-name\"><a target=\"_blank\" rel=\"nofollow\" href=\"https:\/\/www.tguio.es\/\" class=\"w-person-link\" aria-label=\"T-gu\u00edo\"><span>T-gu\u00edo<\/span><\/a><\/h4><div class=\"w-person-description\" itemprop=\"description\"><p> +34620173740<br \/>\n<a href=\"mailto:info@tguio.es\">E-mail<\/a><br \/>\n<a href=\"https:\/\/www.tguio.es\/\" target=\"blank\" rel=\"noopener\">Web<\/a><\/p>\n<\/div><\/div><\/div><\/div><\/div><\/div><\/div><\/div><\/section>\n","protected":false},"excerpt":{"rendered":"Geoventur +34685608954 +34681247451 E-mail Web Karalom +34681281687 E-mail Web The eye is delighted +34978883214 E-mail Web T-gu\u00edo +34620173740 E-mail Web","protected":false},"author":1,"featured_media":28773,"parent":28749,"menu_order":4,"comment_status":"closed","ping_status":"closed","template":"","meta":{"_monsterinsights_skip_tracking":false,"_monsterinsights_sitenote_active":false,"_monsterinsights_sitenote_note":"","_monsterinsights_sitenote_category":0,"footnotes":""},"class_list":["post-28771","page","type-page","status-publish","has-post-thumbnail","hentry"],"yoast_head":"<!-- This site is optimized with the Yoast SEO plugin v27.2 - https:\/\/yoast.com\/product\/yoast-seo-wordpress\/ -->\n<title>Active turism - Silent Route<\/title>\n<meta name=\"robots\" content=\"index, follow, max-snippet:-1, max-image-preview:large, max-video-preview:-1\" \/>\n<link rel=\"canonical\" href=\"https:\/\/thesilentroute.com\/en\/route-services\/active-turism__trashed\/\" \/>\n<meta property=\"og:locale\" content=\"en_US\" \/>\n<meta property=\"og:type\" content=\"article\" \/>\n<meta property=\"og:title\" content=\"Active turism - Silent Route\" \/>\n<meta property=\"og:url\" content=\"https:\/\/thesilentroute.com\/en\/route-services\/active-turism__trashed\/\" \/>\n<meta property=\"og:site_name\" content=\"Silent Route\" \/>\n<meta property=\"article:publisher\" content=\"https:\/\/www.facebook.com\/TheSilentRouteMaestrazgo\/\" \/>\n<meta property=\"article:modified_time\" content=\"2022-07-07T17:43:13+00:00\" \/>\n<meta property=\"og:image\" content=\"https:\/\/thesilentroute.com\/wp-content\/uploads\/2018\/05\/Geoventur.jpg\" \/>\n\t<meta property=\"og:image:width\" content=\"1024\" \/>\n\t<meta property=\"og:image:height\" content=\"768\" \/>\n\t<meta property=\"og:image:type\" content=\"image\/jpeg\" \/>\n<meta name=\"twitter:card\" content=\"summary_large_image\" \/>\n<meta name=\"twitter:label1\" content=\"Est. reading time\" \/>\n\t<meta name=\"twitter:data1\" content=\"1 minute\" \/>\n<script type=\"application\/ld+json\" class=\"yoast-schema-graph\">{\"@context\":\"https:\/\/schema.org\",\"@graph\":[{\"@type\":\"WebPage\",\"@id\":\"https:\/\/thesilentroute.com\/en\/route-services\/active-turism__trashed\/\",\"url\":\"https:\/\/thesilentroute.com\/en\/route-services\/active-turism__trashed\/\",\"name\":\"Active turism - Silent Route\",\"isPartOf\":{\"@id\":\"https:\/\/thesilentroute.com\/en\/#website\"},\"primaryImageOfPage\":{\"@id\":\"https:\/\/thesilentroute.com\/en\/route-services\/active-turism__trashed\/#primaryimage\"},\"image\":{\"@id\":\"https:\/\/thesilentroute.com\/en\/route-services\/active-turism__trashed\/#primaryimage\"},\"thumbnailUrl\":\"https:\/\/thesilentroute.com\/wp-content\/uploads\/2018\/05\/Geoventur.jpg\",\"datePublished\":\"2021-06-23T14:30:21+00:00\",\"dateModified\":\"2022-07-07T17:43:13+00:00\",\"breadcrumb\":{\"@id\":\"https:\/\/thesilentroute.com\/en\/route-services\/active-turism__trashed\/#breadcrumb\"},\"inLanguage\":\"en-US\",\"potentialAction\":[{\"@type\":\"ReadAction\",\"target\":[\"https:\/\/thesilentroute.com\/en\/route-services\/active-turism__trashed\/\"]}]},{\"@type\":\"ImageObject\",\"inLanguage\":\"en-US\",\"@id\":\"https:\/\/thesilentroute.com\/en\/route-services\/active-turism__trashed\/#primaryimage\",\"url\":\"https:\/\/thesilentroute.com\/wp-content\/uploads\/2018\/05\/Geoventur.jpg\",\"contentUrl\":\"https:\/\/thesilentroute.com\/wp-content\/uploads\/2018\/05\/Geoventur.jpg\",\"width\":1024,\"height\":768},{\"@type\":\"BreadcrumbList\",\"@id\":\"https:\/\/thesilentroute.com\/en\/route-services\/active-turism__trashed\/#breadcrumb\",\"itemListElement\":[{\"@type\":\"ListItem\",\"position\":1,\"name\":\"Portada\",\"item\":\"https:\/\/thesilentroute.com\/en\/\"},{\"@type\":\"ListItem\",\"position\":2,\"name\":\"Route services\",\"item\":\"https:\/\/thesilentroute.com\/en\/route-services\/\"},{\"@type\":\"ListItem\",\"position\":3,\"name\":\"Active turism\"}]},{\"@type\":\"WebSite\",\"@id\":\"https:\/\/thesilentroute.com\/en\/#website\",\"url\":\"https:\/\/thesilentroute.com\/en\/\",\"name\":\"Silent Route\",\"description\":\"Un viaje que te descubrir\u00e1  espacios inexplorados, experiencias&lt;br&gt;\u00fanicas, excepcionales, aut\u00e9nticas. Sensaciones inolvidables.\",\"publisher\":{\"@id\":\"https:\/\/thesilentroute.com\/en\/#organization\"},\"potentialAction\":[{\"@type\":\"SearchAction\",\"target\":{\"@type\":\"EntryPoint\",\"urlTemplate\":\"https:\/\/thesilentroute.com\/en\/?s={search_term_string}\"},\"query-input\":{\"@type\":\"PropertyValueSpecification\",\"valueRequired\":true,\"valueName\":\"search_term_string\"}}],\"inLanguage\":\"en-US\"},{\"@type\":\"Organization\",\"@id\":\"https:\/\/thesilentroute.com\/en\/#organization\",\"name\":\"The Silent Route\",\"url\":\"https:\/\/thesilentroute.com\/en\/\",\"logo\":{\"@type\":\"ImageObject\",\"inLanguage\":\"en-US\",\"@id\":\"https:\/\/thesilentroute.com\/en\/#\/schema\/logo\/image\/\",\"url\":\"https:\/\/thesilentroute.com\/wp-content\/uploads\/2018\/02\/silent-route.png\",\"contentUrl\":\"https:\/\/thesilentroute.com\/wp-content\/uploads\/2018\/02\/silent-route.png\",\"width\":800,\"height\":600,\"caption\":\"The Silent Route\"},\"image\":{\"@id\":\"https:\/\/thesilentroute.com\/en\/#\/schema\/logo\/image\/\"},\"sameAs\":[\"https:\/\/www.facebook.com\/TheSilentRouteMaestrazgo\/\",\"https:\/\/www.instagram.com\/thesilentroute\/\",\"https:\/\/www.youtube.com\/channel\/UCk_dF_cRDIv1sSqbrCpFFAw\"]}]}<\/script>\n<!-- \/ Yoast SEO plugin. -->","yoast_head_json":{"title":"Active turism - Silent Route","robots":{"index":"index","follow":"follow","max-snippet":"max-snippet:-1","max-image-preview":"max-image-preview:large","max-video-preview":"max-video-preview:-1"},"canonical":"https:\/\/thesilentroute.com\/en\/route-services\/active-turism__trashed\/","og_locale":"en_US","og_type":"article","og_title":"Active turism - Silent Route","og_url":"https:\/\/thesilentroute.com\/en\/route-services\/active-turism__trashed\/","og_site_name":"Silent Route","article_publisher":"https:\/\/www.facebook.com\/TheSilentRouteMaestrazgo\/","article_modified_time":"2022-07-07T17:43:13+00:00","og_image":[{"width":1024,"height":768,"url":"https:\/\/thesilentroute.com\/wp-content\/uploads\/2018\/05\/Geoventur.jpg","type":"image\/jpeg"}],"twitter_card":"summary_large_image","twitter_misc":{"Est. reading time":"1 minute"},"schema":{"@context":"https:\/\/schema.org","@graph":[{"@type":"WebPage","@id":"https:\/\/thesilentroute.com\/en\/route-services\/active-turism__trashed\/","url":"https:\/\/thesilentroute.com\/en\/route-services\/active-turism__trashed\/","name":"Active turism - Silent Route","isPartOf":{"@id":"https:\/\/thesilentroute.com\/en\/#website"},"primaryImageOfPage":{"@id":"https:\/\/thesilentroute.com\/en\/route-services\/active-turism__trashed\/#primaryimage"},"image":{"@id":"https:\/\/thesilentroute.com\/en\/route-services\/active-turism__trashed\/#primaryimage"},"thumbnailUrl":"https:\/\/thesilentroute.com\/wp-content\/uploads\/2018\/05\/Geoventur.jpg","datePublished":"2021-06-23T14:30:21+00:00","dateModified":"2022-07-07T17:43:13+00:00","breadcrumb":{"@id":"https:\/\/thesilentroute.com\/en\/route-services\/active-turism__trashed\/#breadcrumb"},"inLanguage":"en-US","potentialAction":[{"@type":"ReadAction","target":["https:\/\/thesilentroute.com\/en\/route-services\/active-turism__trashed\/"]}]},{"@type":"ImageObject","inLanguage":"en-US","@id":"https:\/\/thesilentroute.com\/en\/route-services\/active-turism__trashed\/#primaryimage","url":"https:\/\/thesilentroute.com\/wp-content\/uploads\/2018\/05\/Geoventur.jpg","contentUrl":"https:\/\/thesilentroute.com\/wp-content\/uploads\/2018\/05\/Geoventur.jpg","width":1024,"height":768},{"@type":"BreadcrumbList","@id":"https:\/\/thesilentroute.com\/en\/route-services\/active-turism__trashed\/#breadcrumb","itemListElement":[{"@type":"ListItem","position":1,"name":"Portada","item":"https:\/\/thesilentroute.com\/en\/"},{"@type":"ListItem","position":2,"name":"Route services","item":"https:\/\/thesilentroute.com\/en\/route-services\/"},{"@type":"ListItem","position":3,"name":"Active turism"}]},{"@type":"WebSite","@id":"https:\/\/thesilentroute.com\/en\/#website","url":"https:\/\/thesilentroute.com\/en\/","name":"Silent Route","description":"Un viaje que te descubrir\u00e1  espacios inexplorados, experiencias&lt;br&gt;\u00fanicas, excepcionales, aut\u00e9nticas. Sensaciones inolvidables.","publisher":{"@id":"https:\/\/thesilentroute.com\/en\/#organization"},"potentialAction":[{"@type":"SearchAction","target":{"@type":"EntryPoint","urlTemplate":"https:\/\/thesilentroute.com\/en\/?s={search_term_string}"},"query-input":{"@type":"PropertyValueSpecification","valueRequired":true,"valueName":"search_term_string"}}],"inLanguage":"en-US"},{"@type":"Organization","@id":"https:\/\/thesilentroute.com\/en\/#organization","name":"The Silent Route","url":"https:\/\/thesilentroute.com\/en\/","logo":{"@type":"ImageObject","inLanguage":"en-US","@id":"https:\/\/thesilentroute.com\/en\/#\/schema\/logo\/image\/","url":"https:\/\/thesilentroute.com\/wp-content\/uploads\/2018\/02\/silent-route.png","contentUrl":"https:\/\/thesilentroute.com\/wp-content\/uploads\/2018\/02\/silent-route.png","width":800,"height":600,"caption":"The Silent Route"},"image":{"@id":"https:\/\/thesilentroute.com\/en\/#\/schema\/logo\/image\/"},"sameAs":["https:\/\/www.facebook.com\/TheSilentRouteMaestrazgo\/","https:\/\/www.instagram.com\/thesilentroute\/","https:\/\/www.youtube.com\/channel\/UCk_dF_cRDIv1sSqbrCpFFAw"]}]}},"_links":{"self":[{"href":"https:\/\/thesilentroute.com\/en\/wp-json\/wp\/v2\/pages\/28771","targetHints":{"allow":["GET"]}}],"collection":[{"href":"https:\/\/thesilentroute.com\/en\/wp-json\/wp\/v2\/pages"}],"about":[{"href":"https:\/\/thesilentroute.com\/en\/wp-json\/wp\/v2\/types\/page"}],"author":[{"embeddable":true,"href":"https:\/\/thesilentroute.com\/en\/wp-json\/wp\/v2\/users\/1"}],"replies":[{"embeddable":true,"href":"https:\/\/thesilentroute.com\/en\/wp-json\/wp\/v2\/comments?post=28771"}],"version-history":[{"count":11,"href":"https:\/\/thesilentroute.com\/en\/wp-json\/wp\/v2\/pages\/28771\/revisions"}],"predecessor-version":[{"id":33059,"href":"https:\/\/thesilentroute.com\/en\/wp-json\/wp\/v2\/pages\/28771\/revisions\/33059"}],"up":[{"embeddable":true,"href":"https:\/\/thesilentroute.com\/en\/wp-json\/wp\/v2\/pages\/28749"}],"wp:featuredmedia":[{"embeddable":true,"href":"https:\/\/thesilentroute.com\/en\/wp-json\/wp\/v2\/media\/28773"}],"wp:attachment":[{"href":"https:\/\/thesilentroute.com\/en\/wp-json\/wp\/v2\/media?parent=28771"}],"curies":[{"name":"wp","href":"https:\/\/api.w.org\/{rel}","templated":true}]}}