{"id":28859,"date":"2021-06-23T17:28:02","date_gmt":"2021-06-23T15:28:02","guid":{"rendered":"https:\/\/thesilentroute.com\/links-of-interest\/"},"modified":"2021-06-23T20:34:44","modified_gmt":"2021-06-23T18:34:44","slug":"links-of-interest","status":"publish","type":"page","link":"https:\/\/thesilentroute.com\/en\/links-of-interest\/","title":{"rendered":"Links of interest"},"content":{"rendered":"<section class=\"l-section wpb_row height_large\"><div class=\"l-section-h i-cf\"><div class=\"g-cols vc_row via_flex valign_top type_default stacking_default\"><div class=\"vc_col-sm-12 wpb_column vc_column_container\"><div class=\"vc_column-inner\"><div class=\"wpb_wrapper\"><div class=\"wpb_text_column\"><div class=\"wpb_wrapper\"><p>Comarca Andorra-Sierra de Arcos\u00a0 <a href=\"http:\/\/www.turismoandorrasierradearcos.com\/\" target=\"_blank\" rel=\"noopener noreferrer\">http:\/\/www.turismoandorrasierradearcos.com\/<\/a><\/p>\n<p>Comarca del Maestrazgo <a href=\"http:\/\/www.comarcamaestrazgo.es\/\" target=\"_blank\" rel=\"noopener noreferrer\">http:\/\/www.comarcamaestrazgo.es\/<\/a><\/p>\n<p>Parque Cultural del r\u00edo Mart\u00edn <a href=\"http:\/\/www.parqueriomartin.com\/\" target=\"_blank\" rel=\"noopener noreferrer\">http:\/\/www.parqueriomartin.com\/<\/a><\/p>\n<p>Parque Cultural del Maestrazgo <a href=\"http:\/\/www.maestrazgo.org\/pcm.htm\" target=\"_blank\" rel=\"noopener noreferrer\">http:\/\/www.maestrazgo.org\/pcm.htm<\/a><\/p>\n<p>Turismo Diputaci\u00f3n de Teruel\u00a0 <a href=\"http:\/\/www.teruelversionoriginal.es\/turismo\/\" target=\"_blank\" rel=\"noopener noreferrer\">http:\/\/www.teruelversionoriginal.es\/turismo\/<\/a><\/p>\n<p>Turismo Arag\u00f3n\u00a0 <a href=\"https:\/\/www.turismodearagon.com\/es\" target=\"_blank\" rel=\"noopener noreferrer\">https:\/\/www.turismodearagon.com\/es<\/a><\/p>\n<p>Slow Driving Arag\u00f3n <a href=\"http:\/\/www.slowdrivingaragon.com\/\" target=\"_blank\" rel=\"noopener noreferrer\">http:\/\/www.slowdrivingaragon.com\/<\/a><\/p>\n<\/div><\/div><\/div><\/div><\/div><\/div><\/div><\/section>\n","protected":false},"excerpt":{"rendered":"Comarca Andorra-Sierra de Arcos\u00a0 http:\/\/www.turismoandorrasierradearcos.com\/ Comarca del Maestrazgo http:\/\/www.comarcamaestrazgo.es\/ Parque Cultural del r\u00edo Mart\u00edn http:\/\/www.parqueriomartin.com\/ Parque Cultural del Maestrazgo http:\/\/www.maestrazgo.org\/pcm.htm Turismo Diputaci\u00f3n de Teruel\u00a0 http:\/\/www.teruelversionoriginal.es\/turismo\/ Turismo Arag\u00f3n\u00a0 https:\/\/www.turismodearagon.com\/es Slow Driving Arag\u00f3n http:\/\/www.slowdrivingaragon.com\/","protected":false},"author":1,"featured_media":28754,"parent":0,"menu_order":0,"comment_status":"closed","ping_status":"closed","template":"","meta":{"_monsterinsights_skip_tracking":false,"_monsterinsights_sitenote_active":false,"_monsterinsights_sitenote_note":"","_monsterinsights_sitenote_category":0,"footnotes":""},"class_list":["post-28859","page","type-page","status-publish","has-post-thumbnail","hentry"],"yoast_head":"<!-- This site is optimized with the Yoast SEO plugin v27.2 - https:\/\/yoast.com\/product\/yoast-seo-wordpress\/ -->\n<title>Links of interest - Silent Route<\/title>\n<meta name=\"robots\" content=\"index, follow, max-snippet:-1, max-image-preview:large, max-video-preview:-1\" \/>\n<link rel=\"canonical\" href=\"https:\/\/thesilentroute.com\/en\/links-of-interest\/\" \/>\n<meta property=\"og:locale\" content=\"en_US\" \/>\n<meta property=\"og:type\" content=\"article\" \/>\n<meta property=\"og:title\" content=\"Links of interest - Silent Route\" \/>\n<meta property=\"og:url\" content=\"https:\/\/thesilentroute.com\/en\/links-of-interest\/\" \/>\n<meta property=\"og:site_name\" content=\"Silent Route\" \/>\n<meta property=\"article:publisher\" content=\"https:\/\/www.facebook.com\/TheSilentRouteMaestrazgo\/\" \/>\n<meta property=\"article:modified_time\" content=\"2021-06-23T18:34:44+00:00\" \/>\n<meta property=\"og:image\" content=\"https:\/\/thesilentroute.com\/wp-content\/uploads\/2018\/02\/ServiciosEnRutaHeader.jpg\" \/>\n\t<meta property=\"og:image:width\" content=\"1980\" \/>\n\t<meta property=\"og:image:height\" content=\"660\" \/>\n\t<meta property=\"og:image:type\" content=\"image\/jpeg\" \/>\n<meta name=\"twitter:card\" content=\"summary_large_image\" \/>\n<script type=\"application\/ld+json\" class=\"yoast-schema-graph\">{\"@context\":\"https:\/\/schema.org\",\"@graph\":[{\"@type\":\"WebPage\",\"@id\":\"https:\/\/thesilentroute.com\/en\/links-of-interest\/\",\"url\":\"https:\/\/thesilentroute.com\/en\/links-of-interest\/\",\"name\":\"Links of interest - Silent Route\",\"isPartOf\":{\"@id\":\"https:\/\/thesilentroute.com\/en\/#website\"},\"primaryImageOfPage\":{\"@id\":\"https:\/\/thesilentroute.com\/en\/links-of-interest\/#primaryimage\"},\"image\":{\"@id\":\"https:\/\/thesilentroute.com\/en\/links-of-interest\/#primaryimage\"},\"thumbnailUrl\":\"https:\/\/thesilentroute.com\/wp-content\/uploads\/2018\/02\/ServiciosEnRutaHeader.jpg\",\"datePublished\":\"2021-06-23T15:28:02+00:00\",\"dateModified\":\"2021-06-23T18:34:44+00:00\",\"breadcrumb\":{\"@id\":\"https:\/\/thesilentroute.com\/en\/links-of-interest\/#breadcrumb\"},\"inLanguage\":\"en-US\",\"potentialAction\":[{\"@type\":\"ReadAction\",\"target\":[\"https:\/\/thesilentroute.com\/en\/links-of-interest\/\"]}]},{\"@type\":\"ImageObject\",\"inLanguage\":\"en-US\",\"@id\":\"https:\/\/thesilentroute.com\/en\/links-of-interest\/#primaryimage\",\"url\":\"https:\/\/thesilentroute.com\/wp-content\/uploads\/2018\/02\/ServiciosEnRutaHeader.jpg\",\"contentUrl\":\"https:\/\/thesilentroute.com\/wp-content\/uploads\/2018\/02\/ServiciosEnRutaHeader.jpg\",\"width\":1980,\"height\":660},{\"@type\":\"BreadcrumbList\",\"@id\":\"https:\/\/thesilentroute.com\/en\/links-of-interest\/#breadcrumb\",\"itemListElement\":[{\"@type\":\"ListItem\",\"position\":1,\"name\":\"Portada\",\"item\":\"https:\/\/thesilentroute.com\/en\/\"},{\"@type\":\"ListItem\",\"position\":2,\"name\":\"Links of interest\"}]},{\"@type\":\"WebSite\",\"@id\":\"https:\/\/thesilentroute.com\/en\/#website\",\"url\":\"https:\/\/thesilentroute.com\/en\/\",\"name\":\"Silent Route\",\"description\":\"Un viaje que te descubrir\u00e1  espacios inexplorados, experiencias&lt;br&gt;\u00fanicas, excepcionales, aut\u00e9nticas. Sensaciones inolvidables.\",\"publisher\":{\"@id\":\"https:\/\/thesilentroute.com\/en\/#organization\"},\"potentialAction\":[{\"@type\":\"SearchAction\",\"target\":{\"@type\":\"EntryPoint\",\"urlTemplate\":\"https:\/\/thesilentroute.com\/en\/?s={search_term_string}\"},\"query-input\":{\"@type\":\"PropertyValueSpecification\",\"valueRequired\":true,\"valueName\":\"search_term_string\"}}],\"inLanguage\":\"en-US\"},{\"@type\":\"Organization\",\"@id\":\"https:\/\/thesilentroute.com\/en\/#organization\",\"name\":\"The Silent Route\",\"url\":\"https:\/\/thesilentroute.com\/en\/\",\"logo\":{\"@type\":\"ImageObject\",\"inLanguage\":\"en-US\",\"@id\":\"https:\/\/thesilentroute.com\/en\/#\/schema\/logo\/image\/\",\"url\":\"https:\/\/thesilentroute.com\/wp-content\/uploads\/2018\/02\/silent-route.png\",\"contentUrl\":\"https:\/\/thesilentroute.com\/wp-content\/uploads\/2018\/02\/silent-route.png\",\"width\":800,\"height\":600,\"caption\":\"The Silent Route\"},\"image\":{\"@id\":\"https:\/\/thesilentroute.com\/en\/#\/schema\/logo\/image\/\"},\"sameAs\":[\"https:\/\/www.facebook.com\/TheSilentRouteMaestrazgo\/\",\"https:\/\/www.instagram.com\/thesilentroute\/\",\"https:\/\/www.youtube.com\/channel\/UCk_dF_cRDIv1sSqbrCpFFAw\"]}]}<\/script>\n<!-- \/ Yoast SEO plugin. -->","yoast_head_json":{"title":"Links of interest - Silent Route","robots":{"index":"index","follow":"follow","max-snippet":"max-snippet:-1","max-image-preview":"max-image-preview:large","max-video-preview":"max-video-preview:-1"},"canonical":"https:\/\/thesilentroute.com\/en\/links-of-interest\/","og_locale":"en_US","og_type":"article","og_title":"Links of interest - Silent Route","og_url":"https:\/\/thesilentroute.com\/en\/links-of-interest\/","og_site_name":"Silent Route","article_publisher":"https:\/\/www.facebook.com\/TheSilentRouteMaestrazgo\/","article_modified_time":"2021-06-23T18:34:44+00:00","og_image":[{"width":1980,"height":660,"url":"https:\/\/thesilentroute.com\/wp-content\/uploads\/2018\/02\/ServiciosEnRutaHeader.jpg","type":"image\/jpeg"}],"twitter_card":"summary_large_image","schema":{"@context":"https:\/\/schema.org","@graph":[{"@type":"WebPage","@id":"https:\/\/thesilentroute.com\/en\/links-of-interest\/","url":"https:\/\/thesilentroute.com\/en\/links-of-interest\/","name":"Links of interest - Silent Route","isPartOf":{"@id":"https:\/\/thesilentroute.com\/en\/#website"},"primaryImageOfPage":{"@id":"https:\/\/thesilentroute.com\/en\/links-of-interest\/#primaryimage"},"image":{"@id":"https:\/\/thesilentroute.com\/en\/links-of-interest\/#primaryimage"},"thumbnailUrl":"https:\/\/thesilentroute.com\/wp-content\/uploads\/2018\/02\/ServiciosEnRutaHeader.jpg","datePublished":"2021-06-23T15:28:02+00:00","dateModified":"2021-06-23T18:34:44+00:00","breadcrumb":{"@id":"https:\/\/thesilentroute.com\/en\/links-of-interest\/#breadcrumb"},"inLanguage":"en-US","potentialAction":[{"@type":"ReadAction","target":["https:\/\/thesilentroute.com\/en\/links-of-interest\/"]}]},{"@type":"ImageObject","inLanguage":"en-US","@id":"https:\/\/thesilentroute.com\/en\/links-of-interest\/#primaryimage","url":"https:\/\/thesilentroute.com\/wp-content\/uploads\/2018\/02\/ServiciosEnRutaHeader.jpg","contentUrl":"https:\/\/thesilentroute.com\/wp-content\/uploads\/2018\/02\/ServiciosEnRutaHeader.jpg","width":1980,"height":660},{"@type":"BreadcrumbList","@id":"https:\/\/thesilentroute.com\/en\/links-of-interest\/#breadcrumb","itemListElement":[{"@type":"ListItem","position":1,"name":"Portada","item":"https:\/\/thesilentroute.com\/en\/"},{"@type":"ListItem","position":2,"name":"Links of interest"}]},{"@type":"WebSite","@id":"https:\/\/thesilentroute.com\/en\/#website","url":"https:\/\/thesilentroute.com\/en\/","name":"Silent Route","description":"Un viaje que te descubrir\u00e1  espacios inexplorados, experiencias&lt;br&gt;\u00fanicas, excepcionales, aut\u00e9nticas. Sensaciones inolvidables.","publisher":{"@id":"https:\/\/thesilentroute.com\/en\/#organization"},"potentialAction":[{"@type":"SearchAction","target":{"@type":"EntryPoint","urlTemplate":"https:\/\/thesilentroute.com\/en\/?s={search_term_string}"},"query-input":{"@type":"PropertyValueSpecification","valueRequired":true,"valueName":"search_term_string"}}],"inLanguage":"en-US"},{"@type":"Organization","@id":"https:\/\/thesilentroute.com\/en\/#organization","name":"The Silent Route","url":"https:\/\/thesilentroute.com\/en\/","logo":{"@type":"ImageObject","inLanguage":"en-US","@id":"https:\/\/thesilentroute.com\/en\/#\/schema\/logo\/image\/","url":"https:\/\/thesilentroute.com\/wp-content\/uploads\/2018\/02\/silent-route.png","contentUrl":"https:\/\/thesilentroute.com\/wp-content\/uploads\/2018\/02\/silent-route.png","width":800,"height":600,"caption":"The Silent Route"},"image":{"@id":"https:\/\/thesilentroute.com\/en\/#\/schema\/logo\/image\/"},"sameAs":["https:\/\/www.facebook.com\/TheSilentRouteMaestrazgo\/","https:\/\/www.instagram.com\/thesilentroute\/","https:\/\/www.youtube.com\/channel\/UCk_dF_cRDIv1sSqbrCpFFAw"]}]}},"_links":{"self":[{"href":"https:\/\/thesilentroute.com\/en\/wp-json\/wp\/v2\/pages\/28859","targetHints":{"allow":["GET"]}}],"collection":[{"href":"https:\/\/thesilentroute.com\/en\/wp-json\/wp\/v2\/pages"}],"about":[{"href":"https:\/\/thesilentroute.com\/en\/wp-json\/wp\/v2\/types\/page"}],"author":[{"embeddable":true,"href":"https:\/\/thesilentroute.com\/en\/wp-json\/wp\/v2\/users\/1"}],"replies":[{"embeddable":true,"href":"https:\/\/thesilentroute.com\/en\/wp-json\/wp\/v2\/comments?post=28859"}],"version-history":[{"count":1,"href":"https:\/\/thesilentroute.com\/en\/wp-json\/wp\/v2\/pages\/28859\/revisions"}],"predecessor-version":[{"id":28860,"href":"https:\/\/thesilentroute.com\/en\/wp-json\/wp\/v2\/pages\/28859\/revisions\/28860"}],"wp:featuredmedia":[{"embeddable":true,"href":"https:\/\/thesilentroute.com\/en\/wp-json\/wp\/v2\/media\/28754"}],"wp:attachment":[{"href":"https:\/\/thesilentroute.com\/en\/wp-json\/wp\/v2\/media?parent=28859"}],"curies":[{"name":"wp","href":"https:\/\/api.w.org\/{rel}","templated":true}]}}