{"id":28861,"date":"2021-06-23T17:45:11","date_gmt":"2021-06-23T15:45:11","guid":{"rendered":"https:\/\/thesilentroute.com\/explore-the-route\/"},"modified":"2022-06-07T13:59:09","modified_gmt":"2022-06-07T11:59:09","slug":"explore-the-route","status":"publish","type":"page","link":"https:\/\/thesilentroute.com\/en\/explore-the-route\/","title":{"rendered":"EXPLORE THE ROUTE"},"content":{"rendered":"<section class=\"l-section wpb_row height_large\"><div class=\"l-section-h i-cf\"><div class=\"g-cols vc_row via_flex valign_top type_default stacking_default\"><div class=\"vc_col-sm-12 wpb_column vc_column_container\"><div class=\"vc_column-inner\"><div class=\"wpb_wrapper\"><div class=\"wpb_text_column us_custom_fdcab3db\"><div class=\"wpb_wrapper\"><p style=\"text-align: center;\">On A-1702 the extraordinary is the norm.<\/p>\n<p style=\"text-align: center;\">The road runs through a land marked by the silence and the mystery that at first sight, appears to be a rough and rugged territory, but that soon shows itself to the visitor as a captivating Eden: solitary farmhouses, wide roads, fragile rivers, mountains, orchards that cover the rivers and ravines, villages that stand on hillsides or that lean out dizzily over a cliff. A landscape of balance between nature and history in surroundings that have hardly changed.<\/p>\n<p style=\"text-align: center;\">In 60 kms, a route of indomitable beauty that seduces and stirs.<\/p>\n<\/div><\/div><\/div><\/div><\/div><\/div><\/div><\/section><section class=\"l-section wpb_row height_auto\"><div class=\"l-section-h i-cf\"><div class=\"g-cols vc_row via_flex valign_top type_default stacking_default\"><div class=\"vc_col-sm-12 wpb_column vc_column_container\"><div class=\"vc_column-inner\"><div class=\"wpb_wrapper\"><div class=\"w-grid us_grid type_grid layout_26290 cols_4 preload_style_spinner ratio_1x1\" id=\"us_grid_1\" style=\"--columns:4;--gap:0.3rem;--item-ratio:1;\" data-filterable=\"true\"><style>@media (max-width:1280px){#us_grid_1{--columns:3!important}}@media (max-width:1024px){#us_grid_1{--columns:2!important}}@media (max-width:600px){#us_grid_1{--columns:1!important}}.layout_26290 .w-grid-item-h{border-radius:0rem}.layout_26290 .usg_post_image_1{transition-duration:0.3s;transform-origin:50% 50%;transform:scale(1) translate(0%,0%)}.layout_26290 .w-grid-item-h:focus-within .usg_post_image_1,.layout_26290 .w-grid-item-h:hover .usg_post_image_1{transform:scale(1) translate(0%,0%);opacity:0.15}.layout_26290 .usg_vwrapper_2{transition-duration:0.3s;transform-origin:50% 50%;transform:scale(1) translate(0%,0%)}.layout_26290 .w-grid-item-h:focus-within .usg_vwrapper_2,.layout_26290 .w-grid-item-h:hover .usg_vwrapper_2{transform:scale(1) translate(0%,-20%);opacity:1;color:inherit!important}.layout_26290 .usg_post_image_1{width:20rem!important;height:15rem!important}.layout_26290 .usg_post_title_1{color:#ffffff!important;font-size:1.2rem!important;font-weight:700!important;position:fixed!important;top:-5rem!important}<\/style><div class=\"w-grid-list\">\t<article class=\"w-grid-item size_1x1 post-29165 us_portfolio type-us_portfolio status-publish has-post-thumbnail hentry us_portfolio_category-explore-the-route\" data-id=\"29165\">\r\n\t\t<div class=\"w-grid-item-h\">\r\n\t\t\t\t\t\t\t<a href=\"https:\/\/thesilentroute.com\/en\/us_portfolio\/parameras-ejulvinas\/\" class=\"w-grid-item-anchor\" aria-label=\"Parameras Ejulvinas\"><\/a>\r\n\t\t\t\t\t\t<div class=\"w-vwrapper usg_vwrapper_1 align_center valign_top\" style=\"--vwrapper-gap:2rem\"><div class=\"w-post-elm post_image usg_post_image_1 has_width has_height stretched\"><img loading=\"lazy\" decoding=\"async\" width=\"900\" height=\"538\" src=\"https:\/\/thesilentroute.com\/wp-content\/uploads\/2018\/02\/Paramera-de-Gargallo-1-1024x612.jpg\" class=\"attachment-large size-large wp-post-image\" alt=\"\" srcset=\"https:\/\/thesilentroute.com\/wp-content\/uploads\/2018\/02\/Paramera-de-Gargallo-1-1024x612.jpg 1024w, https:\/\/thesilentroute.com\/wp-content\/uploads\/2018\/02\/Paramera-de-Gargallo-1-300x179.jpg 300w, https:\/\/thesilentroute.com\/wp-content\/uploads\/2018\/02\/Paramera-de-Gargallo-1-768x459.jpg 768w, https:\/\/thesilentroute.com\/wp-content\/uploads\/2018\/02\/Paramera-de-Gargallo-1-600x359.jpg 600w, https:\/\/thesilentroute.com\/wp-content\/uploads\/2018\/02\/Paramera-de-Gargallo-1.jpg 1280w\" sizes=\"auto, (max-width: 900px) 100vw, 900px\" \/><\/div><\/div><div class=\"w-vwrapper usg_vwrapper_2 align_center valign_middle\"><h2 class=\"w-post-elm post_title usg_post_title_1 has_text_color align_center entry-title color_link_inherit\">Parameras Ejulvinas<\/h2><\/div>\t\t<\/div>\r\n\t\t\t<\/article>\r\n\t<article class=\"w-grid-item size_1x1 post-29256 us_portfolio type-us_portfolio status-publish has-post-thumbnail hentry us_portfolio_category-explore-the-route\" data-id=\"29256\">\r\n\t\t<div class=\"w-grid-item-h\">\r\n\t\t\t\t\t\t\t<a href=\"https:\/\/thesilentroute.com\/en\/us_portfolio\/sierra-de-majalinos\/\" class=\"w-grid-item-anchor\" aria-label=\"Majalinos\"><\/a>\r\n\t\t\t\t\t\t<div class=\"w-vwrapper usg_vwrapper_1 align_center valign_top\" style=\"--vwrapper-gap:2rem\"><div class=\"w-post-elm post_image usg_post_image_1 has_width has_height stretched\"><img loading=\"lazy\" decoding=\"async\" width=\"900\" height=\"599\" src=\"https:\/\/thesilentroute.com\/wp-content\/uploads\/2018\/02\/Majalinos-8-1024x682.jpg\" class=\"attachment-large size-large wp-post-image\" alt=\"\" srcset=\"https:\/\/thesilentroute.com\/wp-content\/uploads\/2018\/02\/Majalinos-8-1024x682.jpg 1024w, https:\/\/thesilentroute.com\/wp-content\/uploads\/2018\/02\/Majalinos-8-300x200.jpg 300w, https:\/\/thesilentroute.com\/wp-content\/uploads\/2018\/02\/Majalinos-8-768x512.jpg 768w, https:\/\/thesilentroute.com\/wp-content\/uploads\/2018\/02\/Majalinos-8-600x400.jpg 600w, https:\/\/thesilentroute.com\/wp-content\/uploads\/2018\/02\/Majalinos-8.jpg 1280w\" sizes=\"auto, (max-width: 900px) 100vw, 900px\" \/><\/div><\/div><div class=\"w-vwrapper usg_vwrapper_2 align_center valign_middle\"><h2 class=\"w-post-elm post_title usg_post_title_1 has_text_color align_center entry-title color_link_inherit\">Majalinos<\/h2><\/div>\t\t<\/div>\r\n\t\t\t<\/article>\r\n\t<article class=\"w-grid-item size_1x1 post-30112 us_portfolio type-us_portfolio status-publish has-post-thumbnail hentry us_portfolio_category-explore-the-route\" data-id=\"30112\">\r\n\t\t<div class=\"w-grid-item-h\">\r\n\t\t\t\t\t\t\t<a href=\"https:\/\/thesilentroute.com\/en\/us_portfolio\/las-masias-de-ejulve\/\" class=\"w-grid-item-anchor\" aria-label=\"Las mas\u00edas de Ejulve\"><\/a>\r\n\t\t\t\t\t\t<div class=\"w-vwrapper usg_vwrapper_1 align_center valign_top\" style=\"--vwrapper-gap:2rem\"><div class=\"w-post-elm post_image usg_post_image_1 has_width has_height stretched\"><img loading=\"lazy\" decoding=\"async\" width=\"900\" height=\"599\" src=\"https:\/\/thesilentroute.com\/wp-content\/uploads\/2018\/02\/Mas\u00edas-Ejulve-3-1024x682.jpg\" class=\"attachment-large size-large wp-post-image\" alt=\"\" srcset=\"https:\/\/thesilentroute.com\/wp-content\/uploads\/2018\/02\/Mas\u00edas-Ejulve-3-1024x682.jpg 1024w, https:\/\/thesilentroute.com\/wp-content\/uploads\/2018\/02\/Mas\u00edas-Ejulve-3-300x200.jpg 300w, https:\/\/thesilentroute.com\/wp-content\/uploads\/2018\/02\/Mas\u00edas-Ejulve-3-768x512.jpg 768w, https:\/\/thesilentroute.com\/wp-content\/uploads\/2018\/02\/Mas\u00edas-Ejulve-3-600x400.jpg 600w, https:\/\/thesilentroute.com\/wp-content\/uploads\/2018\/02\/Mas\u00edas-Ejulve-3.jpg 1280w\" sizes=\"auto, (max-width: 900px) 100vw, 900px\" \/><\/div><\/div><div class=\"w-vwrapper usg_vwrapper_2 align_center valign_middle\"><h2 class=\"w-post-elm post_title usg_post_title_1 has_text_color align_center entry-title color_link_inherit\">Las mas\u00edas de Ejulve<\/h2><\/div>\t\t<\/div>\r\n\t\t\t<\/article>\r\n\t<article class=\"w-grid-item size_1x1 post-31328 us_portfolio type-us_portfolio status-publish has-post-thumbnail hentry us_portfolio_category-explore-the-route\" data-id=\"31328\">\r\n\t\t<div class=\"w-grid-item-h\">\r\n\t\t\t\t\t\t\t<a href=\"https:\/\/thesilentroute.com\/en\/us_portfolio\/los-estrechos-straits-del-guadalope\/\" class=\"w-grid-item-anchor\" aria-label=\"Los Estrechos (Straits) del Guadalope\"><\/a>\r\n\t\t\t\t\t\t<div class=\"w-vwrapper usg_vwrapper_1 align_center valign_top\" style=\"--vwrapper-gap:2rem\"><div class=\"w-post-elm post_image usg_post_image_1 has_width has_height stretched\"><img loading=\"lazy\" decoding=\"async\" width=\"900\" height=\"599\" src=\"https:\/\/thesilentroute.com\/wp-content\/uploads\/2018\/02\/Estrechos-Guadalope-2-1024x682.jpg\" class=\"attachment-large size-large wp-post-image\" alt=\"\" srcset=\"https:\/\/thesilentroute.com\/wp-content\/uploads\/2018\/02\/Estrechos-Guadalope-2-1024x682.jpg 1024w, https:\/\/thesilentroute.com\/wp-content\/uploads\/2018\/02\/Estrechos-Guadalope-2-300x200.jpg 300w, https:\/\/thesilentroute.com\/wp-content\/uploads\/2018\/02\/Estrechos-Guadalope-2-768x512.jpg 768w, https:\/\/thesilentroute.com\/wp-content\/uploads\/2018\/02\/Estrechos-Guadalope-2-600x400.jpg 600w, https:\/\/thesilentroute.com\/wp-content\/uploads\/2018\/02\/Estrechos-Guadalope-2.jpg 1280w\" sizes=\"auto, (max-width: 900px) 100vw, 900px\" \/><\/div><\/div><div class=\"w-vwrapper usg_vwrapper_2 align_center valign_middle\"><h2 class=\"w-post-elm post_title usg_post_title_1 has_text_color align_center entry-title color_link_inherit\">Los Estrechos (Straits) del Guadalope<\/h2><\/div>\t\t<\/div>\r\n\t\t\t<\/article>\r\n\t<article class=\"w-grid-item size_1x1 post-31335 us_portfolio type-us_portfolio status-publish has-post-thumbnail hentry us_portfolio_category-explore-the-route\" data-id=\"31335\">\r\n\t\t<div class=\"w-grid-item-h\">\r\n\t\t\t\t\t\t\t<a href=\"https:\/\/thesilentroute.com\/en\/us_portfolio\/the-canada-river\/\" class=\"w-grid-item-anchor\" aria-label=\"The Ca\u00f1ada river\"><\/a>\r\n\t\t\t\t\t\t<div class=\"w-vwrapper usg_vwrapper_1 align_center valign_top\" style=\"--vwrapper-gap:2rem\"><div class=\"w-post-elm post_image usg_post_image_1 has_width has_height stretched\"><img loading=\"lazy\" decoding=\"async\" width=\"900\" height=\"599\" src=\"https:\/\/thesilentroute.com\/wp-content\/uploads\/2018\/02\/R\u00edo-Ca\u00f1ada-2-1024x682.jpg\" class=\"attachment-large size-large wp-post-image\" alt=\"\" srcset=\"https:\/\/thesilentroute.com\/wp-content\/uploads\/2018\/02\/R\u00edo-Ca\u00f1ada-2-1024x682.jpg 1024w, https:\/\/thesilentroute.com\/wp-content\/uploads\/2018\/02\/R\u00edo-Ca\u00f1ada-2-300x200.jpg 300w, https:\/\/thesilentroute.com\/wp-content\/uploads\/2018\/02\/R\u00edo-Ca\u00f1ada-2-768x512.jpg 768w, https:\/\/thesilentroute.com\/wp-content\/uploads\/2018\/02\/R\u00edo-Ca\u00f1ada-2-600x400.jpg 600w, https:\/\/thesilentroute.com\/wp-content\/uploads\/2018\/02\/R\u00edo-Ca\u00f1ada-2.jpg 1280w\" sizes=\"auto, (max-width: 900px) 100vw, 900px\" \/><\/div><\/div><div class=\"w-vwrapper usg_vwrapper_2 align_center valign_middle\"><h2 class=\"w-post-elm post_title usg_post_title_1 has_text_color align_center entry-title color_link_inherit\">The Ca\u00f1ada river<\/h2><\/div>\t\t<\/div>\r\n\t\t\t<\/article>\r\n\t<article class=\"w-grid-item size_1x1 post-31338 us_portfolio type-us_portfolio status-publish has-post-thumbnail hentry us_portfolio_category-explore-the-route\" data-id=\"31338\">\r\n\t\t<div class=\"w-grid-item-h\">\r\n\t\t\t\t\t\t\t<a href=\"https:\/\/thesilentroute.com\/en\/us_portfolio\/el-cuarto-pelado\/\" class=\"w-grid-item-anchor\" aria-label=\"El Cuarto Pelado\"><\/a>\r\n\t\t\t\t\t\t<div class=\"w-vwrapper usg_vwrapper_1 align_center valign_top\" style=\"--vwrapper-gap:2rem\"><div class=\"w-post-elm post_image usg_post_image_1 has_width has_height stretched\"><img loading=\"lazy\" decoding=\"async\" width=\"900\" height=\"599\" src=\"https:\/\/thesilentroute.com\/wp-content\/uploads\/2018\/02\/El-cuarto-Pelado-1-1024x682.jpg\" class=\"attachment-large size-large wp-post-image\" alt=\"\" srcset=\"https:\/\/thesilentroute.com\/wp-content\/uploads\/2018\/02\/El-cuarto-Pelado-1-1024x682.jpg 1024w, https:\/\/thesilentroute.com\/wp-content\/uploads\/2018\/02\/El-cuarto-Pelado-1-300x200.jpg 300w, https:\/\/thesilentroute.com\/wp-content\/uploads\/2018\/02\/El-cuarto-Pelado-1-768x512.jpg 768w, https:\/\/thesilentroute.com\/wp-content\/uploads\/2018\/02\/El-cuarto-Pelado-1-600x400.jpg 600w, https:\/\/thesilentroute.com\/wp-content\/uploads\/2018\/02\/El-cuarto-Pelado-1.jpg 1280w\" sizes=\"auto, (max-width: 900px) 100vw, 900px\" \/><\/div><\/div><div class=\"w-vwrapper usg_vwrapper_2 align_center valign_middle\"><h2 class=\"w-post-elm post_title usg_post_title_1 has_text_color align_center entry-title color_link_inherit\">El Cuarto Pelado<\/h2><\/div>\t\t<\/div>\r\n\t\t\t<\/article>\r\n\t<article class=\"w-grid-item size_1x1 post-31341 us_portfolio type-us_portfolio status-publish has-post-thumbnail hentry us_portfolio_category-explore-the-route\" data-id=\"31341\">\r\n\t\t<div class=\"w-grid-item-h\">\r\n\t\t\t\t\t\t\t<a href=\"https:\/\/thesilentroute.com\/en\/us_portfolio\/the-villages\/\" class=\"w-grid-item-anchor\" aria-label=\"The villages\"><\/a>\r\n\t\t\t\t\t\t<div class=\"w-vwrapper usg_vwrapper_1 align_center valign_top\" style=\"--vwrapper-gap:2rem\"><div class=\"w-post-elm post_image usg_post_image_1 has_width has_height stretched\"><img loading=\"lazy\" decoding=\"async\" width=\"900\" height=\"301\" src=\"https:\/\/thesilentroute.com\/wp-content\/uploads\/2018\/01\/headerPueblos-1024x342.jpg\" class=\"attachment-large size-large wp-post-image\" alt=\"\" srcset=\"https:\/\/thesilentroute.com\/wp-content\/uploads\/2018\/01\/headerPueblos-1024x342.jpg 1024w, https:\/\/thesilentroute.com\/wp-content\/uploads\/2018\/01\/headerPueblos-300x100.jpg 300w, https:\/\/thesilentroute.com\/wp-content\/uploads\/2018\/01\/headerPueblos-768x256.jpg 768w, https:\/\/thesilentroute.com\/wp-content\/uploads\/2018\/01\/headerPueblos-600x200.jpg 600w, https:\/\/thesilentroute.com\/wp-content\/uploads\/2018\/01\/headerPueblos.jpg 1240w\" sizes=\"auto, (max-width: 900px) 100vw, 900px\" \/><\/div><\/div><div class=\"w-vwrapper usg_vwrapper_2 align_center valign_middle\"><h2 class=\"w-post-elm post_title usg_post_title_1 has_text_color align_center entry-title color_link_inherit\">The villages<\/h2><\/div>\t\t<\/div>\r\n\t\t\t<\/article>\r\n<\/div>\t<div class=\"w-grid-preloader\">\r\n\t\t<div class=\"g-preloader type_1\">\r\n\t\t\t<div><\/div>\r\n\t\t<\/div>\r\n\t<\/div>\r\n\t\t<div class=\"w-grid-json hidden\" onclick='return {&quot;action&quot;:&quot;us_ajax_grid&quot;,&quot;infinite_scroll&quot;:0,&quot;max_num_pages&quot;:1,&quot;pagination&quot;:&quot;none&quot;,&quot;template_vars&quot;:{&quot;columns&quot;:&quot;4&quot;,&quot;exclude_items&quot;:&quot;none&quot;,&quot;img_size&quot;:&quot;default&quot;,&quot;ignore_items_size&quot;:0,&quot;items_layout&quot;:&quot;26290&quot;,&quot;items_offset&quot;:&quot;1&quot;,&quot;load_animation&quot;:&quot;none&quot;,&quot;overriding_link&quot;:&quot;%7B%22type%22%3A%22post%22%7D&quot;,&quot;post_id&quot;:0,&quot;query_args&quot;:{&quot;post_type&quot;:[&quot;us_portfolio&quot;],&quot;tax_query&quot;:[{&quot;taxonomy&quot;:&quot;us_portfolio_category&quot;,&quot;field&quot;:&quot;slug&quot;,&quot;terms&quot;:[&quot;explore-the-route&quot;]}],&quot;post_status&quot;:[&quot;publish&quot;],&quot;posts_per_page&quot;:&quot;7&quot;},&quot;orderby_query_args&quot;:{&quot;orderby&quot;:&quot;custom_field_num&quot;,&quot;meta_key&quot;:&quot;orden&quot;,&quot;order&quot;:&quot;ASC&quot;},&quot;type&quot;:&quot;grid&quot;,&quot;us_grid_post_type&quot;:&quot;us_portfolio&quot;,&quot;us_grid_ajax_index&quot;:1,&quot;us_grid_filter_query_string&quot;:null,&quot;us_grid_index&quot;:1,&quot;page_args&quot;:[],&quot;lang&quot;:&quot;en&quot;}}'><\/div>\r\n\t<\/div><div class=\"wpb_text_column\"><div class=\"wpb_wrapper\"><\/div><\/div><\/div><\/div><\/div><\/div><\/div><\/section>\n","protected":false},"excerpt":{"rendered":"A-1702 connects villages with the air of another time and with the enchantment of soberarchitecture in which small details stand out in eaves, windows, doors\u2026\u00a0 Villages that simulateships stranded on the top of the promontory such as Villarluengo, or thatis adapted to the slopewith a blanket of vegetation such as Ejulve, pictures of beauty suspended...","protected":false},"author":1,"featured_media":29399,"parent":0,"menu_order":0,"comment_status":"closed","ping_status":"closed","template":"","meta":{"_monsterinsights_skip_tracking":false,"_monsterinsights_sitenote_active":false,"_monsterinsights_sitenote_note":"","_monsterinsights_sitenote_category":0,"footnotes":""},"class_list":["post-28861","page","type-page","status-publish","has-post-thumbnail","hentry"],"yoast_head":"<!-- This site is optimized with the Yoast SEO plugin v27.2 - https:\/\/yoast.com\/product\/yoast-seo-wordpress\/ -->\n<title>EXPLORE THE ROUTE - Silent Route<\/title>\n<meta name=\"robots\" content=\"index, follow, max-snippet:-1, max-image-preview:large, max-video-preview:-1\" \/>\n<link rel=\"canonical\" href=\"https:\/\/thesilentroute.com\/en\/explore-the-route\/\" \/>\n<meta property=\"og:locale\" content=\"en_US\" \/>\n<meta property=\"og:type\" content=\"article\" \/>\n<meta property=\"og:title\" content=\"EXPLORE THE ROUTE - Silent Route\" \/>\n<meta property=\"og:url\" content=\"https:\/\/thesilentroute.com\/en\/explore-the-route\/\" \/>\n<meta property=\"og:site_name\" content=\"Silent Route\" \/>\n<meta property=\"article:publisher\" content=\"https:\/\/www.facebook.com\/TheSilentRouteMaestrazgo\/\" \/>\n<meta property=\"article:modified_time\" content=\"2022-06-07T11:59:09+00:00\" \/>\n<meta property=\"og:image\" content=\"https:\/\/thesilentroute.com\/wp-content\/uploads\/2018\/05\/headerOrganosMontoro.jpg\" \/>\n\t<meta property=\"og:image:width\" content=\"1240\" \/>\n\t<meta property=\"og:image:height\" content=\"413\" \/>\n\t<meta property=\"og:image:type\" content=\"image\/jpeg\" \/>\n<meta name=\"twitter:card\" content=\"summary_large_image\" \/>\n<meta name=\"twitter:label1\" content=\"Est. reading time\" \/>\n\t<meta name=\"twitter:data1\" content=\"1 minute\" \/>\n<script type=\"application\/ld+json\" class=\"yoast-schema-graph\">{\"@context\":\"https:\/\/schema.org\",\"@graph\":[{\"@type\":\"WebPage\",\"@id\":\"https:\/\/thesilentroute.com\/en\/explore-the-route\/\",\"url\":\"https:\/\/thesilentroute.com\/en\/explore-the-route\/\",\"name\":\"EXPLORE THE ROUTE - Silent Route\",\"isPartOf\":{\"@id\":\"https:\/\/thesilentroute.com\/en\/#website\"},\"primaryImageOfPage\":{\"@id\":\"https:\/\/thesilentroute.com\/en\/explore-the-route\/#primaryimage\"},\"image\":{\"@id\":\"https:\/\/thesilentroute.com\/en\/explore-the-route\/#primaryimage\"},\"thumbnailUrl\":\"https:\/\/thesilentroute.com\/wp-content\/uploads\/2018\/05\/headerOrganosMontoro.jpg\",\"datePublished\":\"2021-06-23T15:45:11+00:00\",\"dateModified\":\"2022-06-07T11:59:09+00:00\",\"breadcrumb\":{\"@id\":\"https:\/\/thesilentroute.com\/en\/explore-the-route\/#breadcrumb\"},\"inLanguage\":\"en-US\",\"potentialAction\":[{\"@type\":\"ReadAction\",\"target\":[\"https:\/\/thesilentroute.com\/en\/explore-the-route\/\"]}]},{\"@type\":\"ImageObject\",\"inLanguage\":\"en-US\",\"@id\":\"https:\/\/thesilentroute.com\/en\/explore-the-route\/#primaryimage\",\"url\":\"https:\/\/thesilentroute.com\/wp-content\/uploads\/2018\/05\/headerOrganosMontoro.jpg\",\"contentUrl\":\"https:\/\/thesilentroute.com\/wp-content\/uploads\/2018\/05\/headerOrganosMontoro.jpg\",\"width\":1240,\"height\":413,\"caption\":\"Diptico Concurso fotograf\u00eda\"},{\"@type\":\"BreadcrumbList\",\"@id\":\"https:\/\/thesilentroute.com\/en\/explore-the-route\/#breadcrumb\",\"itemListElement\":[{\"@type\":\"ListItem\",\"position\":1,\"name\":\"Portada\",\"item\":\"https:\/\/thesilentroute.com\/en\/\"},{\"@type\":\"ListItem\",\"position\":2,\"name\":\"EXPLORE THE ROUTE\"}]},{\"@type\":\"WebSite\",\"@id\":\"https:\/\/thesilentroute.com\/en\/#website\",\"url\":\"https:\/\/thesilentroute.com\/en\/\",\"name\":\"Silent Route\",\"description\":\"Un viaje que te descubrir\u00e1  espacios inexplorados, experiencias&lt;br&gt;\u00fanicas, excepcionales, aut\u00e9nticas. Sensaciones inolvidables.\",\"publisher\":{\"@id\":\"https:\/\/thesilentroute.com\/en\/#organization\"},\"potentialAction\":[{\"@type\":\"SearchAction\",\"target\":{\"@type\":\"EntryPoint\",\"urlTemplate\":\"https:\/\/thesilentroute.com\/en\/?s={search_term_string}\"},\"query-input\":{\"@type\":\"PropertyValueSpecification\",\"valueRequired\":true,\"valueName\":\"search_term_string\"}}],\"inLanguage\":\"en-US\"},{\"@type\":\"Organization\",\"@id\":\"https:\/\/thesilentroute.com\/en\/#organization\",\"name\":\"The Silent Route\",\"url\":\"https:\/\/thesilentroute.com\/en\/\",\"logo\":{\"@type\":\"ImageObject\",\"inLanguage\":\"en-US\",\"@id\":\"https:\/\/thesilentroute.com\/en\/#\/schema\/logo\/image\/\",\"url\":\"https:\/\/thesilentroute.com\/wp-content\/uploads\/2018\/02\/silent-route.png\",\"contentUrl\":\"https:\/\/thesilentroute.com\/wp-content\/uploads\/2018\/02\/silent-route.png\",\"width\":800,\"height\":600,\"caption\":\"The Silent Route\"},\"image\":{\"@id\":\"https:\/\/thesilentroute.com\/en\/#\/schema\/logo\/image\/\"},\"sameAs\":[\"https:\/\/www.facebook.com\/TheSilentRouteMaestrazgo\/\",\"https:\/\/www.instagram.com\/thesilentroute\/\",\"https:\/\/www.youtube.com\/channel\/UCk_dF_cRDIv1sSqbrCpFFAw\"]}]}<\/script>\n<!-- \/ Yoast SEO plugin. -->","yoast_head_json":{"title":"EXPLORE THE ROUTE - Silent Route","robots":{"index":"index","follow":"follow","max-snippet":"max-snippet:-1","max-image-preview":"max-image-preview:large","max-video-preview":"max-video-preview:-1"},"canonical":"https:\/\/thesilentroute.com\/en\/explore-the-route\/","og_locale":"en_US","og_type":"article","og_title":"EXPLORE THE ROUTE - Silent Route","og_url":"https:\/\/thesilentroute.com\/en\/explore-the-route\/","og_site_name":"Silent Route","article_publisher":"https:\/\/www.facebook.com\/TheSilentRouteMaestrazgo\/","article_modified_time":"2022-06-07T11:59:09+00:00","og_image":[{"width":1240,"height":413,"url":"https:\/\/thesilentroute.com\/wp-content\/uploads\/2018\/05\/headerOrganosMontoro.jpg","type":"image\/jpeg"}],"twitter_card":"summary_large_image","twitter_misc":{"Est. reading time":"1 minute"},"schema":{"@context":"https:\/\/schema.org","@graph":[{"@type":"WebPage","@id":"https:\/\/thesilentroute.com\/en\/explore-the-route\/","url":"https:\/\/thesilentroute.com\/en\/explore-the-route\/","name":"EXPLORE THE ROUTE - Silent Route","isPartOf":{"@id":"https:\/\/thesilentroute.com\/en\/#website"},"primaryImageOfPage":{"@id":"https:\/\/thesilentroute.com\/en\/explore-the-route\/#primaryimage"},"image":{"@id":"https:\/\/thesilentroute.com\/en\/explore-the-route\/#primaryimage"},"thumbnailUrl":"https:\/\/thesilentroute.com\/wp-content\/uploads\/2018\/05\/headerOrganosMontoro.jpg","datePublished":"2021-06-23T15:45:11+00:00","dateModified":"2022-06-07T11:59:09+00:00","breadcrumb":{"@id":"https:\/\/thesilentroute.com\/en\/explore-the-route\/#breadcrumb"},"inLanguage":"en-US","potentialAction":[{"@type":"ReadAction","target":["https:\/\/thesilentroute.com\/en\/explore-the-route\/"]}]},{"@type":"ImageObject","inLanguage":"en-US","@id":"https:\/\/thesilentroute.com\/en\/explore-the-route\/#primaryimage","url":"https:\/\/thesilentroute.com\/wp-content\/uploads\/2018\/05\/headerOrganosMontoro.jpg","contentUrl":"https:\/\/thesilentroute.com\/wp-content\/uploads\/2018\/05\/headerOrganosMontoro.jpg","width":1240,"height":413,"caption":"Diptico Concurso fotograf\u00eda"},{"@type":"BreadcrumbList","@id":"https:\/\/thesilentroute.com\/en\/explore-the-route\/#breadcrumb","itemListElement":[{"@type":"ListItem","position":1,"name":"Portada","item":"https:\/\/thesilentroute.com\/en\/"},{"@type":"ListItem","position":2,"name":"EXPLORE THE ROUTE"}]},{"@type":"WebSite","@id":"https:\/\/thesilentroute.com\/en\/#website","url":"https:\/\/thesilentroute.com\/en\/","name":"Silent Route","description":"Un viaje que te descubrir\u00e1  espacios inexplorados, experiencias&lt;br&gt;\u00fanicas, excepcionales, aut\u00e9nticas. Sensaciones inolvidables.","publisher":{"@id":"https:\/\/thesilentroute.com\/en\/#organization"},"potentialAction":[{"@type":"SearchAction","target":{"@type":"EntryPoint","urlTemplate":"https:\/\/thesilentroute.com\/en\/?s={search_term_string}"},"query-input":{"@type":"PropertyValueSpecification","valueRequired":true,"valueName":"search_term_string"}}],"inLanguage":"en-US"},{"@type":"Organization","@id":"https:\/\/thesilentroute.com\/en\/#organization","name":"The Silent Route","url":"https:\/\/thesilentroute.com\/en\/","logo":{"@type":"ImageObject","inLanguage":"en-US","@id":"https:\/\/thesilentroute.com\/en\/#\/schema\/logo\/image\/","url":"https:\/\/thesilentroute.com\/wp-content\/uploads\/2018\/02\/silent-route.png","contentUrl":"https:\/\/thesilentroute.com\/wp-content\/uploads\/2018\/02\/silent-route.png","width":800,"height":600,"caption":"The Silent Route"},"image":{"@id":"https:\/\/thesilentroute.com\/en\/#\/schema\/logo\/image\/"},"sameAs":["https:\/\/www.facebook.com\/TheSilentRouteMaestrazgo\/","https:\/\/www.instagram.com\/thesilentroute\/","https:\/\/www.youtube.com\/channel\/UCk_dF_cRDIv1sSqbrCpFFAw"]}]}},"_links":{"self":[{"href":"https:\/\/thesilentroute.com\/en\/wp-json\/wp\/v2\/pages\/28861","targetHints":{"allow":["GET"]}}],"collection":[{"href":"https:\/\/thesilentroute.com\/en\/wp-json\/wp\/v2\/pages"}],"about":[{"href":"https:\/\/thesilentroute.com\/en\/wp-json\/wp\/v2\/types\/page"}],"author":[{"embeddable":true,"href":"https:\/\/thesilentroute.com\/en\/wp-json\/wp\/v2\/users\/1"}],"replies":[{"embeddable":true,"href":"https:\/\/thesilentroute.com\/en\/wp-json\/wp\/v2\/comments?post=28861"}],"version-history":[{"count":17,"href":"https:\/\/thesilentroute.com\/en\/wp-json\/wp\/v2\/pages\/28861\/revisions"}],"predecessor-version":[{"id":32823,"href":"https:\/\/thesilentroute.com\/en\/wp-json\/wp\/v2\/pages\/28861\/revisions\/32823"}],"wp:featuredmedia":[{"embeddable":true,"href":"https:\/\/thesilentroute.com\/en\/wp-json\/wp\/v2\/media\/29399"}],"wp:attachment":[{"href":"https:\/\/thesilentroute.com\/en\/wp-json\/wp\/v2\/media?parent=28861"}],"curies":[{"name":"wp","href":"https:\/\/api.w.org\/{rel}","templated":true}]}}