{"id":28896,"date":"2021-06-23T17:59:36","date_gmt":"2021-06-23T15:59:36","guid":{"rendered":"https:\/\/thesilentroute.com\/a-road-with-history\/"},"modified":"2021-06-25T12:47:56","modified_gmt":"2021-06-25T10:47:56","slug":"a-road-with-history","status":"publish","type":"page","link":"https:\/\/thesilentroute.com\/en\/a-road-with-history\/","title":{"rendered":"A ROAD WITH HISTORY"},"content":{"rendered":"<section class=\"l-section wpb_row height_large\"><div class=\"l-section-h i-cf\"><div class=\"g-cols vc_row via_flex valign_top type_default stacking_default\"><div class=\"vc_col-sm-12 wpb_column vc_column_container\"><div class=\"vc_column-inner\"><div class=\"wpb_wrapper\"><div class=\"wpb_text_column\"><div class=\"wpb_wrapper\"><p style=\"text-align: center;\"><span class=\"VIiyi\" lang=\"en\"><span class=\"JLqJ4b ChMk0b\" data-language-for-alternatives=\"en\" data-language-to-translate-into=\"es\" data-phrase-index=\"0\">The identity feature of this road is the landscape and the silence;<\/span> <span class=\"JLqJ4b ChMk0b\" data-language-for-alternatives=\"en\" data-language-to-translate-into=\"es\" data-phrase-index=\"1\">a silence that whispers to us old and suggestive stories that have been woven by its travelers over the years.<\/span> <span class=\"JLqJ4b ChMk0b\" data-language-for-alternatives=\"en\" data-language-to-translate-into=\"es\" data-phrase-index=\"2\">Between history and legend, the real and the utopian, the waking and the dream, the journey along this road will tell us stories about the Carlist wars, the maquis, the first continuous paper factory in Spain or the &#8220;Cayman&#8221;,<\/span> <span class=\"JLqJ4b ChMk0b\" data-language-for-alternatives=\"en\" data-language-to-translate-into=\"es\" data-phrase-index=\"3\">the bus line that has been connecting Ejulve with Cantavieja for decades.<\/span><\/span><\/p>\n<\/div><\/div><\/div><\/div><\/div><\/div><\/div><\/section><section class=\"l-section wpb_row height_auto\"><div class=\"l-section-h i-cf\"><div class=\"g-cols vc_row via_flex valign_top type_default stacking_default\"><div class=\"vc_col-sm-12 wpb_column vc_column_container\"><div class=\"vc_column-inner\"><div class=\"wpb_wrapper\"><div class=\"w-grid us_grid type_grid layout_26290 cols_3 preload_style_spinner ratio_1x1\" id=\"us_grid_1\" style=\"--columns:3;--gap:0.3rem;--item-ratio:1;\" data-filterable=\"true\"><style>@media (max-width:1024px){#us_grid_1{--columns:2!important}}@media (max-width:600px){#us_grid_1{--columns:1!important}}.layout_26290 .w-grid-item-h{border-radius:0rem}.layout_26290 .usg_post_image_1{transition-duration:0.3s;transform-origin:50% 50%;transform:scale(1) translate(0%,0%)}.layout_26290 .w-grid-item-h:focus-within .usg_post_image_1,.layout_26290 .w-grid-item-h:hover .usg_post_image_1{transform:scale(1) translate(0%,0%);opacity:0.15}.layout_26290 .usg_vwrapper_2{transition-duration:0.3s;transform-origin:50% 50%;transform:scale(1) translate(0%,0%)}.layout_26290 .w-grid-item-h:focus-within .usg_vwrapper_2,.layout_26290 .w-grid-item-h:hover .usg_vwrapper_2{transform:scale(1) translate(0%,-20%);opacity:1;color:inherit!important}.layout_26290 .usg_post_image_1{width:20rem!important;height:15rem!important}.layout_26290 .usg_post_title_1{color:#ffffff!important;font-size:1.2rem!important;font-weight:700!important;position:fixed!important;top:-5rem!important}<\/style><div class=\"w-grid-list\">\t<article class=\"w-grid-item size_1x1 post-31682 us_portfolio type-us_portfolio status-publish has-post-thumbnail hentry us_portfolio_category-a-road-with-history\" data-id=\"31682\">\r\n\t\t<div class=\"w-grid-item-h\">\r\n\t\t\t\t\t\t\t<a href=\"https:\/\/thesilentroute.com\/en\/us_portfolio\/the-factories-of-villarluengo\/\" class=\"w-grid-item-anchor\" aria-label=\"The factories of Villarluengo\"><\/a>\r\n\t\t\t\t\t\t<div class=\"w-vwrapper usg_vwrapper_1 align_center valign_top\" style=\"--vwrapper-gap:2rem\"><div class=\"w-post-elm post_image usg_post_image_1 has_width has_height stretched\"><img loading=\"lazy\" decoding=\"async\" width=\"900\" height=\"606\" src=\"https:\/\/thesilentroute.com\/wp-content\/uploads\/2018\/05\/Las-f\u00e1bricas-de-papel_F\u00e1bricas-2-Copy-1024x689.jpg\" class=\"attachment-large size-large wp-post-image\" alt=\"\" srcset=\"https:\/\/thesilentroute.com\/wp-content\/uploads\/2018\/05\/Las-f\u00e1bricas-de-papel_F\u00e1bricas-2-Copy-1024x689.jpg 1024w, https:\/\/thesilentroute.com\/wp-content\/uploads\/2018\/05\/Las-f\u00e1bricas-de-papel_F\u00e1bricas-2-Copy-300x202.jpg 300w, https:\/\/thesilentroute.com\/wp-content\/uploads\/2018\/05\/Las-f\u00e1bricas-de-papel_F\u00e1bricas-2-Copy-768x517.jpg 768w, https:\/\/thesilentroute.com\/wp-content\/uploads\/2018\/05\/Las-f\u00e1bricas-de-papel_F\u00e1bricas-2-Copy-600x404.jpg 600w, https:\/\/thesilentroute.com\/wp-content\/uploads\/2018\/05\/Las-f\u00e1bricas-de-papel_F\u00e1bricas-2-Copy.jpg 1115w\" sizes=\"auto, (max-width: 900px) 100vw, 900px\" \/><\/div><\/div><div class=\"w-vwrapper usg_vwrapper_2 align_center valign_middle\"><h2 class=\"w-post-elm post_title usg_post_title_1 has_text_color align_center entry-title color_link_inherit\">The factories of Villarluengo<\/h2><\/div>\t\t<\/div>\r\n\t\t\t<\/article>\r\n\t<article class=\"w-grid-item size_1x1 post-31685 us_portfolio type-us_portfolio status-publish has-post-thumbnail hentry us_portfolio_category-a-road-with-history\" data-id=\"31685\">\r\n\t\t<div class=\"w-grid-item-h\">\r\n\t\t\t\t\t\t\t<a href=\"https:\/\/thesilentroute.com\/en\/us_portfolio\/el-caiman\/\" class=\"w-grid-item-anchor\" aria-label=\"El caim\u00e1n\"><\/a>\r\n\t\t\t\t\t\t<div class=\"w-vwrapper usg_vwrapper_1 align_center valign_top\" style=\"--vwrapper-gap:2rem\"><div class=\"w-post-elm post_image usg_post_image_1 has_width has_height stretched\"><img loading=\"lazy\" decoding=\"async\" width=\"900\" height=\"595\" src=\"https:\/\/thesilentroute.com\/wp-content\/uploads\/2018\/05\/2.-Caim\u00e1n-1024x677.jpg\" class=\"attachment-large size-large wp-post-image\" alt=\"\" srcset=\"https:\/\/thesilentroute.com\/wp-content\/uploads\/2018\/05\/2.-Caim\u00e1n-1024x677.jpg 1024w, https:\/\/thesilentroute.com\/wp-content\/uploads\/2018\/05\/2.-Caim\u00e1n-300x198.jpg 300w, https:\/\/thesilentroute.com\/wp-content\/uploads\/2018\/05\/2.-Caim\u00e1n-768x508.jpg 768w, https:\/\/thesilentroute.com\/wp-content\/uploads\/2018\/05\/2.-Caim\u00e1n-600x397.jpg 600w, https:\/\/thesilentroute.com\/wp-content\/uploads\/2018\/05\/2.-Caim\u00e1n.jpg 1135w\" sizes=\"auto, (max-width: 900px) 100vw, 900px\" \/><\/div><\/div><div class=\"w-vwrapper usg_vwrapper_2 align_center valign_middle\"><h2 class=\"w-post-elm post_title usg_post_title_1 has_text_color align_center entry-title color_link_inherit\">El caim\u00e1n<\/h2><\/div>\t\t<\/div>\r\n\t\t\t<\/article>\r\n<\/div>\t<div class=\"w-grid-preloader\">\r\n\t\t<div class=\"g-preloader type_1\">\r\n\t\t\t<div><\/div>\r\n\t\t<\/div>\r\n\t<\/div>\r\n\t\t<div class=\"w-grid-json hidden\" onclick='return {&quot;action&quot;:&quot;us_ajax_grid&quot;,&quot;infinite_scroll&quot;:0,&quot;max_num_pages&quot;:1,&quot;pagination&quot;:&quot;none&quot;,&quot;template_vars&quot;:{&quot;columns&quot;:&quot;3&quot;,&quot;exclude_items&quot;:&quot;none&quot;,&quot;img_size&quot;:&quot;default&quot;,&quot;ignore_items_size&quot;:0,&quot;items_layout&quot;:&quot;26290&quot;,&quot;items_offset&quot;:&quot;1&quot;,&quot;load_animation&quot;:&quot;none&quot;,&quot;overriding_link&quot;:&quot;%7B%22type%22%3A%22post%22%7D&quot;,&quot;post_id&quot;:0,&quot;query_args&quot;:{&quot;post_type&quot;:[&quot;us_portfolio&quot;],&quot;tax_query&quot;:[{&quot;taxonomy&quot;:&quot;us_portfolio_category&quot;,&quot;field&quot;:&quot;slug&quot;,&quot;terms&quot;:[&quot;una-carretera-con-historia&quot;]}],&quot;post_status&quot;:[&quot;publish&quot;],&quot;posts_per_page&quot;:999},&quot;orderby_query_args&quot;:{&quot;orderby&quot;:&quot;custom_field&quot;,&quot;meta_key&quot;:&quot;orden&quot;,&quot;order&quot;:&quot;ASC&quot;},&quot;type&quot;:&quot;grid&quot;,&quot;us_grid_post_type&quot;:&quot;us_portfolio&quot;,&quot;us_grid_ajax_index&quot;:1,&quot;us_grid_filter_query_string&quot;:null,&quot;us_grid_index&quot;:1,&quot;page_args&quot;:[],&quot;lang&quot;:&quot;en&quot;}}'><\/div>\r\n\t<\/div><\/div><\/div><\/div><\/div><\/div><\/section>\n","protected":false},"excerpt":{"rendered":"\u00ad\u00ad\u00adIn 1944 in the Valley of Ar\u00e1n the operation \u201cReconquest of Spain\u201d failed, carried out by Spanish republicans who had fought against the Nazisin France. Some of them reached the Iberian mountains to rebuild the resistance against Francoism, forming, together with native guerrillas in April 1946 the Guerrilla Group of Levante y Arag\u00f3n whose line...","protected":false},"author":1,"featured_media":28897,"parent":0,"menu_order":0,"comment_status":"closed","ping_status":"closed","template":"","meta":{"_monsterinsights_skip_tracking":false,"_monsterinsights_sitenote_active":false,"_monsterinsights_sitenote_note":"","_monsterinsights_sitenote_category":0,"footnotes":""},"class_list":["post-28896","page","type-page","status-publish","has-post-thumbnail","hentry"],"yoast_head":"<!-- This site is optimized with the Yoast SEO plugin v27.2 - https:\/\/yoast.com\/product\/yoast-seo-wordpress\/ -->\n<title>A ROAD WITH HISTORY - Silent Route<\/title>\n<meta name=\"robots\" content=\"index, follow, max-snippet:-1, max-image-preview:large, max-video-preview:-1\" \/>\n<link rel=\"canonical\" href=\"https:\/\/thesilentroute.com\/en\/a-road-with-history\/\" \/>\n<meta property=\"og:locale\" content=\"en_US\" \/>\n<meta property=\"og:type\" content=\"article\" \/>\n<meta property=\"og:title\" content=\"A ROAD WITH HISTORY - Silent Route\" \/>\n<meta property=\"og:url\" content=\"https:\/\/thesilentroute.com\/en\/a-road-with-history\/\" \/>\n<meta property=\"og:site_name\" content=\"Silent Route\" \/>\n<meta property=\"article:publisher\" content=\"https:\/\/www.facebook.com\/TheSilentRouteMaestrazgo\/\" \/>\n<meta property=\"article:modified_time\" content=\"2021-06-25T10:47:56+00:00\" \/>\n<meta property=\"og:image\" content=\"https:\/\/thesilentroute.com\/wp-content\/uploads\/2018\/02\/general-17Header.jpg\" \/>\n\t<meta property=\"og:image:width\" content=\"1980\" \/>\n\t<meta property=\"og:image:height\" content=\"660\" \/>\n\t<meta property=\"og:image:type\" content=\"image\/jpeg\" \/>\n<meta name=\"twitter:card\" content=\"summary_large_image\" \/>\n<meta name=\"twitter:label1\" content=\"Est. reading time\" \/>\n\t<meta name=\"twitter:data1\" content=\"1 minute\" \/>\n<script type=\"application\/ld+json\" class=\"yoast-schema-graph\">{\"@context\":\"https:\/\/schema.org\",\"@graph\":[{\"@type\":\"WebPage\",\"@id\":\"https:\/\/thesilentroute.com\/en\/a-road-with-history\/\",\"url\":\"https:\/\/thesilentroute.com\/en\/a-road-with-history\/\",\"name\":\"A ROAD WITH HISTORY - Silent Route\",\"isPartOf\":{\"@id\":\"https:\/\/thesilentroute.com\/en\/#website\"},\"primaryImageOfPage\":{\"@id\":\"https:\/\/thesilentroute.com\/en\/a-road-with-history\/#primaryimage\"},\"image\":{\"@id\":\"https:\/\/thesilentroute.com\/en\/a-road-with-history\/#primaryimage\"},\"thumbnailUrl\":\"https:\/\/thesilentroute.com\/wp-content\/uploads\/2018\/02\/general-17Header.jpg\",\"datePublished\":\"2021-06-23T15:59:36+00:00\",\"dateModified\":\"2021-06-25T10:47:56+00:00\",\"breadcrumb\":{\"@id\":\"https:\/\/thesilentroute.com\/en\/a-road-with-history\/#breadcrumb\"},\"inLanguage\":\"en-US\",\"potentialAction\":[{\"@type\":\"ReadAction\",\"target\":[\"https:\/\/thesilentroute.com\/en\/a-road-with-history\/\"]}]},{\"@type\":\"ImageObject\",\"inLanguage\":\"en-US\",\"@id\":\"https:\/\/thesilentroute.com\/en\/a-road-with-history\/#primaryimage\",\"url\":\"https:\/\/thesilentroute.com\/wp-content\/uploads\/2018\/02\/general-17Header.jpg\",\"contentUrl\":\"https:\/\/thesilentroute.com\/wp-content\/uploads\/2018\/02\/general-17Header.jpg\",\"width\":1980,\"height\":660,\"caption\":\"Carretera The Silent Route\"},{\"@type\":\"BreadcrumbList\",\"@id\":\"https:\/\/thesilentroute.com\/en\/a-road-with-history\/#breadcrumb\",\"itemListElement\":[{\"@type\":\"ListItem\",\"position\":1,\"name\":\"Portada\",\"item\":\"https:\/\/thesilentroute.com\/en\/\"},{\"@type\":\"ListItem\",\"position\":2,\"name\":\"A ROAD WITH HISTORY\"}]},{\"@type\":\"WebSite\",\"@id\":\"https:\/\/thesilentroute.com\/en\/#website\",\"url\":\"https:\/\/thesilentroute.com\/en\/\",\"name\":\"Silent Route\",\"description\":\"Un viaje que te descubrir\u00e1  espacios inexplorados, experiencias&lt;br&gt;\u00fanicas, excepcionales, aut\u00e9nticas. Sensaciones inolvidables.\",\"publisher\":{\"@id\":\"https:\/\/thesilentroute.com\/en\/#organization\"},\"potentialAction\":[{\"@type\":\"SearchAction\",\"target\":{\"@type\":\"EntryPoint\",\"urlTemplate\":\"https:\/\/thesilentroute.com\/en\/?s={search_term_string}\"},\"query-input\":{\"@type\":\"PropertyValueSpecification\",\"valueRequired\":true,\"valueName\":\"search_term_string\"}}],\"inLanguage\":\"en-US\"},{\"@type\":\"Organization\",\"@id\":\"https:\/\/thesilentroute.com\/en\/#organization\",\"name\":\"The Silent Route\",\"url\":\"https:\/\/thesilentroute.com\/en\/\",\"logo\":{\"@type\":\"ImageObject\",\"inLanguage\":\"en-US\",\"@id\":\"https:\/\/thesilentroute.com\/en\/#\/schema\/logo\/image\/\",\"url\":\"https:\/\/thesilentroute.com\/wp-content\/uploads\/2018\/02\/silent-route.png\",\"contentUrl\":\"https:\/\/thesilentroute.com\/wp-content\/uploads\/2018\/02\/silent-route.png\",\"width\":800,\"height\":600,\"caption\":\"The Silent Route\"},\"image\":{\"@id\":\"https:\/\/thesilentroute.com\/en\/#\/schema\/logo\/image\/\"},\"sameAs\":[\"https:\/\/www.facebook.com\/TheSilentRouteMaestrazgo\/\",\"https:\/\/www.instagram.com\/thesilentroute\/\",\"https:\/\/www.youtube.com\/channel\/UCk_dF_cRDIv1sSqbrCpFFAw\"]}]}<\/script>\n<!-- \/ Yoast SEO plugin. -->","yoast_head_json":{"title":"A ROAD WITH HISTORY - Silent Route","robots":{"index":"index","follow":"follow","max-snippet":"max-snippet:-1","max-image-preview":"max-image-preview:large","max-video-preview":"max-video-preview:-1"},"canonical":"https:\/\/thesilentroute.com\/en\/a-road-with-history\/","og_locale":"en_US","og_type":"article","og_title":"A ROAD WITH HISTORY - Silent Route","og_url":"https:\/\/thesilentroute.com\/en\/a-road-with-history\/","og_site_name":"Silent Route","article_publisher":"https:\/\/www.facebook.com\/TheSilentRouteMaestrazgo\/","article_modified_time":"2021-06-25T10:47:56+00:00","og_image":[{"width":1980,"height":660,"url":"https:\/\/thesilentroute.com\/wp-content\/uploads\/2018\/02\/general-17Header.jpg","type":"image\/jpeg"}],"twitter_card":"summary_large_image","twitter_misc":{"Est. reading time":"1 minute"},"schema":{"@context":"https:\/\/schema.org","@graph":[{"@type":"WebPage","@id":"https:\/\/thesilentroute.com\/en\/a-road-with-history\/","url":"https:\/\/thesilentroute.com\/en\/a-road-with-history\/","name":"A ROAD WITH HISTORY - Silent Route","isPartOf":{"@id":"https:\/\/thesilentroute.com\/en\/#website"},"primaryImageOfPage":{"@id":"https:\/\/thesilentroute.com\/en\/a-road-with-history\/#primaryimage"},"image":{"@id":"https:\/\/thesilentroute.com\/en\/a-road-with-history\/#primaryimage"},"thumbnailUrl":"https:\/\/thesilentroute.com\/wp-content\/uploads\/2018\/02\/general-17Header.jpg","datePublished":"2021-06-23T15:59:36+00:00","dateModified":"2021-06-25T10:47:56+00:00","breadcrumb":{"@id":"https:\/\/thesilentroute.com\/en\/a-road-with-history\/#breadcrumb"},"inLanguage":"en-US","potentialAction":[{"@type":"ReadAction","target":["https:\/\/thesilentroute.com\/en\/a-road-with-history\/"]}]},{"@type":"ImageObject","inLanguage":"en-US","@id":"https:\/\/thesilentroute.com\/en\/a-road-with-history\/#primaryimage","url":"https:\/\/thesilentroute.com\/wp-content\/uploads\/2018\/02\/general-17Header.jpg","contentUrl":"https:\/\/thesilentroute.com\/wp-content\/uploads\/2018\/02\/general-17Header.jpg","width":1980,"height":660,"caption":"Carretera The Silent Route"},{"@type":"BreadcrumbList","@id":"https:\/\/thesilentroute.com\/en\/a-road-with-history\/#breadcrumb","itemListElement":[{"@type":"ListItem","position":1,"name":"Portada","item":"https:\/\/thesilentroute.com\/en\/"},{"@type":"ListItem","position":2,"name":"A ROAD WITH HISTORY"}]},{"@type":"WebSite","@id":"https:\/\/thesilentroute.com\/en\/#website","url":"https:\/\/thesilentroute.com\/en\/","name":"Silent Route","description":"Un viaje que te descubrir\u00e1  espacios inexplorados, experiencias&lt;br&gt;\u00fanicas, excepcionales, aut\u00e9nticas. Sensaciones inolvidables.","publisher":{"@id":"https:\/\/thesilentroute.com\/en\/#organization"},"potentialAction":[{"@type":"SearchAction","target":{"@type":"EntryPoint","urlTemplate":"https:\/\/thesilentroute.com\/en\/?s={search_term_string}"},"query-input":{"@type":"PropertyValueSpecification","valueRequired":true,"valueName":"search_term_string"}}],"inLanguage":"en-US"},{"@type":"Organization","@id":"https:\/\/thesilentroute.com\/en\/#organization","name":"The Silent Route","url":"https:\/\/thesilentroute.com\/en\/","logo":{"@type":"ImageObject","inLanguage":"en-US","@id":"https:\/\/thesilentroute.com\/en\/#\/schema\/logo\/image\/","url":"https:\/\/thesilentroute.com\/wp-content\/uploads\/2018\/02\/silent-route.png","contentUrl":"https:\/\/thesilentroute.com\/wp-content\/uploads\/2018\/02\/silent-route.png","width":800,"height":600,"caption":"The Silent Route"},"image":{"@id":"https:\/\/thesilentroute.com\/en\/#\/schema\/logo\/image\/"},"sameAs":["https:\/\/www.facebook.com\/TheSilentRouteMaestrazgo\/","https:\/\/www.instagram.com\/thesilentroute\/","https:\/\/www.youtube.com\/channel\/UCk_dF_cRDIv1sSqbrCpFFAw"]}]}},"_links":{"self":[{"href":"https:\/\/thesilentroute.com\/en\/wp-json\/wp\/v2\/pages\/28896","targetHints":{"allow":["GET"]}}],"collection":[{"href":"https:\/\/thesilentroute.com\/en\/wp-json\/wp\/v2\/pages"}],"about":[{"href":"https:\/\/thesilentroute.com\/en\/wp-json\/wp\/v2\/types\/page"}],"author":[{"embeddable":true,"href":"https:\/\/thesilentroute.com\/en\/wp-json\/wp\/v2\/users\/1"}],"replies":[{"embeddable":true,"href":"https:\/\/thesilentroute.com\/en\/wp-json\/wp\/v2\/comments?post=28896"}],"version-history":[{"count":10,"href":"https:\/\/thesilentroute.com\/en\/wp-json\/wp\/v2\/pages\/28896\/revisions"}],"predecessor-version":[{"id":31681,"href":"https:\/\/thesilentroute.com\/en\/wp-json\/wp\/v2\/pages\/28896\/revisions\/31681"}],"wp:featuredmedia":[{"embeddable":true,"href":"https:\/\/thesilentroute.com\/en\/wp-json\/wp\/v2\/media\/28897"}],"wp:attachment":[{"href":"https:\/\/thesilentroute.com\/en\/wp-json\/wp\/v2\/media?parent=28896"}],"curies":[{"name":"wp","href":"https:\/\/api.w.org\/{rel}","templated":true}]}}