{"id":29063,"date":"2021-06-23T18:50:00","date_gmt":"2021-06-23T16:50:00","guid":{"rendered":"https:\/\/thesilentroute.com\/off-route-itineraries\/"},"modified":"2021-06-25T17:32:28","modified_gmt":"2021-06-25T15:32:28","slug":"off-route-itineraries","status":"publish","type":"page","link":"https:\/\/thesilentroute.com\/en\/off-route-itineraries\/","title":{"rendered":"Off-route itineraries"},"content":{"rendered":"<section class=\"l-section wpb_row height_large\"><div class=\"l-section-h i-cf\"><div class=\"g-cols vc_row via_flex valign_top type_default stacking_default\"><div class=\"vc_col-sm-12 wpb_column vc_column_container\"><div class=\"vc_column-inner\"><div class=\"wpb_wrapper\"><div class=\"w-grid us_grid type_grid layout_26290 cols_4 preload_style_spinner ratio_1x1\" id=\"us_grid_1\" style=\"--columns:4;--gap:0.3rem;--item-ratio:1;\" data-filterable=\"true\"><style>@media (max-width:1280px){#us_grid_1{--columns:3!important}}@media (max-width:1024px){#us_grid_1{--columns:2!important}}@media (max-width:600px){#us_grid_1{--columns:1!important}}.layout_26290 .w-grid-item-h{border-radius:0rem}.layout_26290 .usg_post_image_1{transition-duration:0.3s;transform-origin:50% 50%;transform:scale(1) translate(0%,0%)}.layout_26290 .w-grid-item-h:focus-within .usg_post_image_1,.layout_26290 .w-grid-item-h:hover .usg_post_image_1{transform:scale(1) translate(0%,0%);opacity:0.15}.layout_26290 .usg_vwrapper_2{transition-duration:0.3s;transform-origin:50% 50%;transform:scale(1) translate(0%,0%)}.layout_26290 .w-grid-item-h:focus-within .usg_vwrapper_2,.layout_26290 .w-grid-item-h:hover .usg_vwrapper_2{transform:scale(1) translate(0%,-20%);opacity:1;color:inherit!important}.layout_26290 .usg_post_image_1{width:20rem!important;height:15rem!important}.layout_26290 .usg_post_title_1{color:#ffffff!important;font-size:1.2rem!important;font-weight:700!important;position:fixed!important;top:-5rem!important}<\/style><div class=\"w-grid-list\">\t<article class=\"w-grid-item size_1x1 post-31325 us_portfolio type-us_portfolio status-publish has-post-thumbnail hentry us_portfolio_category-off-road-itineraries\" data-id=\"31325\">\r\n\t\t<div class=\"w-grid-item-h\">\r\n\t\t\t\t\t\t\t<a href=\"https:\/\/thesilentroute.com\/en\/us_portfolio\/lovely-villages-of-the-maestrazgo\/\" class=\"w-grid-item-anchor\" aria-label=\"Lovely villages of the Maestrazgo\"><\/a>\r\n\t\t\t\t\t\t<div class=\"w-vwrapper usg_vwrapper_1 align_center valign_top\" style=\"--vwrapper-gap:2rem\"><div class=\"w-post-elm post_image usg_post_image_1 has_width has_height stretched\"><img loading=\"lazy\" decoding=\"async\" width=\"682\" height=\"1024\" src=\"https:\/\/thesilentroute.com\/wp-content\/uploads\/2018\/02\/Itinerario-Tronch\u00f3n-Cantavieja-10-682x1024.jpg\" class=\"attachment-large size-large wp-post-image\" alt=\"\" srcset=\"https:\/\/thesilentroute.com\/wp-content\/uploads\/2018\/02\/Itinerario-Tronch\u00f3n-Cantavieja-10-682x1024.jpg 682w, https:\/\/thesilentroute.com\/wp-content\/uploads\/2018\/02\/Itinerario-Tronch\u00f3n-Cantavieja-10-200x300.jpg 200w, https:\/\/thesilentroute.com\/wp-content\/uploads\/2018\/02\/Itinerario-Tronch\u00f3n-Cantavieja-10-768x1152.jpg 768w, https:\/\/thesilentroute.com\/wp-content\/uploads\/2018\/02\/Itinerario-Tronch\u00f3n-Cantavieja-10-600x900.jpg 600w, https:\/\/thesilentroute.com\/wp-content\/uploads\/2018\/02\/Itinerario-Tronch\u00f3n-Cantavieja-10.jpg 853w\" sizes=\"auto, (max-width: 682px) 100vw, 682px\" \/><\/div><\/div><div class=\"w-vwrapper usg_vwrapper_2 align_center valign_middle\"><h2 class=\"w-post-elm post_title usg_post_title_1 has_text_color align_center entry-title color_link_inherit\">Lovely villages of the Maestrazgo<\/h2><\/div>\t\t<\/div>\r\n\t\t\t<\/article>\r\n\t<article class=\"w-grid-item size_1x1 post-31322 us_portfolio type-us_portfolio status-publish has-post-thumbnail hentry us_portfolio_category-off-road-itineraries\" data-id=\"31322\">\r\n\t\t<div class=\"w-grid-item-h\">\r\n\t\t\t\t\t\t\t<a href=\"https:\/\/thesilentroute.com\/en\/us_portfolio\/north-of-the-maestrazgo\/\" class=\"w-grid-item-anchor\" aria-label=\"North of the Maestrazgo\"><\/a>\r\n\t\t\t\t\t\t<div class=\"w-vwrapper usg_vwrapper_1 align_center valign_top\" style=\"--vwrapper-gap:2rem\"><div class=\"w-post-elm post_image usg_post_image_1 has_width has_height stretched\"><img loading=\"lazy\" decoding=\"async\" width=\"900\" height=\"598\" src=\"https:\/\/thesilentroute.com\/wp-content\/uploads\/2018\/02\/Itinerario-Cuevas-Molinos-16-1024x680.jpg\" class=\"attachment-large size-large wp-post-image\" alt=\"\" srcset=\"https:\/\/thesilentroute.com\/wp-content\/uploads\/2018\/02\/Itinerario-Cuevas-Molinos-16-1024x680.jpg 1024w, https:\/\/thesilentroute.com\/wp-content\/uploads\/2018\/02\/Itinerario-Cuevas-Molinos-16-300x199.jpg 300w, https:\/\/thesilentroute.com\/wp-content\/uploads\/2018\/02\/Itinerario-Cuevas-Molinos-16-768x510.jpg 768w, https:\/\/thesilentroute.com\/wp-content\/uploads\/2018\/02\/Itinerario-Cuevas-Molinos-16-600x400.jpg 600w, https:\/\/thesilentroute.com\/wp-content\/uploads\/2018\/02\/Itinerario-Cuevas-Molinos-16.jpg 1280w\" sizes=\"auto, (max-width: 900px) 100vw, 900px\" \/><\/div><\/div><div class=\"w-vwrapper usg_vwrapper_2 align_center valign_middle\"><h2 class=\"w-post-elm post_title usg_post_title_1 has_text_color align_center entry-title color_link_inherit\">North of the Maestrazgo<\/h2><\/div>\t\t<\/div>\r\n\t\t\t<\/article>\r\n\t<article class=\"w-grid-item size_1x1 post-31319 us_portfolio type-us_portfolio status-publish has-post-thumbnail hentry us_portfolio_category-off-road-itineraries\" data-id=\"31319\">\r\n\t\t<div class=\"w-grid-item-h\">\r\n\t\t\t\t\t\t\t<a href=\"https:\/\/thesilentroute.com\/en\/us_portfolio\/through-the-bailia-de-aliaga\/\" class=\"w-grid-item-anchor\" aria-label=\"Through the Bail\u00eda de Aliaga\"><\/a>\r\n\t\t\t\t\t\t<div class=\"w-vwrapper usg_vwrapper_1 align_center valign_top\" style=\"--vwrapper-gap:2rem\"><div class=\"w-post-elm post_image usg_post_image_1 has_width has_height stretched\"><img loading=\"lazy\" decoding=\"async\" width=\"900\" height=\"675\" src=\"https:\/\/thesilentroute.com\/wp-content\/uploads\/2018\/02\/Itinerario-Miravete-Fortanete-24-1024x768.jpg\" class=\"attachment-large size-large wp-post-image\" alt=\"\" srcset=\"https:\/\/thesilentroute.com\/wp-content\/uploads\/2018\/02\/Itinerario-Miravete-Fortanete-24-1024x768.jpg 1024w, https:\/\/thesilentroute.com\/wp-content\/uploads\/2018\/02\/Itinerario-Miravete-Fortanete-24-300x225.jpg 300w, https:\/\/thesilentroute.com\/wp-content\/uploads\/2018\/02\/Itinerario-Miravete-Fortanete-24-768x576.jpg 768w, https:\/\/thesilentroute.com\/wp-content\/uploads\/2018\/02\/Itinerario-Miravete-Fortanete-24-600x450.jpg 600w, https:\/\/thesilentroute.com\/wp-content\/uploads\/2018\/02\/Itinerario-Miravete-Fortanete-24.jpg 1280w\" sizes=\"auto, (max-width: 900px) 100vw, 900px\" \/><\/div><\/div><div class=\"w-vwrapper usg_vwrapper_2 align_center valign_middle\"><h2 class=\"w-post-elm post_title usg_post_title_1 has_text_color align_center entry-title color_link_inherit\">Through the Bail\u00eda de Aliaga<\/h2><\/div>\t\t<\/div>\r\n\t\t\t<\/article>\r\n\t<article class=\"w-grid-item size_1x1 post-31316 us_portfolio type-us_portfolio status-publish has-post-thumbnail hentry us_portfolio_category-off-road-itineraries\" data-id=\"31316\">\r\n\t\t<div class=\"w-grid-item-h\">\r\n\t\t\t\t\t\t\t<a href=\"https:\/\/thesilentroute.com\/en\/us_portfolio\/from-the-maestrazgo-to-the-martin-river\/\" class=\"w-grid-item-anchor\" aria-label=\"From the Maestrazgo to the Mart\u00edn River\"><\/a>\r\n\t\t\t\t\t\t<div class=\"w-vwrapper usg_vwrapper_1 align_center valign_top\" style=\"--vwrapper-gap:2rem\"><div class=\"w-post-elm post_image usg_post_image_1 has_width has_height stretched\"><img loading=\"lazy\" decoding=\"async\" width=\"900\" height=\"603\" src=\"https:\/\/thesilentroute.com\/wp-content\/uploads\/2018\/05\/Del-Maestrazgo-al-r\u00edo-Mart\u00edn_San-Pedro-Oliete-1024x686.jpg\" class=\"attachment-large size-large wp-post-image\" alt=\"Hoguera de Ejulve\" srcset=\"https:\/\/thesilentroute.com\/wp-content\/uploads\/2018\/05\/Del-Maestrazgo-al-r\u00edo-Mart\u00edn_San-Pedro-Oliete-1024x686.jpg 1024w, https:\/\/thesilentroute.com\/wp-content\/uploads\/2018\/05\/Del-Maestrazgo-al-r\u00edo-Mart\u00edn_San-Pedro-Oliete-300x201.jpg 300w, https:\/\/thesilentroute.com\/wp-content\/uploads\/2018\/05\/Del-Maestrazgo-al-r\u00edo-Mart\u00edn_San-Pedro-Oliete-768x514.jpg 768w, https:\/\/thesilentroute.com\/wp-content\/uploads\/2018\/05\/Del-Maestrazgo-al-r\u00edo-Mart\u00edn_San-Pedro-Oliete-600x402.jpg 600w, https:\/\/thesilentroute.com\/wp-content\/uploads\/2018\/05\/Del-Maestrazgo-al-r\u00edo-Mart\u00edn_San-Pedro-Oliete.jpg 1120w\" sizes=\"auto, (max-width: 900px) 100vw, 900px\" \/><\/div><\/div><div class=\"w-vwrapper usg_vwrapper_2 align_center valign_middle\"><h2 class=\"w-post-elm post_title usg_post_title_1 has_text_color align_center entry-title color_link_inherit\">From the Maestrazgo to the Mart\u00edn River<\/h2><\/div>\t\t<\/div>\r\n\t\t\t<\/article>\r\n<\/div>\t<div class=\"w-grid-preloader\">\r\n\t\t<div class=\"g-preloader type_1\">\r\n\t\t\t<div><\/div>\r\n\t\t<\/div>\r\n\t<\/div>\r\n\t\t<div class=\"w-grid-json hidden\" onclick='return {&quot;action&quot;:&quot;us_ajax_grid&quot;,&quot;infinite_scroll&quot;:0,&quot;max_num_pages&quot;:1,&quot;pagination&quot;:&quot;none&quot;,&quot;template_vars&quot;:{&quot;columns&quot;:&quot;4&quot;,&quot;exclude_items&quot;:&quot;none&quot;,&quot;img_size&quot;:&quot;default&quot;,&quot;ignore_items_size&quot;:0,&quot;items_layout&quot;:&quot;26290&quot;,&quot;items_offset&quot;:&quot;1&quot;,&quot;load_animation&quot;:&quot;none&quot;,&quot;overriding_link&quot;:&quot;%7B%22type%22%3A%22post%22%7D&quot;,&quot;post_id&quot;:0,&quot;query_args&quot;:{&quot;post_type&quot;:[&quot;us_portfolio&quot;],&quot;tax_query&quot;:[{&quot;taxonomy&quot;:&quot;us_portfolio_category&quot;,&quot;field&quot;:&quot;slug&quot;,&quot;terms&quot;:[&quot;itinerarios-fuera-de-ruta&quot;]}],&quot;post_status&quot;:[&quot;publish&quot;],&quot;posts_per_page&quot;:&quot;10&quot;},&quot;orderby_query_args&quot;:{&quot;orderby&quot;:{&quot;date&quot;:&quot;DESC&quot;}},&quot;type&quot;:&quot;grid&quot;,&quot;us_grid_post_type&quot;:&quot;us_portfolio&quot;,&quot;us_grid_ajax_index&quot;:1,&quot;us_grid_filter_query_string&quot;:null,&quot;us_grid_index&quot;:1,&quot;page_args&quot;:[],&quot;lang&quot;:&quot;en&quot;}}'><\/div>\r\n\t<\/div><\/div><\/div><\/div><\/div><\/div><\/section>\n","protected":false},"excerpt":{"rendered":"Venta de la Pintada, Gargallo, Estercuel, Monasterio del Olivar, Ob\u00f3n, Alcaine, Alac\u00f3n, Oliete,\u00a0 Ari\u00f1o, Alloza, Andorra (MWINAS, Museo Minero), Crivill\u00e9n, Venta de la Pintada. 122 km. This circular route of little more than 100 kilometres joins the territory of the Maestrazgo Cultural Park and those of the R\u00edo Mart\u00edn Cultural Park. \u00a0The rock art and...","protected":false},"author":1,"featured_media":29069,"parent":0,"menu_order":0,"comment_status":"closed","ping_status":"closed","template":"","meta":{"_monsterinsights_skip_tracking":false,"_monsterinsights_sitenote_active":false,"_monsterinsights_sitenote_note":"","_monsterinsights_sitenote_category":0,"footnotes":""},"class_list":["post-29063","page","type-page","status-publish","has-post-thumbnail","hentry"],"yoast_head":"<!-- This site is optimized with the Yoast SEO plugin v27.2 - https:\/\/yoast.com\/product\/yoast-seo-wordpress\/ -->\n<title>Off-route itineraries - Silent Route<\/title>\n<meta name=\"robots\" content=\"index, follow, max-snippet:-1, max-image-preview:large, max-video-preview:-1\" \/>\n<link rel=\"canonical\" href=\"https:\/\/thesilentroute.com\/en\/off-route-itineraries\/\" \/>\n<meta property=\"og:locale\" content=\"en_US\" \/>\n<meta property=\"og:type\" content=\"article\" \/>\n<meta property=\"og:title\" content=\"Off-route itineraries - Silent Route\" \/>\n<meta property=\"og:url\" content=\"https:\/\/thesilentroute.com\/en\/off-route-itineraries\/\" \/>\n<meta property=\"og:site_name\" content=\"Silent Route\" \/>\n<meta property=\"article:publisher\" content=\"https:\/\/www.facebook.com\/TheSilentRouteMaestrazgo\/\" \/>\n<meta property=\"article:modified_time\" content=\"2021-06-25T15:32:28+00:00\" \/>\n<meta property=\"og:image\" content=\"https:\/\/thesilentroute.com\/wp-content\/uploads\/2018\/02\/ItinerarioHeader.jpg\" \/>\n\t<meta property=\"og:image:width\" content=\"1980\" \/>\n\t<meta property=\"og:image:height\" content=\"660\" \/>\n\t<meta property=\"og:image:type\" content=\"image\/jpeg\" \/>\n<meta name=\"twitter:card\" content=\"summary_large_image\" \/>\n<script type=\"application\/ld+json\" class=\"yoast-schema-graph\">{\"@context\":\"https:\/\/schema.org\",\"@graph\":[{\"@type\":\"WebPage\",\"@id\":\"https:\/\/thesilentroute.com\/en\/off-route-itineraries\/\",\"url\":\"https:\/\/thesilentroute.com\/en\/off-route-itineraries\/\",\"name\":\"Off-route itineraries - Silent Route\",\"isPartOf\":{\"@id\":\"https:\/\/thesilentroute.com\/en\/#website\"},\"primaryImageOfPage\":{\"@id\":\"https:\/\/thesilentroute.com\/en\/off-route-itineraries\/#primaryimage\"},\"image\":{\"@id\":\"https:\/\/thesilentroute.com\/en\/off-route-itineraries\/#primaryimage\"},\"thumbnailUrl\":\"https:\/\/thesilentroute.com\/wp-content\/uploads\/2018\/02\/ItinerarioHeader.jpg\",\"datePublished\":\"2021-06-23T16:50:00+00:00\",\"dateModified\":\"2021-06-25T15:32:28+00:00\",\"breadcrumb\":{\"@id\":\"https:\/\/thesilentroute.com\/en\/off-route-itineraries\/#breadcrumb\"},\"inLanguage\":\"en-US\",\"potentialAction\":[{\"@type\":\"ReadAction\",\"target\":[\"https:\/\/thesilentroute.com\/en\/off-route-itineraries\/\"]}]},{\"@type\":\"ImageObject\",\"inLanguage\":\"en-US\",\"@id\":\"https:\/\/thesilentroute.com\/en\/off-route-itineraries\/#primaryimage\",\"url\":\"https:\/\/thesilentroute.com\/wp-content\/uploads\/2018\/02\/ItinerarioHeader.jpg\",\"contentUrl\":\"https:\/\/thesilentroute.com\/wp-content\/uploads\/2018\/02\/ItinerarioHeader.jpg\",\"width\":1980,\"height\":660},{\"@type\":\"BreadcrumbList\",\"@id\":\"https:\/\/thesilentroute.com\/en\/off-route-itineraries\/#breadcrumb\",\"itemListElement\":[{\"@type\":\"ListItem\",\"position\":1,\"name\":\"Portada\",\"item\":\"https:\/\/thesilentroute.com\/en\/\"},{\"@type\":\"ListItem\",\"position\":2,\"name\":\"Off-route itineraries\"}]},{\"@type\":\"WebSite\",\"@id\":\"https:\/\/thesilentroute.com\/en\/#website\",\"url\":\"https:\/\/thesilentroute.com\/en\/\",\"name\":\"Silent Route\",\"description\":\"Un viaje que te descubrir\u00e1  espacios inexplorados, experiencias&lt;br&gt;\u00fanicas, excepcionales, aut\u00e9nticas. Sensaciones inolvidables.\",\"publisher\":{\"@id\":\"https:\/\/thesilentroute.com\/en\/#organization\"},\"potentialAction\":[{\"@type\":\"SearchAction\",\"target\":{\"@type\":\"EntryPoint\",\"urlTemplate\":\"https:\/\/thesilentroute.com\/en\/?s={search_term_string}\"},\"query-input\":{\"@type\":\"PropertyValueSpecification\",\"valueRequired\":true,\"valueName\":\"search_term_string\"}}],\"inLanguage\":\"en-US\"},{\"@type\":\"Organization\",\"@id\":\"https:\/\/thesilentroute.com\/en\/#organization\",\"name\":\"The Silent Route\",\"url\":\"https:\/\/thesilentroute.com\/en\/\",\"logo\":{\"@type\":\"ImageObject\",\"inLanguage\":\"en-US\",\"@id\":\"https:\/\/thesilentroute.com\/en\/#\/schema\/logo\/image\/\",\"url\":\"https:\/\/thesilentroute.com\/wp-content\/uploads\/2018\/02\/silent-route.png\",\"contentUrl\":\"https:\/\/thesilentroute.com\/wp-content\/uploads\/2018\/02\/silent-route.png\",\"width\":800,\"height\":600,\"caption\":\"The Silent Route\"},\"image\":{\"@id\":\"https:\/\/thesilentroute.com\/en\/#\/schema\/logo\/image\/\"},\"sameAs\":[\"https:\/\/www.facebook.com\/TheSilentRouteMaestrazgo\/\",\"https:\/\/www.instagram.com\/thesilentroute\/\",\"https:\/\/www.youtube.com\/channel\/UCk_dF_cRDIv1sSqbrCpFFAw\"]}]}<\/script>\n<!-- \/ Yoast SEO plugin. -->","yoast_head_json":{"title":"Off-route itineraries - Silent Route","robots":{"index":"index","follow":"follow","max-snippet":"max-snippet:-1","max-image-preview":"max-image-preview:large","max-video-preview":"max-video-preview:-1"},"canonical":"https:\/\/thesilentroute.com\/en\/off-route-itineraries\/","og_locale":"en_US","og_type":"article","og_title":"Off-route itineraries - Silent Route","og_url":"https:\/\/thesilentroute.com\/en\/off-route-itineraries\/","og_site_name":"Silent Route","article_publisher":"https:\/\/www.facebook.com\/TheSilentRouteMaestrazgo\/","article_modified_time":"2021-06-25T15:32:28+00:00","og_image":[{"width":1980,"height":660,"url":"https:\/\/thesilentroute.com\/wp-content\/uploads\/2018\/02\/ItinerarioHeader.jpg","type":"image\/jpeg"}],"twitter_card":"summary_large_image","schema":{"@context":"https:\/\/schema.org","@graph":[{"@type":"WebPage","@id":"https:\/\/thesilentroute.com\/en\/off-route-itineraries\/","url":"https:\/\/thesilentroute.com\/en\/off-route-itineraries\/","name":"Off-route itineraries - Silent Route","isPartOf":{"@id":"https:\/\/thesilentroute.com\/en\/#website"},"primaryImageOfPage":{"@id":"https:\/\/thesilentroute.com\/en\/off-route-itineraries\/#primaryimage"},"image":{"@id":"https:\/\/thesilentroute.com\/en\/off-route-itineraries\/#primaryimage"},"thumbnailUrl":"https:\/\/thesilentroute.com\/wp-content\/uploads\/2018\/02\/ItinerarioHeader.jpg","datePublished":"2021-06-23T16:50:00+00:00","dateModified":"2021-06-25T15:32:28+00:00","breadcrumb":{"@id":"https:\/\/thesilentroute.com\/en\/off-route-itineraries\/#breadcrumb"},"inLanguage":"en-US","potentialAction":[{"@type":"ReadAction","target":["https:\/\/thesilentroute.com\/en\/off-route-itineraries\/"]}]},{"@type":"ImageObject","inLanguage":"en-US","@id":"https:\/\/thesilentroute.com\/en\/off-route-itineraries\/#primaryimage","url":"https:\/\/thesilentroute.com\/wp-content\/uploads\/2018\/02\/ItinerarioHeader.jpg","contentUrl":"https:\/\/thesilentroute.com\/wp-content\/uploads\/2018\/02\/ItinerarioHeader.jpg","width":1980,"height":660},{"@type":"BreadcrumbList","@id":"https:\/\/thesilentroute.com\/en\/off-route-itineraries\/#breadcrumb","itemListElement":[{"@type":"ListItem","position":1,"name":"Portada","item":"https:\/\/thesilentroute.com\/en\/"},{"@type":"ListItem","position":2,"name":"Off-route itineraries"}]},{"@type":"WebSite","@id":"https:\/\/thesilentroute.com\/en\/#website","url":"https:\/\/thesilentroute.com\/en\/","name":"Silent Route","description":"Un viaje que te descubrir\u00e1  espacios inexplorados, experiencias&lt;br&gt;\u00fanicas, excepcionales, aut\u00e9nticas. Sensaciones inolvidables.","publisher":{"@id":"https:\/\/thesilentroute.com\/en\/#organization"},"potentialAction":[{"@type":"SearchAction","target":{"@type":"EntryPoint","urlTemplate":"https:\/\/thesilentroute.com\/en\/?s={search_term_string}"},"query-input":{"@type":"PropertyValueSpecification","valueRequired":true,"valueName":"search_term_string"}}],"inLanguage":"en-US"},{"@type":"Organization","@id":"https:\/\/thesilentroute.com\/en\/#organization","name":"The Silent Route","url":"https:\/\/thesilentroute.com\/en\/","logo":{"@type":"ImageObject","inLanguage":"en-US","@id":"https:\/\/thesilentroute.com\/en\/#\/schema\/logo\/image\/","url":"https:\/\/thesilentroute.com\/wp-content\/uploads\/2018\/02\/silent-route.png","contentUrl":"https:\/\/thesilentroute.com\/wp-content\/uploads\/2018\/02\/silent-route.png","width":800,"height":600,"caption":"The Silent Route"},"image":{"@id":"https:\/\/thesilentroute.com\/en\/#\/schema\/logo\/image\/"},"sameAs":["https:\/\/www.facebook.com\/TheSilentRouteMaestrazgo\/","https:\/\/www.instagram.com\/thesilentroute\/","https:\/\/www.youtube.com\/channel\/UCk_dF_cRDIv1sSqbrCpFFAw"]}]}},"_links":{"self":[{"href":"https:\/\/thesilentroute.com\/en\/wp-json\/wp\/v2\/pages\/29063","targetHints":{"allow":["GET"]}}],"collection":[{"href":"https:\/\/thesilentroute.com\/en\/wp-json\/wp\/v2\/pages"}],"about":[{"href":"https:\/\/thesilentroute.com\/en\/wp-json\/wp\/v2\/types\/page"}],"author":[{"embeddable":true,"href":"https:\/\/thesilentroute.com\/en\/wp-json\/wp\/v2\/users\/1"}],"replies":[{"embeddable":true,"href":"https:\/\/thesilentroute.com\/en\/wp-json\/wp\/v2\/comments?post=29063"}],"version-history":[{"count":2,"href":"https:\/\/thesilentroute.com\/en\/wp-json\/wp\/v2\/pages\/29063\/revisions"}],"predecessor-version":[{"id":31738,"href":"https:\/\/thesilentroute.com\/en\/wp-json\/wp\/v2\/pages\/29063\/revisions\/31738"}],"wp:featuredmedia":[{"embeddable":true,"href":"https:\/\/thesilentroute.com\/en\/wp-json\/wp\/v2\/media\/29069"}],"wp:attachment":[{"href":"https:\/\/thesilentroute.com\/en\/wp-json\/wp\/v2\/media?parent=29063"}],"curies":[{"name":"wp","href":"https:\/\/api.w.org\/{rel}","templated":true}]}}