{"id":33422,"date":"2023-04-11T16:51:07","date_gmt":"2023-04-11T14:51:07","guid":{"rendered":"https:\/\/thesilentroute.com\/route-services\/silent-bike\/"},"modified":"2023-04-12T10:24:16","modified_gmt":"2023-04-12T08:24:16","slug":"mobile-workshop","status":"publish","type":"page","link":"https:\/\/thesilentroute.com\/en\/route-services\/mobile-workshop\/","title":{"rendered":"Mobile Workshop"},"content":{"rendered":"<section class=\"l-section wpb_row us_custom_19737bc8 height_large\"><div class=\"l-section-h i-cf\"><div class=\"g-cols vc_row via_flex valign_top type_default stacking_default\"><div class=\"vc_col-sm-12 wpb_column vc_column_container\"><div class=\"vc_column-inner\"><div class=\"wpb_wrapper\"><div class=\"wpb_text_column\"><div class=\"wpb_wrapper\"><p><a href=\"http:\/\/www.silentbike.es\/\" target=\"_blank\" rel=\"noopener\"><img loading=\"lazy\" decoding=\"async\" class=\" wp-image-33412 alignleft\" src=\"https:\/\/thesilentroute.com\/wp-content\/uploads\/2023\/04\/logo-silent-bike-300x300.webp\" alt=\"\" width=\"170\" height=\"170\" srcset=\"https:\/\/thesilentroute.com\/wp-content\/uploads\/2023\/04\/logo-silent-bike-300x300.webp 300w, https:\/\/thesilentroute.com\/wp-content\/uploads\/2023\/04\/logo-silent-bike-1024x1024.webp 1024w, https:\/\/thesilentroute.com\/wp-content\/uploads\/2023\/04\/logo-silent-bike-150x150.webp 150w, https:\/\/thesilentroute.com\/wp-content\/uploads\/2023\/04\/logo-silent-bike-350x350.webp 350w, https:\/\/thesilentroute.com\/wp-content\/uploads\/2023\/04\/logo-silent-bike-600x600.webp 600w, https:\/\/thesilentroute.com\/wp-content\/uploads\/2023\/04\/logo-silent-bike-768x768.webp 768w, https:\/\/thesilentroute.com\/wp-content\/uploads\/2023\/04\/logo-silent-bike-50x50.webp 50w, https:\/\/thesilentroute.com\/wp-content\/uploads\/2023\/04\/logo-silent-bike-100x100.webp 100w, https:\/\/thesilentroute.com\/wp-content\/uploads\/2023\/04\/logo-silent-bike.webp 1182w\" sizes=\"auto, (max-width: 170px) 100vw, 170px\" \/><\/a><span class=\"HwtZe\" lang=\"en\"><span class=\"jCAhz ChMk0b\"><span class=\"ryNqvb\">Mobile mechanical workshop for technical and mechanical assistance at home and on the road for: motorcycles, speed circuit motorcycles, bicycles, E-bikes, small agricultural machinery, exercise bikes and spinning.<\/span><\/span> <span class=\"jCAhz ChMk0b\"><span class=\"ryNqvb\">They carry out maintenance, repair and on-site assistance.<\/span><\/span> <span class=\"jCAhz ChMk0b\"><span class=\"ryNqvb\">They also provide closed transport service for bicycles and motorcycles.<\/span><\/span> <span class=\"jCAhz ChMk0b\"><span class=\"ryNqvb\">They have closed trailer rental.<\/span><\/span><\/span><\/p>\n<p><span class=\"HwtZe\" lang=\"en\"><span class=\"jCAhz ChMk0b\"><span class=\"ryNqvb\">The service is provided from Andorra to the surrounding populations in the Andorra-Sierra de Arcos, Maestrazgo, Bajo Mart\u00edn and Bajo Arag\u00f3n regions.<\/span><\/span><\/span><\/p>\n<\/div><\/div><\/div><\/div><\/div><\/div><\/div><\/section><section class=\"l-section wpb_row us_custom_278d8c57 height_large\"><div class=\"l-section-h i-cf\"><div class=\"g-cols vc_row via_flex valign_top type_default stacking_default\"><div class=\"vc_col-sm-6 wpb_column vc_column_container\"><div class=\"vc_column-inner\"><div class=\"wpb_wrapper\"><div class=\"wpb_text_column\"><div class=\"wpb_wrapper\"><p><strong>Manuel Loscos Alloza<\/strong><br \/>\n<span class=\"HwtZe\" lang=\"en\"><span class=\"jCAhz ChMk0b C1N51c\"><span class=\"ryNqvb\">Technical service<\/span><\/span><\/span> 686210212<br \/>\n<b><span style=\"color: #5f6368;\"><a href=\"mailto:loscosmanuel@gmail.com\" target=\"_blank\" rel=\"noopener\">loscosmanuel@gmail.com<\/a><br \/>\n<strong><a href=\"http:\/\/www.silentbike.es\" target=\"_blank\" rel=\"noopener\">www.silentbike.es<\/a><\/strong><\/span><\/b><\/p>\n<p><strong>Mabel Alqu\u00e9zar Medina<\/strong><br \/>\n<span class=\"HwtZe\" lang=\"en\"><span class=\"jCAhz ChMk0b\"><span class=\"ryNqvb\">Administration and promotion<\/span><\/span><\/span><\/p>\n<\/div><\/div><\/div><\/div><\/div><div class=\"vc_col-sm-6 wpb_column vc_column_container\"><div class=\"vc_column-inner\"><div class=\"wpb_wrapper\"><div class=\"w-image align_none\"><div class=\"w-image-h\"><img decoding=\"async\" width=\"900\" height=\"405\" src=\"https:\/\/thesilentroute.com\/wp-content\/uploads\/2023\/04\/foto-silent-bike.webp\" class=\"attachment-full size-full\" alt=\"\" loading=\"lazy\" srcset=\"https:\/\/thesilentroute.com\/wp-content\/uploads\/2023\/04\/foto-silent-bike.webp 900w, https:\/\/thesilentroute.com\/wp-content\/uploads\/2023\/04\/foto-silent-bike-300x135.webp 300w, https:\/\/thesilentroute.com\/wp-content\/uploads\/2023\/04\/foto-silent-bike-600x270.webp 600w, https:\/\/thesilentroute.com\/wp-content\/uploads\/2023\/04\/foto-silent-bike-768x346.webp 768w\" sizes=\"auto, (max-width: 900px) 100vw, 900px\" \/><\/div><\/div><\/div><\/div><\/div><\/div><\/div><\/section>\n","protected":false},"excerpt":{"rendered":"Mobile mechanical workshop for technical and mechanical assistance at home and on the road for: motorcycles, speed circuit motorcycles, bicycles, E-bikes, small agricultural machinery, exercise bikes and spinning. They carry out maintenance, repair and on-site assistance. They also provide closed transport service for bicycles and motorcycles. They have closed trailer rental. The service is provided...","protected":false},"author":2,"featured_media":33407,"parent":28749,"menu_order":5,"comment_status":"closed","ping_status":"closed","template":"","meta":{"_monsterinsights_skip_tracking":false,"_monsterinsights_sitenote_active":false,"_monsterinsights_sitenote_note":"","_monsterinsights_sitenote_category":0,"footnotes":""},"class_list":["post-33422","page","type-page","status-publish","has-post-thumbnail","hentry"],"yoast_head":"<!-- This site is optimized with the Yoast SEO plugin v27.2 - https:\/\/yoast.com\/product\/yoast-seo-wordpress\/ -->\n<title>Mobile Workshop - Silent Route<\/title>\n<meta name=\"robots\" content=\"index, follow, max-snippet:-1, max-image-preview:large, max-video-preview:-1\" \/>\n<link rel=\"canonical\" href=\"https:\/\/thesilentroute.com\/en\/route-services\/mobile-workshop\/\" \/>\n<meta property=\"og:locale\" content=\"en_US\" \/>\n<meta property=\"og:type\" content=\"article\" \/>\n<meta property=\"og:title\" content=\"Mobile Workshop - Silent Route\" \/>\n<meta property=\"og:url\" content=\"https:\/\/thesilentroute.com\/en\/route-services\/mobile-workshop\/\" \/>\n<meta property=\"og:site_name\" content=\"Silent Route\" \/>\n<meta property=\"article:publisher\" content=\"https:\/\/www.facebook.com\/TheSilentRouteMaestrazgo\/\" \/>\n<meta property=\"article:modified_time\" content=\"2023-04-12T08:24:16+00:00\" \/>\n<meta property=\"og:image\" content=\"https:\/\/thesilentroute.com\/wp-content\/uploads\/2023\/04\/header-silent-bike.webp\" \/>\n\t<meta property=\"og:image:width\" content=\"1920\" \/>\n\t<meta property=\"og:image:height\" content=\"864\" \/>\n\t<meta property=\"og:image:type\" content=\"image\/webp\" \/>\n<meta name=\"twitter:card\" content=\"summary_large_image\" \/>\n<meta name=\"twitter:label1\" content=\"Est. reading time\" \/>\n\t<meta name=\"twitter:data1\" content=\"1 minute\" \/>\n<script type=\"application\/ld+json\" class=\"yoast-schema-graph\">{\"@context\":\"https:\/\/schema.org\",\"@graph\":[{\"@type\":\"WebPage\",\"@id\":\"https:\/\/thesilentroute.com\/en\/route-services\/mobile-workshop\/\",\"url\":\"https:\/\/thesilentroute.com\/en\/route-services\/mobile-workshop\/\",\"name\":\"Mobile Workshop - Silent Route\",\"isPartOf\":{\"@id\":\"https:\/\/thesilentroute.com\/en\/#website\"},\"primaryImageOfPage\":{\"@id\":\"https:\/\/thesilentroute.com\/en\/route-services\/mobile-workshop\/#primaryimage\"},\"image\":{\"@id\":\"https:\/\/thesilentroute.com\/en\/route-services\/mobile-workshop\/#primaryimage\"},\"thumbnailUrl\":\"https:\/\/thesilentroute.com\/wp-content\/uploads\/2023\/04\/header-silent-bike.webp\",\"datePublished\":\"2023-04-11T14:51:07+00:00\",\"dateModified\":\"2023-04-12T08:24:16+00:00\",\"breadcrumb\":{\"@id\":\"https:\/\/thesilentroute.com\/en\/route-services\/mobile-workshop\/#breadcrumb\"},\"inLanguage\":\"en-US\",\"potentialAction\":[{\"@type\":\"ReadAction\",\"target\":[\"https:\/\/thesilentroute.com\/en\/route-services\/mobile-workshop\/\"]}]},{\"@type\":\"ImageObject\",\"inLanguage\":\"en-US\",\"@id\":\"https:\/\/thesilentroute.com\/en\/route-services\/mobile-workshop\/#primaryimage\",\"url\":\"https:\/\/thesilentroute.com\/wp-content\/uploads\/2023\/04\/header-silent-bike.webp\",\"contentUrl\":\"https:\/\/thesilentroute.com\/wp-content\/uploads\/2023\/04\/header-silent-bike.webp\",\"width\":1920,\"height\":864},{\"@type\":\"BreadcrumbList\",\"@id\":\"https:\/\/thesilentroute.com\/en\/route-services\/mobile-workshop\/#breadcrumb\",\"itemListElement\":[{\"@type\":\"ListItem\",\"position\":1,\"name\":\"Portada\",\"item\":\"https:\/\/thesilentroute.com\/en\/\"},{\"@type\":\"ListItem\",\"position\":2,\"name\":\"Route services\",\"item\":\"https:\/\/thesilentroute.com\/en\/route-services\/\"},{\"@type\":\"ListItem\",\"position\":3,\"name\":\"Mobile Workshop\"}]},{\"@type\":\"WebSite\",\"@id\":\"https:\/\/thesilentroute.com\/en\/#website\",\"url\":\"https:\/\/thesilentroute.com\/en\/\",\"name\":\"Silent Route\",\"description\":\"Un viaje que te descubrir\u00e1  espacios inexplorados, experiencias&lt;br&gt;\u00fanicas, excepcionales, aut\u00e9nticas. Sensaciones inolvidables.\",\"publisher\":{\"@id\":\"https:\/\/thesilentroute.com\/en\/#organization\"},\"potentialAction\":[{\"@type\":\"SearchAction\",\"target\":{\"@type\":\"EntryPoint\",\"urlTemplate\":\"https:\/\/thesilentroute.com\/en\/?s={search_term_string}\"},\"query-input\":{\"@type\":\"PropertyValueSpecification\",\"valueRequired\":true,\"valueName\":\"search_term_string\"}}],\"inLanguage\":\"en-US\"},{\"@type\":\"Organization\",\"@id\":\"https:\/\/thesilentroute.com\/en\/#organization\",\"name\":\"The Silent Route\",\"url\":\"https:\/\/thesilentroute.com\/en\/\",\"logo\":{\"@type\":\"ImageObject\",\"inLanguage\":\"en-US\",\"@id\":\"https:\/\/thesilentroute.com\/en\/#\/schema\/logo\/image\/\",\"url\":\"https:\/\/thesilentroute.com\/wp-content\/uploads\/2018\/02\/silent-route.png\",\"contentUrl\":\"https:\/\/thesilentroute.com\/wp-content\/uploads\/2018\/02\/silent-route.png\",\"width\":800,\"height\":600,\"caption\":\"The Silent Route\"},\"image\":{\"@id\":\"https:\/\/thesilentroute.com\/en\/#\/schema\/logo\/image\/\"},\"sameAs\":[\"https:\/\/www.facebook.com\/TheSilentRouteMaestrazgo\/\",\"https:\/\/www.instagram.com\/thesilentroute\/\",\"https:\/\/www.youtube.com\/channel\/UCk_dF_cRDIv1sSqbrCpFFAw\"]}]}<\/script>\n<!-- \/ Yoast SEO plugin. -->","yoast_head_json":{"title":"Mobile Workshop - Silent Route","robots":{"index":"index","follow":"follow","max-snippet":"max-snippet:-1","max-image-preview":"max-image-preview:large","max-video-preview":"max-video-preview:-1"},"canonical":"https:\/\/thesilentroute.com\/en\/route-services\/mobile-workshop\/","og_locale":"en_US","og_type":"article","og_title":"Mobile Workshop - Silent Route","og_url":"https:\/\/thesilentroute.com\/en\/route-services\/mobile-workshop\/","og_site_name":"Silent Route","article_publisher":"https:\/\/www.facebook.com\/TheSilentRouteMaestrazgo\/","article_modified_time":"2023-04-12T08:24:16+00:00","og_image":[{"width":1920,"height":864,"url":"https:\/\/thesilentroute.com\/wp-content\/uploads\/2023\/04\/header-silent-bike.webp","type":"image\/webp"}],"twitter_card":"summary_large_image","twitter_misc":{"Est. reading time":"1 minute"},"schema":{"@context":"https:\/\/schema.org","@graph":[{"@type":"WebPage","@id":"https:\/\/thesilentroute.com\/en\/route-services\/mobile-workshop\/","url":"https:\/\/thesilentroute.com\/en\/route-services\/mobile-workshop\/","name":"Mobile Workshop - Silent Route","isPartOf":{"@id":"https:\/\/thesilentroute.com\/en\/#website"},"primaryImageOfPage":{"@id":"https:\/\/thesilentroute.com\/en\/route-services\/mobile-workshop\/#primaryimage"},"image":{"@id":"https:\/\/thesilentroute.com\/en\/route-services\/mobile-workshop\/#primaryimage"},"thumbnailUrl":"https:\/\/thesilentroute.com\/wp-content\/uploads\/2023\/04\/header-silent-bike.webp","datePublished":"2023-04-11T14:51:07+00:00","dateModified":"2023-04-12T08:24:16+00:00","breadcrumb":{"@id":"https:\/\/thesilentroute.com\/en\/route-services\/mobile-workshop\/#breadcrumb"},"inLanguage":"en-US","potentialAction":[{"@type":"ReadAction","target":["https:\/\/thesilentroute.com\/en\/route-services\/mobile-workshop\/"]}]},{"@type":"ImageObject","inLanguage":"en-US","@id":"https:\/\/thesilentroute.com\/en\/route-services\/mobile-workshop\/#primaryimage","url":"https:\/\/thesilentroute.com\/wp-content\/uploads\/2023\/04\/header-silent-bike.webp","contentUrl":"https:\/\/thesilentroute.com\/wp-content\/uploads\/2023\/04\/header-silent-bike.webp","width":1920,"height":864},{"@type":"BreadcrumbList","@id":"https:\/\/thesilentroute.com\/en\/route-services\/mobile-workshop\/#breadcrumb","itemListElement":[{"@type":"ListItem","position":1,"name":"Portada","item":"https:\/\/thesilentroute.com\/en\/"},{"@type":"ListItem","position":2,"name":"Route services","item":"https:\/\/thesilentroute.com\/en\/route-services\/"},{"@type":"ListItem","position":3,"name":"Mobile Workshop"}]},{"@type":"WebSite","@id":"https:\/\/thesilentroute.com\/en\/#website","url":"https:\/\/thesilentroute.com\/en\/","name":"Silent Route","description":"Un viaje que te descubrir\u00e1  espacios inexplorados, experiencias&lt;br&gt;\u00fanicas, excepcionales, aut\u00e9nticas. Sensaciones inolvidables.","publisher":{"@id":"https:\/\/thesilentroute.com\/en\/#organization"},"potentialAction":[{"@type":"SearchAction","target":{"@type":"EntryPoint","urlTemplate":"https:\/\/thesilentroute.com\/en\/?s={search_term_string}"},"query-input":{"@type":"PropertyValueSpecification","valueRequired":true,"valueName":"search_term_string"}}],"inLanguage":"en-US"},{"@type":"Organization","@id":"https:\/\/thesilentroute.com\/en\/#organization","name":"The Silent Route","url":"https:\/\/thesilentroute.com\/en\/","logo":{"@type":"ImageObject","inLanguage":"en-US","@id":"https:\/\/thesilentroute.com\/en\/#\/schema\/logo\/image\/","url":"https:\/\/thesilentroute.com\/wp-content\/uploads\/2018\/02\/silent-route.png","contentUrl":"https:\/\/thesilentroute.com\/wp-content\/uploads\/2018\/02\/silent-route.png","width":800,"height":600,"caption":"The Silent Route"},"image":{"@id":"https:\/\/thesilentroute.com\/en\/#\/schema\/logo\/image\/"},"sameAs":["https:\/\/www.facebook.com\/TheSilentRouteMaestrazgo\/","https:\/\/www.instagram.com\/thesilentroute\/","https:\/\/www.youtube.com\/channel\/UCk_dF_cRDIv1sSqbrCpFFAw"]}]}},"_links":{"self":[{"href":"https:\/\/thesilentroute.com\/en\/wp-json\/wp\/v2\/pages\/33422","targetHints":{"allow":["GET"]}}],"collection":[{"href":"https:\/\/thesilentroute.com\/en\/wp-json\/wp\/v2\/pages"}],"about":[{"href":"https:\/\/thesilentroute.com\/en\/wp-json\/wp\/v2\/types\/page"}],"author":[{"embeddable":true,"href":"https:\/\/thesilentroute.com\/en\/wp-json\/wp\/v2\/users\/2"}],"replies":[{"embeddable":true,"href":"https:\/\/thesilentroute.com\/en\/wp-json\/wp\/v2\/comments?post=33422"}],"version-history":[{"count":7,"href":"https:\/\/thesilentroute.com\/en\/wp-json\/wp\/v2\/pages\/33422\/revisions"}],"predecessor-version":[{"id":33431,"href":"https:\/\/thesilentroute.com\/en\/wp-json\/wp\/v2\/pages\/33422\/revisions\/33431"}],"up":[{"embeddable":true,"href":"https:\/\/thesilentroute.com\/en\/wp-json\/wp\/v2\/pages\/28749"}],"wp:featuredmedia":[{"embeddable":true,"href":"https:\/\/thesilentroute.com\/en\/wp-json\/wp\/v2\/media\/33407"}],"wp:attachment":[{"href":"https:\/\/thesilentroute.com\/en\/wp-json\/wp\/v2\/media?parent=33422"}],"curies":[{"name":"wp","href":"https:\/\/api.w.org\/{rel}","templated":true}]}}